{"id":177052,"date":"2022-07-03T16:50:48","date_gmt":"2022-07-03T14:50:48","guid":{"rendered":"https:\/\/europeancourt.org\/documente\/consiliul-europei\/cedo\/procura\/"},"modified":"2024-06-10T23:55:59","modified_gmt":"2024-06-10T21:55:59","slug":"procura","status":"publish","type":"page","link":"https:\/\/europeancourt.org\/ro\/documente\/consiliul-europei\/cedo\/procura\/","title":{"rendered":"Formular de procur\u0103 pentru Curtea European\u0103 a Drepturilor Omului"},"content":{"rendered":"<p>Formularul de pe aceast\u0103 pagin\u0103 va func\u021biona corect doar cu programul Adobe Reader 9 sau versiunile ulterioare \u0219i numai prin intermediul sistemelor de operare Windows \u0219i Mac OS X. Asigura\u021bi-v\u0103 c\u0103 Adobe Reader este instalat pe calculatorul dumneavoastr\u0103 (desc\u0103rcare <a href=\"https:\/\/get.adobe.com\/ro\/reader\/\" title=\"Adobe Reader\" target=\"_blank\" rel=\"noopener\">posibil\u0103 pe www.adobe.com<\/a>).<\/p>\n<ul>\n<li>Salva\u021bi formularul pe calculatorul dumneavoastr\u0103 \u00een fi\u0219ierul dorit.<\/li>\n<li>Deschide\u021bi din acest fi\u0219ier copia formularului salvat \u00een format Adobe Reader.<\/li>\n<li>Completa\u021bi formularul \u0219i salva\u021bi-l.<\/li>\n<li>Dup\u0103 ce a\u021bi completat formularul, imprima\u021bi-l, semna\u021bi-l \u0219i trimite\u021bi-l la Curte prin po.<\/li>\n<\/ul>\n<p style=\"text-align: center;\"><a title=\"Formular de procur\u0103 pentru Curtea European\u0103 a Drepturilor Omului\" href=\"https:\/\/europeancourt.org\/downloads\/ro\/Formular_de_procura_pentru_Curtea_Europeana_a_Drepturilor_Omului_RON_2021-1.PDF\" class=\"extlinkoff mybrightbutton red\" download=\"\">Descarca <i class=\"fas fa-download\"><\/i><\/a><\/p>\n<iframe class=\"wonderplugin-pdf-iframe\" src=\"https:\/\/europeancourt.org\/wp-content\/plugins\/wonderplugin-pdf-embed\/pdfjs\/web\/viewer.html?v=2&disabledownload=1&disableprint=1&disabledoc=1&disableopenfile=1&externallinktarget=2&file=https:\/\/europeancourt.org\/noindex\/AuthF_RON_2021-1.pdf\" title=\"Formular de procur\u0103 pentru Curtea European\u0103 a Drepturilor Omului\" width=\"100%\" height=\"900px\" style=\"border:0;\"><\/iframe>","protected":false},"excerpt":{"rendered":"Formularul de pe aceast\u0103 pagin\u0103 va func\u021biona corect doar cu programul Adobe Reader 9 sau versiunile ulterioare \u0219i numai prin intermediul sistemelor de operare Windows \u0219i Mac OS X. Asigura\u021bi-v\u0103 c\u0103 Adobe Reader este&#46;&#46;&#46;","protected":false},"author":1,"featured_media":191822,"parent":147391,"menu_order":0,"comment_status":"closed","ping_status":"closed","template":"","meta":{"footnotes":""},"categories":[],"tags":[],"class_list":["post-177052","page","type-page","status-publish","has-post-thumbnail","hentry"],"_links":{"self":[{"href":"https:\/\/europeancourt.org\/ro\/wp-json\/wp\/v2\/pages\/177052","targetHints":{"allow":["GET"]}}],"collection":[{"href":"https:\/\/europeancourt.org\/ro\/wp-json\/wp\/v2\/pages"}],"about":[{"href":"https:\/\/europeancourt.org\/ro\/wp-json\/wp\/v2\/types\/page"}],"author":[{"embeddable":true,"href":"https:\/\/europeancourt.org\/ro\/wp-json\/wp\/v2\/users\/1"}],"replies":[{"embeddable":true,"href":"https:\/\/europeancourt.org\/ro\/wp-json\/wp\/v2\/comments?post=177052"}],"version-history":[{"count":0,"href":"https:\/\/europeancourt.org\/ro\/wp-json\/wp\/v2\/pages\/177052\/revisions"}],"up":[{"embeddable":true,"href":"https:\/\/europeancourt.org\/ro\/wp-json\/wp\/v2\/pages\/147391"}],"wp:featuredmedia":[{"embeddable":true,"href":"https:\/\/europeancourt.org\/ro\/wp-json\/wp\/v2\/media\/191822"}],"wp:attachment":[{"href":"https:\/\/europeancourt.org\/ro\/wp-json\/wp\/v2\/media?parent=177052"}],"wp:term":[{"taxonomy":"category","embeddable":true,"href":"https:\/\/europeancourt.org\/ro\/wp-json\/wp\/v2\/categories?post=177052"},{"taxonomy":"post_tag","embeddable":true,"href":"https:\/\/europeancourt.org\/ro\/wp-json\/wp\/v2\/tags?post=177052"}],"curies":[{"name":"wp","href":"https:\/\/api.w.org\/{rel}","templated":true}]}}