{"id":222221,"date":"2024-01-08T15:08:29","date_gmt":"2024-01-08T14:08:29","guid":{"rendered":"https:\/\/europeancourt.org\/servicii\/cedo\/"},"modified":"2025-10-02T23:01:17","modified_gmt":"2025-10-02T23:01:17","slug":"cedo","status":"publish","type":"page","link":"https:\/\/europeancourt.org\/ro\/servicii\/cedo\/","title":{"rendered":"CEDO"},"content":{"rendered":"<ul>\r\n\t\t<li><a href=\"https:\/\/europeancourt.org\/en\/services\/echr\/preparing-applications\/\" title=\"Preg\u0103tirea cererilor la CEDO\">Preg\u0103tirea cererilor la CEDO<\/a><\/li>\r\n\r\n\t<li><a href=\"https:\/\/europeancourt.org\/en\/services\/echr\/checking-filled-in-applications\/\" title=\"Verificarea formularelor de cerere la CEDO completate\">Verificarea formularelor de cerere la CEDO completate<\/a><\/li>\r\n\r\n\t<li><a href=\"https:\/\/europeancourt.org\/en\/services\/echr\/representing-applicants\/\" title=\"Reprezentarea reclaman\u021bilor \u00een fa\u021ba CEDO\">Reprezentarea reclaman\u021bilor \u00een fa\u021ba CEDO<\/a><\/li>\r\n\r\n\t<li><a href=\"https:\/\/europeancourt.org\/en\/services\/echr\/translating-applications-into-english\/\" title=\"Traducerea \u00een limba englez\u0103 a cererilor la CEDO\">Traducerea \u00een limba englez\u0103 a cererilor la CEDO<\/a><\/li>\r\n\r\n\t<li><a href=\"https:\/\/europeancourt.org\/ro\/servicii\/cedo\/g%c4%83si%c8%9bi-num%c4%83rul-cererii-%c3%aenregistrarea-sau-hot%c4%83r%c3%a2rea\/\" title=\"G\u0103si\u021bi num\u0103rul cererii CEDO, \u00eenregistrarea sau hot\u0103r\u00e2rea\">G\u0103si\u021bi num\u0103rul cererii CEDO, \u00eenregistrarea sau hot\u0103r\u00e2rea<\/a><\/li>\r\n\r\n\t<li><a href=\"https:\/\/europeancourt.org\/en\/legal-advice-and-contacts\/\" title=\"Consultan\u021b\u0103 juridic\u0103 \u0219i contacte\">Consultan\u021b\u0103 juridic\u0103 \u0219i contacte<\/a><\/li>\r\n\r\n<\/ul>\r\n\r\n","protected":false},"excerpt":{"rendered":"Preg\u0103tirea cererilor la CEDO Verificarea formularelor de cerere la CEDO completate Reprezentarea reclaman\u021bilor \u00een fa\u021ba CEDO Traducerea \u00een limba englez\u0103 a cererilor la CEDO G\u0103si\u021bi num\u0103rul cererii CEDO, \u00eenregistrarea sau hot\u0103r\u00e2rea Consultan\u021b\u0103 juridic\u0103 \u0219i&#46;&#46;&#46;","protected":false},"author":1,"featured_media":222481,"parent":222190,"menu_order":0,"comment_status":"closed","ping_status":"closed","template":"","meta":{"footnotes":""},"categories":[],"tags":[],"class_list":["post-222221","page","type-page","status-publish","has-post-thumbnail","hentry"],"_links":{"self":[{"href":"https:\/\/europeancourt.org\/ro\/wp-json\/wp\/v2\/pages\/222221","targetHints":{"allow":["GET"]}}],"collection":[{"href":"https:\/\/europeancourt.org\/ro\/wp-json\/wp\/v2\/pages"}],"about":[{"href":"https:\/\/europeancourt.org\/ro\/wp-json\/wp\/v2\/types\/page"}],"author":[{"embeddable":true,"href":"https:\/\/europeancourt.org\/ro\/wp-json\/wp\/v2\/users\/1"}],"replies":[{"embeddable":true,"href":"https:\/\/europeancourt.org\/ro\/wp-json\/wp\/v2\/comments?post=222221"}],"version-history":[{"count":1,"href":"https:\/\/europeancourt.org\/ro\/wp-json\/wp\/v2\/pages\/222221\/revisions"}],"predecessor-version":[{"id":222299,"href":"https:\/\/europeancourt.org\/ro\/wp-json\/wp\/v2\/pages\/222221\/revisions\/222299"}],"up":[{"embeddable":true,"href":"https:\/\/europeancourt.org\/ro\/wp-json\/wp\/v2\/pages\/222190"}],"wp:featuredmedia":[{"embeddable":true,"href":"https:\/\/europeancourt.org\/ro\/wp-json\/wp\/v2\/media\/222481"}],"wp:attachment":[{"href":"https:\/\/europeancourt.org\/ro\/wp-json\/wp\/v2\/media?parent=222221"}],"wp:term":[{"taxonomy":"category","embeddable":true,"href":"https:\/\/europeancourt.org\/ro\/wp-json\/wp\/v2\/categories?post=222221"},{"taxonomy":"post_tag","embeddable":true,"href":"https:\/\/europeancourt.org\/ro\/wp-json\/wp\/v2\/tags?post=222221"}],"curies":[{"name":"wp","href":"https:\/\/api.w.org\/{rel}","templated":true}]}}