{"id":223434,"date":"2021-10-07T00:26:31","date_gmt":"2021-10-06T22:26:31","guid":{"rendered":"https:\/\/europeancourt.org\/?page_id=223434"},"modified":"2025-11-29T11:25:39","modified_gmt":"2025-11-29T10:25:39","slug":"g%c4%83si%c8%9bi-num%c4%83rul-cererii-%c3%aenregistrarea-sau-hot%c4%83r%c3%a2rea","status":"publish","type":"page","link":"https:\/\/europeancourt.org\/ro\/servicii\/cedo\/g%c4%83si%c8%9bi-num%c4%83rul-cererii-%c3%aenregistrarea-sau-hot%c4%83r%c3%a2rea\/","title":{"rendered":"G\u0103si\u021bi num\u0103rul cererii CEDO, \u00eenregistrarea sau hot\u0103r\u00e2rea"},"content":{"rendered":"<div class=\"mywpcf7cf myshow myhide\">\u0218ti\u021bi num\u0103rul cererii \u00een cauz\u0103?<\/div>\r\n<div class=\"mywpcf7cf myshow myhide\">\r\n  <span class=\"mymultyradiobutton blue\">\r\n    <span class=\"wpcf7-list-item wpcf7\">\r\n      <label><input type=\"radio\"><span class=\"wpcf7-list-item-label\">Da<\/span><\/label>\r\n    <\/span>\r\n  <\/span>\r\n  <span class=\"mymultyradiobutton blue\">\r\n    <span class=\"wpcf7-list-item wpcf7\">\r\n      <label><input type=\"radio\"><span class=\"wpcf7-list-item-label\">Nu<\/span><\/label>\r\n    <\/span>\r\n  <\/span>\r\n<\/div>\r\n<div class=\"mywpcf7cf-blueleft myshow myhide\">\r\n  <span class=\"mycustomsummary\">Ce este un num\u0103r de cerere?<\/span>\r\n  <span class=\"mycustomdetails\">\r\n    <span class=\"vlist\">\r\n      <span class=\"vitem\">Un num\u0103r de cerere este indicat \u00een orice scrisoare de la CEDO referitoare la o cerere care a fost \u00eenregistrat\u0103, imediat dup\u0103 cuvintele \u201eCererea nr.\u201d \u0219i \u00eenainte de titlul cererii (al cauzei). \u00cen coresponden\u021ba \u00een limba englez\u0103 se folose\u0219te \u201eApplication no.\u201d, iar \u00een limba francez\u0103 \u2013 \u201eRequ\u00eate n\u00b0\u201d.<\/span>\r\n      <span class=\"vitem\">Un num\u0103r de cerere are formatul: NUM\u0102R\/AN, de exemplu, 123\/14. Doar cifre \u0219i o bar\u0103 oblic\u0103 \u00eenclinat\u0103 spre dreapta: \u201e\/\u201d, f\u0103r\u0103 spa\u021bii.<\/span>\r\n      <span class=\"vitem\">Un num\u0103r de acela\u0219i format dintr-o scrisoare a CEDO privind neconformitatea formularului de cerere cu cerin\u021bele nu este num\u0103rul unei cereri. Acest num\u0103r poate deveni un num\u0103r de cerere numai dup\u0103 ce CEDO prime\u0219te un formular de cerere care \u00eendepline\u0219te cerin\u021bele \u0219i \u00eenregistreaz\u0103 cererea. \u00centr-o astfel de scrisoare nu se indic\u0103 titlul cererii (al cauzei), deoarece cererea nu este \u00eenregistrat\u0103, iar, de obicei, se indic\u0103 un cod ECHR-Axxx6, unde \u201exxx\u201d indic\u0103 limba scrisorii. Imediat sub acest cod se indic\u0103 uneori \u201eReferin\u021ba grefei\u201d.<\/span>\r\n    <\/span>\r\n  <\/span>\r\n<\/div>\r\n<div class=\"mywpcf7cf myshow myhide mywpcf7cf-utility\">\r\n  <div class=\"mybutton red not-in-text-button is-disabled\" aria-disabled=\"true\">\u00cencepe din nou<\/div>\r\n  <a class=\"mybutton red not-in-text-button\" href=\"mailto:oleg.anishchik@europeancourt.org?subject=G\u0103si\u021bi num\u0103rul cererii CEDO, \u00eenregistrarea sau hot\u0103r\u00e2rea: eroare&#038;body=Descrierea erorii: \">Raporteaz\u0103 o eroare<\/a>\r\n<\/div>\r\n<div id=\"ajax_content\"><\/div>","protected":false},"excerpt":{"rendered":"\u0218ti\u021bi num\u0103rul cererii \u00een cauz\u0103? Da Nu Ce este un num\u0103r de cerere? Un num\u0103r de cerere este indicat \u00een orice scrisoare de la CEDO referitoare la o cerere care a fost \u00eenregistrat\u0103, imediat&#46;&#46;&#46;","protected":false},"author":1,"featured_media":223435,"parent":222221,"menu_order":0,"comment_status":"closed","ping_status":"closed","template":"","meta":{"footnotes":""},"categories":[],"tags":[],"class_list":["post-223434","page","type-page","status-publish","has-post-thumbnail","hentry"],"_links":{"self":[{"href":"https:\/\/europeancourt.org\/ro\/wp-json\/wp\/v2\/pages\/223434","targetHints":{"allow":["GET"]}}],"collection":[{"href":"https:\/\/europeancourt.org\/ro\/wp-json\/wp\/v2\/pages"}],"about":[{"href":"https:\/\/europeancourt.org\/ro\/wp-json\/wp\/v2\/types\/page"}],"author":[{"embeddable":true,"href":"https:\/\/europeancourt.org\/ro\/wp-json\/wp\/v2\/users\/1"}],"replies":[{"embeddable":true,"href":"https:\/\/europeancourt.org\/ro\/wp-json\/wp\/v2\/comments?post=223434"}],"version-history":[{"count":1,"href":"https:\/\/europeancourt.org\/ro\/wp-json\/wp\/v2\/pages\/223434\/revisions"}],"predecessor-version":[{"id":223436,"href":"https:\/\/europeancourt.org\/ro\/wp-json\/wp\/v2\/pages\/223434\/revisions\/223436"}],"up":[{"embeddable":true,"href":"https:\/\/europeancourt.org\/ro\/wp-json\/wp\/v2\/pages\/222221"}],"wp:featuredmedia":[{"embeddable":true,"href":"https:\/\/europeancourt.org\/ro\/wp-json\/wp\/v2\/media\/223435"}],"wp:attachment":[{"href":"https:\/\/europeancourt.org\/ro\/wp-json\/wp\/v2\/media?parent=223434"}],"wp:term":[{"taxonomy":"category","embeddable":true,"href":"https:\/\/europeancourt.org\/ro\/wp-json\/wp\/v2\/categories?post=223434"},{"taxonomy":"post_tag","embeddable":true,"href":"https:\/\/europeancourt.org\/ro\/wp-json\/wp\/v2\/tags?post=223434"}],"curies":[{"name":"wp","href":"https:\/\/api.w.org\/{rel}","templated":true}]}}