{"id":225441,"date":"2026-04-26T14:47:47","date_gmt":"2026-04-26T12:47:47","guid":{"rendered":"https:\/\/europeancourt.org\/servicii\/cedo\/preg%c4%83tirea-cererilor-la-cedo\/"},"modified":"2026-04-26T17:27:05","modified_gmt":"2026-04-26T15:27:05","slug":"preg%c4%83tirea-cererilor-la-cedo","status":"publish","type":"page","link":"https:\/\/europeancourt.org\/ro\/servicii\/cedo\/preg%c4%83tirea-cererilor-la-cedo\/","title":{"rendered":"Preg\u0103tirea cererilor la CEDO"},"content":{"rendered":"<div id=\"ec-preparation-page\" class=\"ec-service-page ec-service-preparation\" data-service=\"preparation\">\n<div class=\"ec-service-screen ec-service-screen-1\">\n<div class=\"mywpcf7cf myshow myhide\">Costul preg\u0103tirii unei cereri c\u0103tre CEDO depinde de timpul necesar pentru aceast\u0103 munc\u0103. Diferen\u021ba poate fi foarte mare: de la c\u00e2teva sute de euro, c\u00e2nd totul se poate face \u00een dou\u0103-trei ore, p\u00e2n\u0103 la 10.000 de euro sau mai mult, c\u00e2nd sunt necesare zeci de ore. Acest timp este necesar pentru a studia documentele, a identifica faptele esen\u021biale, a selecta \u0219i analiza \u00eentreaga jurispruden\u021b\u0103 actual\u0103 a CEDO privind fondul \u0219i admisibilitatea pentru fiecare cap\u0103t de cerere poten\u021bial, a formula capetele de cerere pe aceast\u0103 baz\u0103, a motiva fiecare pretins\u0103 \u00eenc\u0103lcare, a ar\u0103ta c\u0103 sunt respectate condi\u021biile de admisibilitate pentru fiecare cap\u0103t de cerere, iar apoi a prezenta toate acestea \u00een formularul de cerere, pe scurt, clar \u0219i f\u0103r\u0103 contradic\u021bii.<\/div>\n<div class=\"mywpcf7cf myshow myhide\">Pot stabili timpul necesar \u00een cazul dumneavoastr\u0103 \u0219i, prin urmare, costul preg\u0103tirii cererii numai pe baza documentelor. Transmite\u021bi toate deciziile pe care le contesta\u021bi, precum \u0219i celelalte documente care reflect\u0103 m\u0103surile pe care le contesta\u021bi, toate sesiz\u0103rile, cererile \u0219i demersurile adresate autorit\u0103\u021bilor na\u021bionale, inclusiv instan\u021belor, \u00een care aceste capete de cerere au fost invocate \u00een substan\u021b\u0103, precum \u0219i toate deciziile pronun\u021bate \u00een urma acestor demersuri. Dac\u0103 ave\u021bi deja \u00een format electronic toate materialele dosarului, este preferabil s\u0103 le transmite\u021bi pe toate de la \u00eenceput. Nu v\u0103 face\u021bi griji dac\u0103 trimite\u021bi documente \u00een plus sau dac\u0103 omite\u021bi ceva: dac\u0103, dup\u0103 studierea materialelor trimise, voi avea nevoie de documente suplimentare, vi le voi cere.<\/div>\n<div class=\"mywpcf7cf myshow myhide\">De regul\u0103, r\u0103spund la solicitarea privind costul preg\u0103tirii cererii \u00een termen de o s\u0103pt\u0103m\u00e2n\u0103 de la primirea tuturor documentelor \u0219i informa\u021biilor necesare. Dac\u0103 termenul de sesizare a CEDO expir\u0103 \u00een urm\u0103toarele zile, scrie\u021bi-mi \u0219i \u00eentreba\u021bi-m\u0103 dac\u0103 pot examina solicitarea dumneavoastr\u0103 \u00een regim de urgen\u021b\u0103. Promit s\u0103 r\u0103spund la un asemenea mesaj \u00een termen de 24 de ore. Dac\u0103 confirm c\u0103 pot face acest lucru \u0219i \u00eemi transmite\u021bi imediat documentele \u0219i informa\u021biile necesare, promit s\u0103 v\u0103 comunic r\u0103spunsul meu la solicitare \u00een urm\u0103toarele 48 de ore.<\/div>\n<div class=\"mywpcf7cf myshow myhide\">Dac\u0103 ajung la concluzia c\u0103 exist\u0103 perspective rezonabile de sesizare a CEDO, v\u0103 voi comunica exact costul preg\u0103tirii cererii, \u021bin\u00e2nd seama de capetele de cerere care merit\u0103 formulate, \u0219i v\u0103 voi ar\u0103ta foarte pe scurt ce nu are sens s\u0103 include\u021bi \u00een cerere. \u00cen acela\u0219i timp, v\u0103 voi trimite contractul pentru preg\u0103tirea cererii. Plata serviciului se poate face prin transfer bancar \u00een contul meu din Elve\u021bia sau, \u00een func\u021bie de \u021bara din care se face plata, prin alte modalit\u0103\u021bi. Voi stabili termenul de preg\u0103tire a cererii astfel \u00eenc\u00e2t aceasta s\u0103 poat\u0103 fi trimis\u0103 la CEDO cu respectarea termenului de sesizare. La finalul lucr\u0103rii, ve\u021bi primi prin e-mail formularul de cerere completat, anexele preg\u0103tite pentru acesta \u0219i instruc\u021biuni despre cum s\u0103 le imprima\u021bi, s\u0103 le semna\u021bi \u0219i s\u0103 le trimite\u021bi corect la CEDO. Reprezentarea \u00een fa\u021ba CEDO \u0219i orice alt\u0103 activitate ulterioar\u0103 \u00een dosar nu sunt incluse \u00een costul preg\u0103tirii cererii. Dac\u0103 ajung la concluzia c\u0103 nu exist\u0103 perspective rezonabile de sesizare a CEDO, v\u0103 voi comunica doar acest lucru.<\/div>\n<div class=\"mywpcf7cf myshow myhide\">Acest serviciu nu este, \u00een mod evident, potrivit pentru dumneavoastr\u0103 dac\u0103 pute\u021bi confirma f\u0103r\u0103 ezitare oricare dintre afirma\u021biile de mai jos:<\/div>\n<ul class=\"myshow myhide ec-service-blocker-list\"><li><label><input type=\"checkbox\" class=\"ec-service-blocker\" \/><span>Am deja un formular de cerere completat \u0219i am nevoie doar s\u0103 fie verificat pentru gre\u0219eli.<\/span><\/label><\/li>\n<li><label><input type=\"checkbox\" class=\"ec-service-blocker\" \/><span>Nu sunt preg\u0103tit s\u0103 transmit toate documentele necesare din dosar.<\/span><\/label><\/li>\n<li><label><input type=\"checkbox\" class=\"ec-service-blocker\" \/><span>M\u0103 a\u0219tept s\u0103 primesc explica\u021bii detaliate pentru fiecare cap\u0103t de cerere al meu, chiar dac\u0103 pentru acesta nu se vor contura perspective rezonabile de sesizare a CEDO.<\/span><\/label><\/li>\n<li><label><input type=\"checkbox\" class=\"ec-service-blocker\" \/><span>M\u0103 a\u0219tept ca cererea s\u0103 fie preg\u0103tit\u0103 chiar dac\u0103 nu se vor contura perspective rezonabile de sesizare a CEDO.<\/span><\/label><\/li>\n<li><label><input type=\"checkbox\" class=\"ec-service-blocker\" \/><span>Av\u00e2nd \u00een vedere num\u0103rul capetelor mele de cerere \u0219i volumul documentelor pe care le am deja \u00een dosar, \u00eemi este evident c\u0103 preg\u0103tirea cererii va necesita mult mai mult timp dec\u00e2t sunt dispus s\u0103 pl\u0103tesc.<\/span><\/label><\/li>\n<li><label><input type=\"checkbox\" class=\"ec-service-blocker\" \/><span>Pot completa singur formularul de cerere \u00een conformitate cu toate cerin\u021bele CEDO, pot expune \u00een el toate faptele esen\u021biale, pretinsele \u00eenc\u0103lc\u0103ri \u0219i informa\u021biile privind respectarea condi\u021biilor de admisibilitate pentru fiecare pretins\u0103 \u00eenc\u0103lcare, \u00een deplin\u0103 concordan\u021b\u0103 cu materialele dosarului \u0219i cu jurispruden\u021ba actual\u0103 a CEDO aplicabil\u0103 cauzei mele.<\/span><\/label><\/li><\/ul>\n<div class=\"mywpcf7cf myshow myhide\"><button type=\"button\" class=\"mybutton blue\" id=\"load_ajax_form\" data-ec-service-load=\"preparation\" data-blocked-message=\"At\u00e2ta timp c\u00e2t este bifat\u0103 oricare dintre aceste afirma\u021bii, nu pute\u021bi trece mai departe. Dac\u0103 a\u021bi bifat-o din gre\u0219eal\u0103, debifa\u021bi-o.\">Trimite\u021bi documentele<\/button><\/div>\n<div class=\"mywpcf7cf myshow myhide\"><a class=\"mybutton blue not-in-text-button\" href=\"mailto:oleg.anishchik@europeancourt.org?subject=A\u0219 dori s\u0103 clarific condi\u021biile\">A\u0219 dori s\u0103 clarific condi\u021biile<\/a><\/div>\n<div id=\"ec-service-load-status\" class=\"ec-service-load-status\" aria-live=\"polite\"><\/div>\n<\/div>\n<div id=\"ajax_content\"><\/div>\n<\/div>\n<script>\n(function(){\n  if (window.ecServiceBlockerGuardReady) return;\n  window.ecServiceBlockerGuardReady = true;\n  document.addEventListener('click', function(event) {\n    var button = event.target && event.target.closest ? event.target.closest('[data-ec-service-load]') : null;\n    if (!button) return;\n    var root = button.closest('.ec-service-page');\n    if (!root || !root.querySelector('.ec-service-blocker:checked')) return;\n    event.preventDefault();\n    event.stopPropagation();\n    if (event.stopImmediatePropagation) event.stopImmediatePropagation();\n    var status = root.querySelector('.ec-service-load-status');\n    if (status) status.textContent = button.getAttribute('data-blocked-message') || '';\n  }, true);\n})();\n<\/script>","protected":false},"excerpt":{"rendered":"Costul preg\u0103tirii unei cereri c\u0103tre CEDO depinde de timpul necesar pentru aceast\u0103 munc\u0103. Diferen\u021ba poate fi foarte mare: de la c\u00e2teva sute de euro, c\u00e2nd totul se poate face \u00een dou\u0103-trei ore, p\u00e2n\u0103 la&#46;&#46;&#46;","protected":false},"author":0,"featured_media":0,"parent":222221,"menu_order":0,"comment_status":"closed","ping_status":"closed","template":"","meta":{"footnotes":""},"categories":[],"tags":[],"class_list":["post-225441","page","type-page","status-publish","hentry"],"_links":{"self":[{"href":"https:\/\/europeancourt.org\/ro\/wp-json\/wp\/v2\/pages\/225441","targetHints":{"allow":["GET"]}}],"collection":[{"href":"https:\/\/europeancourt.org\/ro\/wp-json\/wp\/v2\/pages"}],"about":[{"href":"https:\/\/europeancourt.org\/ro\/wp-json\/wp\/v2\/types\/page"}],"replies":[{"embeddable":true,"href":"https:\/\/europeancourt.org\/ro\/wp-json\/wp\/v2\/comments?post=225441"}],"version-history":[{"count":1,"href":"https:\/\/europeancourt.org\/ro\/wp-json\/wp\/v2\/pages\/225441\/revisions"}],"predecessor-version":[{"id":225639,"href":"https:\/\/europeancourt.org\/ro\/wp-json\/wp\/v2\/pages\/225441\/revisions\/225639"}],"up":[{"embeddable":true,"href":"https:\/\/europeancourt.org\/ro\/wp-json\/wp\/v2\/pages\/222221"}],"wp:attachment":[{"href":"https:\/\/europeancourt.org\/ro\/wp-json\/wp\/v2\/media?parent=225441"}],"wp:term":[{"taxonomy":"category","embeddable":true,"href":"https:\/\/europeancourt.org\/ro\/wp-json\/wp\/v2\/categories?post=225441"},{"taxonomy":"post_tag","embeddable":true,"href":"https:\/\/europeancourt.org\/ro\/wp-json\/wp\/v2\/tags?post=225441"}],"curies":[{"name":"wp","href":"https:\/\/api.w.org\/{rel}","templated":true}]}}