{"id":225447,"date":"2026-04-26T14:48:59","date_gmt":"2026-04-26T12:48:59","guid":{"rendered":"https:\/\/europeancourt.org\/consultan%c8%9b%c4%83-juridic%c4%83-%c8%99i-contacte\/"},"modified":"2026-05-01T03:32:44","modified_gmt":"2026-05-01T01:32:44","slug":"consultan%c8%9b%c4%83-juridic%c4%83-%c8%99i-contacte","status":"publish","type":"page","link":"https:\/\/europeancourt.org\/ro\/consultan%c8%9b%c4%83-juridic%c4%83-%c8%99i-contacte\/","title":{"rendered":"Consultan\u021b\u0103 juridic\u0103 \u0219i contacte"},"content":{"rendered":"<div id=\"ec-contact-shell\" class=\"ec-service-page ec-service-contacts\" data-service=\"contacts\">\n<div class=\"ec-service-screen-1\">\n<div class=\"wpcf7\">\n<div data-id=\"group-firstpage\">\n<div class=\"mywpcf7cf\">Am nevoie de:<\/div>\n\n<span class=\"wpcf7-form-control-wrap\" data-name=\"radio-firstpage1\"><span class=\"wpcf7-form-control wpcf7-acceptance optional\"><span class=\"wpcf7-list-item\"><label><input type=\"checkbox\" name=\"radio-firstpage1\" value=\"1\" aria-invalid=\"false\" \/><span class=\"ec-shell-choice-marker\" aria-hidden=\"true\"><\/span><span class=\"wpcf7-list-item-label\"><a title=\"Preg\u0103tirea cererilor la CEDO\" href=\"https:\/\/europeancourt.org\/ro\/servicii\/cedo\/preg%c4%83tirea-cererilor-la-cedo\/\">preg\u0103tirea unei cereri c\u0103tre CEDO<\/a><\/span><\/label><\/span><\/span><\/span>\n\n<span class=\"wpcf7-form-control-wrap\" data-name=\"radio-firstpage2\"><span class=\"wpcf7-form-control wpcf7-acceptance optional\"><span class=\"wpcf7-list-item\"><label><input type=\"checkbox\" name=\"radio-firstpage2\" value=\"1\" aria-invalid=\"false\" \/><span class=\"ec-shell-choice-marker\" aria-hidden=\"true\"><\/span><span class=\"wpcf7-list-item-label\"><a title=\"Verificarea formularelor de cerere la CEDO completate\" href=\"https:\/\/europeancourt.org\/ro\/servicii\/cedo\/verificarea-formularelor-de-cerere-la-cedo-completate\/\">verificarea formularului de cerere \u00eenainte de trimiterea lui la CEDO<\/a><\/span><\/label><\/span><\/span><\/span>\n\n<span class=\"wpcf7-form-control-wrap\" data-name=\"radio-firstpage3\"><span class=\"wpcf7-form-control wpcf7-acceptance optional\"><span class=\"wpcf7-list-item\"><label><input type=\"checkbox\" name=\"radio-firstpage3\" value=\"1\" aria-invalid=\"false\" \/><span class=\"ec-shell-choice-marker\" aria-hidden=\"true\"><\/span><span class=\"wpcf7-list-item-label\"><a title=\"Reprezentarea reclaman\u021bilor \u00een fa\u021ba CEDO\" href=\"https:\/\/europeancourt.org\/ro\/servicii\/cedo\/reprezentarea-reclaman%c8%9bilor-%c3%aen-fa%c8%9ba-cedo\/\">reprezentarea intereselor reclamantului \u00een fa\u021ba CEDO dup\u0103 comunicarea cererii<\/a><\/span><\/label><\/span><\/span><\/span>\n\n<span class=\"wpcf7-form-control-wrap\" data-name=\"radio-firstpage7\"><span class=\"wpcf7-form-control wpcf7-acceptance optional\"><span class=\"wpcf7-list-item\"><label><input type=\"checkbox\" name=\"radio-firstpage7\" value=\"1\" aria-invalid=\"false\" \/><span class=\"ec-shell-choice-marker\" aria-hidden=\"true\"><\/span><span class=\"wpcf7-list-item-label\"><a title=\"G\u0103si\u021bi num\u0103rul cererii CEDO, \u00eenregistrarea sau hot\u0103r\u00e2rea\" href=\"https:\/\/europeancourt.org\/ro\/servicii\/cedo\/g%c4%83si%c8%9bi-num%c4%83rul-cererii-%c3%aenregistrarea-sau-hot%c4%83r%c3%a2rea\/\">aflarea stadiului unei cereri la CEDO<\/a><\/span><\/label><\/span><\/span><\/span>\n\n<span class=\"wpcf7-form-control-wrap\" data-name=\"radio-firstpage8\"><span class=\"wpcf7-form-control wpcf7-acceptance optional\"><span class=\"wpcf7-list-item\"><label><input type=\"checkbox\" name=\"radio-firstpage8\" value=\"1\" aria-invalid=\"false\" \/><span class=\"ec-shell-choice-marker\" aria-hidden=\"true\"><\/span><span class=\"wpcf7-list-item-label\"><a title=\"Formular de cerere la Curtea European\u0103 a Drepturilor Omului\" href=\"https:\/\/europeancourt.org\/ro\/documente\/consiliul-europei\/cedo\/formular-de-cerere\/\">desc\u0103rcarea formularului de cerere c\u0103tre CEDO<\/a><\/span><\/label><\/span><\/span><\/span>\n\n<span class=\"wpcf7-form-control-wrap\" data-name=\"radio-firstpage22\"><span class=\"wpcf7-form-control wpcf7-acceptance optional\"><span class=\"wpcf7-list-item\"><label><input type=\"checkbox\" name=\"radio-firstpage22\" value=\"1\" aria-invalid=\"false\" \/><span class=\"ec-shell-choice-marker\" aria-hidden=\"true\"><\/span><span class=\"wpcf7-list-item-label\">s\u0103 solicit o consulta\u021bie<\/span><\/label><\/span><\/span><\/span>\n\n<span class=\"wpcf7-form-control-wrap\" data-name=\"radio-firstpage23\"><span class=\"wpcf7-form-control wpcf7-acceptance optional\"><span class=\"wpcf7-list-item\"><label><input type=\"checkbox\" name=\"radio-firstpage23\" value=\"1\" aria-invalid=\"false\" \/><span class=\"ec-shell-choice-marker\" aria-hidden=\"true\"><\/span><span class=\"wpcf7-list-item-label\">s\u0103 v\u0103d datele de contact<\/span><\/label><\/span><\/span><\/span>\n\n<\/div>\n<\/div>\n<\/div>\n<div class=\"ec-service-form-shell\"><div id=\"ajax_content\" data-loaded=\"0\"><\/div><\/div>\n<\/div>\n","protected":false},"excerpt":{"rendered":"Am nevoie de: preg\u0103tirea unei cereri c\u0103tre CEDO verificarea formularului de cerere \u00eenainte de trimiterea lui la CEDO reprezentarea intereselor reclamantului \u00een fa\u021ba CEDO dup\u0103 comunicarea cererii aflarea stadiului unei cereri la CEDO desc\u0103rcarea&#46;&#46;&#46;","protected":false},"author":0,"featured_media":0,"parent":0,"menu_order":0,"comment_status":"closed","ping_status":"closed","template":"","meta":{"footnotes":""},"categories":[],"tags":[],"class_list":["post-225447","page","type-page","status-publish","hentry"],"_links":{"self":[{"href":"https:\/\/europeancourt.org\/ro\/wp-json\/wp\/v2\/pages\/225447","targetHints":{"allow":["GET"]}}],"collection":[{"href":"https:\/\/europeancourt.org\/ro\/wp-json\/wp\/v2\/pages"}],"about":[{"href":"https:\/\/europeancourt.org\/ro\/wp-json\/wp\/v2\/types\/page"}],"replies":[{"embeddable":true,"href":"https:\/\/europeancourt.org\/ro\/wp-json\/wp\/v2\/comments?post=225447"}],"version-history":[{"count":3,"href":"https:\/\/europeancourt.org\/ro\/wp-json\/wp\/v2\/pages\/225447\/revisions"}],"predecessor-version":[{"id":226727,"href":"https:\/\/europeancourt.org\/ro\/wp-json\/wp\/v2\/pages\/225447\/revisions\/226727"}],"wp:attachment":[{"href":"https:\/\/europeancourt.org\/ro\/wp-json\/wp\/v2\/media?parent=225447"}],"wp:term":[{"taxonomy":"category","embeddable":true,"href":"https:\/\/europeancourt.org\/ro\/wp-json\/wp\/v2\/categories?post=225447"},{"taxonomy":"post_tag","embeddable":true,"href":"https:\/\/europeancourt.org\/ro\/wp-json\/wp\/v2\/tags?post=225447"}],"curies":[{"name":"wp","href":"https:\/\/api.w.org\/{rel}","templated":true}]}}