{"id":40778,"date":"2022-04-29T20:07:30","date_gmt":"2022-04-29T18:07:30","guid":{"rendered":"https:\/\/europeancourt.org\/conven%c5%a3ia-european%c4%83-a-drepturilor-omului\/"},"modified":"2025-10-05T12:00:15","modified_gmt":"2025-10-05T12:00:15","slug":"curtea-european%c4%83-a-drepturilor-omului","status":"publish","type":"page","link":"https:\/\/europeancourt.org\/ro\/","title":{"rendered":"Oleg Ani\u0219cik, reprezentant \u00een fa\u021ba CEDO, CDO ONU, Interpol-CCF"},"content":{"rendered":"<p>Curtea European\u0103 a Drepturilor Omului este un tribunal interna\u0163ional care are sediul la Strasbourg. Aceasta poate examina doar pl\u00e2ngerile introduse de c\u0103tre persoane fizice, organiza\u021bii \u0219i companii\/firme care se pretind victime ale unei \u00eenc\u0103lc\u0103ri a drepturilor prev\u0103zute de Conven\u0163ia pentru ap\u0103rarea Drepturilor Omului \u015fi a Libert\u0103\u0163ilor fundamentale.<\/p> \n<p><a title=\"Conven\u0163ia pentru ap\u0103rarea Drepturilor Omului \u015fi a Libert\u0103\u0163ilor fundamentale\" href=\"https:\/\/europeancourt.org\/ro\/documente\/consiliul-europei\/conven%c5%a3ia-european%c4%83-a-drepturilor-omului\/\">Conven\u0163ia pentru ap\u0103rarea Drepturilor Omului \u015fi a Libert\u0103\u0163ilor fundamentale<\/a> este un tratat interna\u021bional prin care un num\u0103r mare de state europene s-a angajat s\u0103 protejeze anumite drepturi fundamentale. Aceste drepturi sunt enun\u021bate \u00een textul Conven\u021biei \u0219i al Protocoalelor sale nr. <a title=\"Protocolul adi\u0163ional la Conven\u0163ia pentru ap\u0103rarea Drepturilor Omului \u015fi a Libert\u0103\u0163ilor fundamentale\" href=\"https:\/\/europeancourt.org\/ro\/documente\/consiliul-europei\/conven%c5%a3ia-european%c4%83-a-drepturilor-omului\/protocolul-nr1\/\">1<\/a>, <a title=\"Protocolul nr. 4 la Conven\u0163ia pentru ap\u0103rarea Drepturilor Omului \u015fi a Libert\u0103\u0163ilor fundamentale\" href=\"https:\/\/europeancourt.org\/ro\/documente\/consiliul-europei\/conven%c5%a3ia-european%c4%83-a-drepturilor-omului\/protocolul-nr4\/\">4<\/a>, <a title=\"Protocolul nr. 6 la Conven\u0163ia pentru ap\u0103rarea Drepturilor Omului \u015fi a Libert\u0103\u0163ilor fundamentale\" href=\"https:\/\/europeancourt.org\/ro\/documente\/consiliul-europei\/conven%c5%a3ia-european%c4%83-a-drepturilor-omului\/protocolul-nr6\/\">6<\/a>, <a title=\"Protocolul nr. 7 la Conven\u0163ia pentru ap\u0103rarea Drepturilor Omului \u015fi a Libert\u0103\u0163ilor fundamentale\" href=\"https:\/\/europeancourt.org\/ro\/documente\/consiliul-europei\/conven%c5%a3ia-european%c4%83-a-drepturilor-omului\/protocolul-nr7\/\">7<\/a>, <a title=\"Protocolul nr. 12 la Conven\u0163ia pentru ap\u0103rarea Drepturilor Omului \u015fi a Libert\u0103\u0163ilor fundamentale\" href=\"https:\/\/europeancourt.org\/ro\/documente\/consiliul-europei\/conven%c5%a3ia-european%c4%83-a-drepturilor-omului\/protocolul-nr12\/\">12<\/a> \u0219i <a title=\"Protocolul nr. 13 la Conven\u0163ia pentru ap\u0103rarea Drepturilor Omului \u015fi a Libert\u0103\u0163ilor fundamentale\" href=\"https:\/\/europeancourt.org\/ro\/documente\/consiliul-europei\/conven%c5%a3ia-european%c4%83-a-drepturilor-omului\/protocolul-nr13\/\">13<\/a>, acestea din urm\u0103 nefiind acceptate dec\u00e2t de anumite state.<\/p>\n<p>Curtea aplic\u0103 prevederile Conven\u0163iei Europene a Drepturilor Omului. Verificarea respect\u0103rii de c\u0103tre state a drepturilor \u015fi garan\u0163iilor prev\u0103zute de Conven\u0163ie reprezint\u0103 misiunea Cur\u0163ii. In acest sens, aceasta trebuie sesizat\u0103 printr-o pl\u00e2ngere (denumit\u0103 \u201ecerere\u201d) introdus\u0103 de persoane sau, uneori, de state. \u00cen cazul \u00een care Curtea constat\u0103 o \u00eenc\u0103lcare a unuia sau a mai multor drepturi \u015fi garan\u0163ii de c\u0103tre un stat membru, aceasta emite o hot\u0103r\u00e2re. Hot\u0103r\u00e2rea este obligatorie, \u0163ara \u00een cauz\u0103 fiind obligat\u0103 s\u0103 o execute.<\/p>\n<p>Nu sunte\u0163i obligat s\u0103 ave\u0163i cet\u0103\u0163enia <a title=\"Statelor membre ale Consiliului Europei\" href=\"https:\/\/europeancourt.org\/ro\/documente\/consiliul-europei\/conven%c5%a3ia-european%c4%83-a-drepturilor-omului\/#ratificarea\">unuia dintre statele membre<\/a>. Trebuie \u00eens\u0103 ca \u00eenc\u0103lcarea drepturilor dumneavoastr\u0103 s\u0103 fi fost comis\u0103 de unul dintre aceste state, \u00een jurisdic\u0163ia sa care, \u00een general, corespunde teritoriului s\u0103u. Ac\u0163iunea sau ac\u0163iunile contestate trebuie s\u0103 fie \u00eentreprins\u0103(e) de o autoritate public\u0103 a acelui\/acelor stat(e) (tribunal, administra\u0163ie public\u0103\u2026). Curtea nu se poate ocupa de pl\u00e2ngerile \u00eempotriva particularilor sau a institu\u0163iilor private, de exemplu societ\u0103\u0163ile comerciale.  Trebuie s\u0103 fi\u0163i direct \u015fi personal victima \u00eenc\u0103lc\u0103rii pe care o denun\u0163a\u0163i. Nu pute\u0163i s\u0103 v\u0103 pl\u00e2nge\u0163i \u00eentr-o manier\u0103 general\u0103 de o lege sau un act pentru c\u0103, de exemplu, acestea vi se par injuste; nu pute\u0163i, de asemenea, s\u0103 v\u0103 pl\u00e2nge\u0163i \u00een numele altor persoane (cu excep\u0163ia cazului \u00een care aceste persoane sunt clar identificate \u015fi sunte\u0163i reprezentantul lor oficial).   Nu v\u0103 pute\u0163i pl\u00e2nge dec\u00e2t de \u00eenc\u0103lcarea Conven\u0163iei Europene a Drepturilor Omului \u015fi nu de \u201eDeclara\u0163ia universal\u0103 a drepturilor omului\u201d sau de \u201eCarta drepturilor fundamentale\u201d etc.<\/p>\n<p>Trebuie s\u0103 fi epuizat \u00een statul \u00een cauz\u0103 toate c\u0103ile de recurs la care pute\u0163i face apel pentru a remedia situa\u0163ia de care v\u0103 pl\u00e2nge\u0163i (cel mai des este vorba de un proces la tribunalul competent, urmat, dac\u0103 e cazul, de un apel \u015fi chiar de un recurs \u00een fa\u0163a unei instan\u0163e superioare, cum ar fi curtea suprem\u0103, \u00een cazul \u00een care aceasta exist\u0103). Simpla exercitare a c\u0103ilor de atac prev\u0103zute la nivel na\u0163ional nu este suficient\u0103: trebuie, de asemenea, ca pe parcursul exercit\u0103rii acestora s\u0103 fi prezentat \u00een fapt, \u00een fa\u0163a instan\u0163elor na\u0163ionale, \u00eenc\u0103lc\u0103rile drepturilor din Conven\u0163ie pe care considera\u0163i c\u0103 le-a\u0163i suferit. De la data deciziei definitive \u00een statul \u00een cauz\u0103 (\u00een general judecata instan\u0163ei supreme) nu dispune\u0163i dec\u00e2t de 4 luni pentru ca pl\u00e2ngerea dumneavoastr\u0103 s\u0103 poat\u0103 fi introdus\u0103 la Curte.    <a title=\"Formular de cerere la Curtea European\u0103 a Drepturilor Omului\" href=\"https:\/\/europeancourt.org\/ro\/documente\/consiliul-europei\/cedo\/formular-de-cerere\/\">Formularul de cerere<\/a> \u00eenso\u021bit de toate informa\u021biile \u0219i copiile documentelor necesare trebuie trimise Cur\u021bii cel mai t\u00e2rziu \u00een ultima zi a termenului de patru luni. <a title=\"Verificarea cererilor \u2013 Curtea European\u0103 a Drepturilor Omului\" href=\"https:\/\/europeancourt.org\/en\/services\/echr\/checking-filled-in-applications\/\">Verific\u0103<\/a> dac\u0103 acesta con\u021bine toate informa\u021biile \u0219i documentele necesare.<\/p>\n<p>Curtea nu poate examina orice fel de pl\u00e2ngere. Competen\u021bele sale sunt stabilite prin condi\u021biile de admisibilitate prev\u0103zute \u00een Conven\u021bie, condi\u021bii care precizeaz\u0103 cine se poate adresa Cur\u021bii, c\u00e2nd \u0219i \u00een leg\u0103tur\u0103 cu ce. Mai mult de 90 % dintre cererile examinate de c\u0103tre Curte sunt declarate inadmisibile. Prin urmare, verifica\u021bi dac\u0103 pl\u00e2ngerea dumneavoastr\u0103 r\u0103spunde condi\u021biilor de admisibilitate. Pentru a afla mai multe despre aceste condi\u021bii, pute\u021bi <a title=\"Consultarea unui avocat \u2013 Curtea European\u0103 a Drepturilor Omului\" href=\"https:\/\/europeancourt.org\/en\/legal-advice-and-contacts\/\">consulta un avocat<\/a>.<\/p>\n<p>Cererea \/pl\u00e2ngerea dumneavoastr\u0103 va fi examinat\u0103 gratuit. Ve\u0163i suporta numai propriile cheltuieli (onorariul avocatului, costurile legate de procurarea actelor necesare, coresponden\u0163a&#8230;). Curtea nu v\u0103 va ajuta s\u0103 pl\u0103ti\u0163i un <a title=\"Preg\u0103tirea cererilor la Curtea European\u0103 a Drepturilor Omului\" href=\"https:\/\/europeancourt.org\/en\/services\/echr\/preparing-applications\/\">avocat pentru a v\u0103 redacta cererea<\/a>. De\u015fi nu trebuie s\u0103 fi\u0163i reprezentat de c\u0103tre un avocat la \u00eenceputul procedurii, o asemenea <a title=\"Reprezentare legal\u0103 \u2013 Curtea European\u0103 a Drepturilor Omului\" href=\"https:\/\/europeancourt.org\/en\/services\/echr\/representing-applicants\/\">reprezentare devine obligatorie dup\u0103 comunicarea cererii dumneavoastr\u0103 Guvernului<\/a>.<\/p>\n<p>\u00cen situa\u0163ia \u00een care Curtea decide c\u0103 a\u0163i fost victima unei \u00eenc\u0103lc\u0103ri, v\u0103 poate acorda \u201eo satisfac\u0163ie echitabil\u0103\u201d, care const\u0103 \u00eentr-o sum\u0103 de bani drept compensa\u0163ie pentru anumite daune suferite. Curtea poate cere, de asemenea, ca statul \u00een cauz\u0103 s\u0103 v\u0103 returneze cheltuielile de judecat\u0103 avute pentru restabilirea drepturilor dumneavoastr\u0103.<\/p>","protected":false},"excerpt":{"rendered":"Curtea European\u0103 a Drepturilor Omului este un tribunal interna\u0163ional care are sediul la Strasbourg. Aceasta poate examina doar pl\u00e2ngerile introduse de c\u0103tre persoane fizice, organiza\u021bii \u0219i companii\/firme care se pretind victime ale unei \u00eenc\u0103lc\u0103ri&#46;&#46;&#46;","protected":false},"author":1,"featured_media":208893,"parent":0,"menu_order":0,"comment_status":"closed","ping_status":"closed","template":"","meta":{"footnotes":""},"categories":[],"tags":[],"class_list":["post-40778","page","type-page","status-publish","has-post-thumbnail","hentry"],"_links":{"self":[{"href":"https:\/\/europeancourt.org\/ro\/wp-json\/wp\/v2\/pages\/40778","targetHints":{"allow":["GET"]}}],"collection":[{"href":"https:\/\/europeancourt.org\/ro\/wp-json\/wp\/v2\/pages"}],"about":[{"href":"https:\/\/europeancourt.org\/ro\/wp-json\/wp\/v2\/types\/page"}],"author":[{"embeddable":true,"href":"https:\/\/europeancourt.org\/ro\/wp-json\/wp\/v2\/users\/1"}],"replies":[{"embeddable":true,"href":"https:\/\/europeancourt.org\/ro\/wp-json\/wp\/v2\/comments?post=40778"}],"version-history":[{"count":0,"href":"https:\/\/europeancourt.org\/ro\/wp-json\/wp\/v2\/pages\/40778\/revisions"}],"wp:featuredmedia":[{"embeddable":true,"href":"https:\/\/europeancourt.org\/ro\/wp-json\/wp\/v2\/media\/208893"}],"wp:attachment":[{"href":"https:\/\/europeancourt.org\/ro\/wp-json\/wp\/v2\/media?parent=40778"}],"wp:term":[{"taxonomy":"category","embeddable":true,"href":"https:\/\/europeancourt.org\/ro\/wp-json\/wp\/v2\/categories?post=40778"},{"taxonomy":"post_tag","embeddable":true,"href":"https:\/\/europeancourt.org\/ro\/wp-json\/wp\/v2\/tags?post=40778"}],"curies":[{"name":"wp","href":"https:\/\/api.w.org\/{rel}","templated":true}]}}