{"id":147399,"date":"2022-06-23T10:51:39","date_gmt":"2022-06-23T08:51:39","guid":{"rendered":"https:\/\/europeancourt.org\/dokumenty\/rada-eur%c3%b3py\/es%c4%bep\/"},"modified":"2024-06-25T16:21:46","modified_gmt":"2024-06-25T14:21:46","slug":"es%c4%bep","status":"publish","type":"page","link":"https:\/\/europeancourt.org\/sk\/dokumenty\/rada-eur%c3%b3py\/es%c4%bep\/","title":{"rendered":"ES\u013dP"},"content":{"rendered":"<ul> \n<li><a href=\"https:\/\/europeancourt.org\/sk\/dokumenty\/rada-eur%c3%b3py\/es%c4%bep\/pravidl%c3%a1-pravidlo-47\/\" title=\"Pravidlo 47 Pravidiel Eur\u00f3pskeho s\u00fadu pre \u013eudsk\u00e9 pr\u00e1va\">Pravidl\u00e1 S\u00fadu \u2013 Pravidlo 47<\/a><\/li>\n<li><a href=\"https:\/\/europeancourt.org\/en\/documents\/council-of-europe\/echr\/practice-directions-institution-of-proceedings\/\" title=\"Za\u010datie konania \u2013 Praktick\u00e9 pokyny\">Za\u010datie konania \u2013 Praktick\u00e9 pokyny<\/a><\/li>\n<li><a href=\"https:\/\/europeancourt.org\/sk\/dokumenty\/rada-eur%c3%b3py\/es%c4%bep\/formul%c3%a1r-s%c5%a5a%c5%benosti\/\" title=\"Formul\u00e1r s\u0165a\u017enosti na Eur\u00f3psky s\u00fad pre \u013eudsk\u00e1 pr\u00e1va\">Formul\u00e1r s\u0165a\u017enosti<\/a><\/li>\n<ul>\n<li><a href=\"https:\/\/europeancourt.org\/sk\/dokumenty\/rada-eur%c3%b3py\/es%c4%bep\/formul%c3%a1r-s%c5%a5a%c5%benosti\/pozn%c3%a1mky-k-vyplneniu\/\" title=\"Pozn\u00e1mky k vyplneniu formul\u00e1ra s\u0165a\u017enosti\">Pozn\u00e1mky k vyplneniu formul\u00e1ra s\u0165a\u017enosti<\/a><\/li>\n<\/ul>\n<li><a href=\"https:\/\/europeancourt.org\/sk\/dokumenty\/rada-eur%c3%b3py\/es%c4%bep\/formul%c3%a1r-plnomocenstva\/\" title=\"Formul\u00e1r plnomocenstva pre Eur\u00f3psky s\u00fad pre \u013eudsk\u00e9 pr\u00e1va\">Formul\u00e1r plnomocenstva<\/a><\/li>\n<li><a href=\"https:\/\/europeancourt.org\/downloads\/sk\/Tabulka_obsahujuca_identifikacne_udaje_kazdeho_stazovatela_na_ESLP_SLK.XLSX\" title=\"Tabu\u013eka obsahuj\u00faca identifika\u010dn\u00e9 \u00fadaje ka\u017ed\u00e9ho s\u0165a\u017eovate\u013ea na Eur\u00f3psky s\u00fad pre \u013eudsk\u00e9 pr\u00e1va\">Tabu\u013eka skupinov\u00fdch s\u0165a\u017enost\u00ed a viacer\u00fdch s\u0165a\u017eovate\u013eov<\/a><\/li>\n<\/ul>","protected":false},"excerpt":{"rendered":"Pravidl\u00e1 S\u00fadu \u2013 Pravidlo 47 Za\u010datie konania \u2013 Praktick\u00e9 pokyny Formul\u00e1r s\u0165a\u017enosti Pozn\u00e1mky k vyplneniu formul\u00e1ra s\u0165a\u017enosti Formul\u00e1r plnomocenstva Tabu\u013eka skupinov\u00fdch s\u0165a\u017enost\u00ed a viacer\u00fdch s\u0165a\u017eovate\u013eov","protected":false},"author":1,"featured_media":192037,"parent":116115,"menu_order":0,"comment_status":"closed","ping_status":"closed","template":"","meta":{"footnotes":""},"categories":[],"tags":[],"class_list":["post-147399","page","type-page","status-publish","has-post-thumbnail","hentry"],"_links":{"self":[{"href":"https:\/\/europeancourt.org\/sk\/wp-json\/wp\/v2\/pages\/147399","targetHints":{"allow":["GET"]}}],"collection":[{"href":"https:\/\/europeancourt.org\/sk\/wp-json\/wp\/v2\/pages"}],"about":[{"href":"https:\/\/europeancourt.org\/sk\/wp-json\/wp\/v2\/types\/page"}],"author":[{"embeddable":true,"href":"https:\/\/europeancourt.org\/sk\/wp-json\/wp\/v2\/users\/1"}],"replies":[{"embeddable":true,"href":"https:\/\/europeancourt.org\/sk\/wp-json\/wp\/v2\/comments?post=147399"}],"version-history":[{"count":0,"href":"https:\/\/europeancourt.org\/sk\/wp-json\/wp\/v2\/pages\/147399\/revisions"}],"up":[{"embeddable":true,"href":"https:\/\/europeancourt.org\/sk\/wp-json\/wp\/v2\/pages\/116115"}],"wp:featuredmedia":[{"embeddable":true,"href":"https:\/\/europeancourt.org\/sk\/wp-json\/wp\/v2\/media\/192037"}],"wp:attachment":[{"href":"https:\/\/europeancourt.org\/sk\/wp-json\/wp\/v2\/media?parent=147399"}],"wp:term":[{"taxonomy":"category","embeddable":true,"href":"https:\/\/europeancourt.org\/sk\/wp-json\/wp\/v2\/categories?post=147399"},{"taxonomy":"post_tag","embeddable":true,"href":"https:\/\/europeancourt.org\/sk\/wp-json\/wp\/v2\/tags?post=147399"}],"curies":[{"name":"wp","href":"https:\/\/api.w.org\/{rel}","templated":true}]}}