{"id":176243,"date":"2022-06-28T15:55:16","date_gmt":"2022-06-28T13:55:16","guid":{"rendered":"https:\/\/europeancourt.org\/dokumenty\/rada-eur%c3%b3py\/es%c4%bep\/formul%c3%a1r-s%c5%a5a%c5%benosti\/"},"modified":"2026-04-29T14:00:58","modified_gmt":"2026-04-29T12:00:58","slug":"formul%c3%a1r-s%c5%a5a%c5%benosti","status":"publish","type":"page","link":"https:\/\/europeancourt.org\/sk\/dokumenty\/rada-eur%c3%b3py\/es%c4%bep\/formul%c3%a1r-s%c5%a5a%c5%benosti\/","title":{"rendered":"Formul\u00e1r s\u0165a\u017enosti na Eur\u00f3psky s\u00fad pre \u013eudsk\u00e1 pr\u00e1va"},"content":{"rendered":"<p>Formul\u00e1r bude spr\u00e1vne fungova\u0165 iba s programom Adobe Reader 9 alebo jeho nasleduj\u00facimi verziami a iba s opera\u010dn\u00fdmi syst\u00e9mami Windows a Mac OS X. Pros\u00edm uistite sa, \u010di m\u00e1te Adobe Reader v po\u010d\u00edta\u010di nain\u0161talovan\u00fd (k dispoz\u00edcii na stiahnutie <a href=\"https:\/\/get.adobe.com\/sk\/reader\/\" title=\"Adobe Reader\" target=\"_blank\" rel=\"noopener\">na adrese www.adobe.com<\/a>).<\/p>\n<ul>\n<li>Ulo\u017ete formul\u00e1r lok\u00e1lne vo va\u0161om po\u010d\u00edta\u010di.<\/li>\n<li>K\u00f3piu formul\u00e1ra, ktor\u00fa ste si ulo\u017eili, otvorte v programe Adobe Reader.<\/li>\n<li>Vypl\u0148te formul\u00e1r a ulo\u017ete ho.<\/li>\n<li>Ke\u010f vypln\u00edte formul\u00e1r, vytla\u010dte ho a po\u0161lite ho S\u00fadu po\u0161tou.<\/li>\n<\/ul>\n<p>Tento formul\u00e1r v\u00e1m pom\u00f4\u017ee vyhn\u00fa\u0165 sa jednej z typick\u00fdch ch\u00fdb, pre ktor\u00e9 ES\u013dP s\u0165a\u017enos\u0165 neprijme. <a title=\"Overovanie vyplnen\u00fdch formul\u00e1rov s\u0165a\u017enost\u00ed na ES\u013dP\" href=\"https:\/\/europeancourt.org\/sk\/slu%c5%beby\/es%c4%bep\/overovanie-vyplnen%c3%bdch-formul%c3%a1rov-s%c5%a5a%c5%benost%c3%ad-na-es%c4%bep\/\" target=\"_blank\" rel=\"noopener\">M\u00f4\u017eete ma po\u017eiada\u0165, aby som formul\u00e1r pred odoslan\u00edm na ES\u013dP skontroloval aj na ostatn\u00e9 chyby.<\/a><\/p>\n<p style=\"text-align:center\"><a title=\"Formul\u00e1r s\u0165a\u017enosti na Eur\u00f3psky s\u00fad pre \u013eudsk\u00e1 pr\u00e1va\" href=\"https:\/\/europeancourt.org\/downloads\/sk\/Formular_staznosti_na_Europsky_sud_pre_ludska_prava_SLK_2022-2.PDF\" class=\"extlinkoff mybrightbutton red\" download=\"\">Stiahnu\u0165 <i class=\"fas fa-download\"><\/i><\/a><\/p>\n<iframe class=\"wonderplugin-pdf-iframe\" src=\"https:\/\/europeancourt.org\/wp-content\/plugins\/wonderplugin-pdf-embed\/pdfjs\/web\/viewer.html?v=2&disabledownload=1&disableprint=1&disabledoc=1&disableopenfile=1&externallinktarget=2&file=https:\/\/europeancourt.org\/noindex\/AppF_SLK_2022-2.pdf\" title=\"Formul\u00e1r s\u0165a\u017enosti na Eur\u00f3psky s\u00fad pre \u013eudsk\u00e1 pr\u00e1va\" width=\"100%\" height=\"900px\" style=\"border:0\"><\/iframe>\n","protected":false},"excerpt":{"rendered":"Formul\u00e1r bude spr\u00e1vne fungova\u0165 iba s programom Adobe Reader 9 alebo jeho nasleduj\u00facimi verziami a iba s opera\u010dn\u00fdmi syst\u00e9mami Windows a Mac OS X. Pros\u00edm uistite sa, \u010di m\u00e1te Adobe Reader v po\u010d\u00edta\u010di nain\u0161talovan\u00fd&#46;&#46;&#46;","protected":false},"author":1,"featured_media":191937,"parent":147399,"menu_order":0,"comment_status":"closed","ping_status":"closed","template":"","meta":{"footnotes":""},"categories":[],"tags":[],"class_list":["post-176243","page","type-page","status-publish","has-post-thumbnail","hentry"],"_links":{"self":[{"href":"https:\/\/europeancourt.org\/sk\/wp-json\/wp\/v2\/pages\/176243","targetHints":{"allow":["GET"]}}],"collection":[{"href":"https:\/\/europeancourt.org\/sk\/wp-json\/wp\/v2\/pages"}],"about":[{"href":"https:\/\/europeancourt.org\/sk\/wp-json\/wp\/v2\/types\/page"}],"author":[{"embeddable":true,"href":"https:\/\/europeancourt.org\/sk\/wp-json\/wp\/v2\/users\/1"}],"replies":[{"embeddable":true,"href":"https:\/\/europeancourt.org\/sk\/wp-json\/wp\/v2\/comments?post=176243"}],"version-history":[{"count":2,"href":"https:\/\/europeancourt.org\/sk\/wp-json\/wp\/v2\/pages\/176243\/revisions"}],"predecessor-version":[{"id":226421,"href":"https:\/\/europeancourt.org\/sk\/wp-json\/wp\/v2\/pages\/176243\/revisions\/226421"}],"up":[{"embeddable":true,"href":"https:\/\/europeancourt.org\/sk\/wp-json\/wp\/v2\/pages\/147399"}],"wp:featuredmedia":[{"embeddable":true,"href":"https:\/\/europeancourt.org\/sk\/wp-json\/wp\/v2\/media\/191937"}],"wp:attachment":[{"href":"https:\/\/europeancourt.org\/sk\/wp-json\/wp\/v2\/media?parent=176243"}],"wp:term":[{"taxonomy":"category","embeddable":true,"href":"https:\/\/europeancourt.org\/sk\/wp-json\/wp\/v2\/categories?post=176243"},{"taxonomy":"post_tag","embeddable":true,"href":"https:\/\/europeancourt.org\/sk\/wp-json\/wp\/v2\/tags?post=176243"}],"curies":[{"name":"wp","href":"https:\/\/api.w.org\/{rel}","templated":true}]}}