{"id":177053,"date":"2022-07-03T16:50:48","date_gmt":"2022-07-03T14:50:48","guid":{"rendered":"https:\/\/europeancourt.org\/dokumenty\/rada-eur%c3%b3py\/es%c4%bep\/formul%c3%a1r-plnomocenstva\/"},"modified":"2024-06-10T23:55:28","modified_gmt":"2024-06-10T21:55:28","slug":"formul%c3%a1r-plnomocenstva","status":"publish","type":"page","link":"https:\/\/europeancourt.org\/sk\/dokumenty\/rada-eur%c3%b3py\/es%c4%bep\/formul%c3%a1r-plnomocenstva\/","title":{"rendered":"Formul\u00e1r plnomocenstva pre Eur\u00f3psky s\u00fad pre \u013eudsk\u00e9 pr\u00e1va"},"content":{"rendered":"<p>Formul\u00e1r bude spr\u00e1vne fungova\u0165 iba s programom Adobe Reader 9 alebo jeho nasleduj\u00facimi verziami a iba s opera\u010dn\u00fdmi syst\u00e9mami Windows a Mac OS X. Pros\u00edm uistite sa, \u010di m\u00e1te Adobe Reader v po\u010d\u00edta\u010di nain\u0161talovan\u00fd (k dispoz\u00edcii na stiahnutie <a href=\"https:\/\/get.adobe.com\/sk\/reader\/\" title=\"Adobe Reader\" target=\"_blank\" rel=\"noopener\">na adrese www.adobe.com<\/a>).<\/p>\n<ul>\n<li>Ulo\u017ete formul\u00e1r lok\u00e1lne vo va\u0161om po\u010d\u00edta\u010di.<\/li>\n<li>K\u00f3piu formul\u00e1ra, ktor\u00fa ste si ulo\u017eili, otvorte v programe Adobe Reader.<\/li>\n<li>Vypl\u0148te formul\u00e1r a ulo\u017ete ho.<\/li>\n<li>Ke\u010f vypln\u00edte formul\u00e1r, vytla\u010dte ho a po\u0161lite ho S\u00fadu po\u0161tou.<\/li>\n<\/ul>\n<p style=\"text-align: center;\"><a title=\"Formul\u00e1r plnomocenstva pre Eur\u00f3psky s\u00fad pre \u013eudsk\u00e9 pr\u00e1va\" href=\"https:\/\/europeancourt.org\/downloads\/sk\/Formular_plnomocenstva_pre_Europsky_sud_pre_ludske_prava_SLK_2021-1.PDF\" class=\"extlinkoff mybrightbutton red\" download=\"\">Stiahnu\u0165 <i class=\"fas fa-download\"><\/i><\/a><\/p>\n<iframe class=\"wonderplugin-pdf-iframe\" src=\"https:\/\/europeancourt.org\/wp-content\/plugins\/wonderplugin-pdf-embed\/pdfjs\/web\/viewer.html?v=2&disabledownload=1&disableprint=1&disabledoc=1&disableopenfile=1&externallinktarget=2&file=https:\/\/europeancourt.org\/noindex\/AuthF_SLK_2021-1.pdf\" title=\"Formul\u00e1r plnomocenstva pre Eur\u00f3psky s\u00fad pre \u013eudsk\u00e9 pr\u00e1va\" width=\"100%\" height=\"900px\" style=\"border:0;\"><\/iframe>","protected":false},"excerpt":{"rendered":"Formul\u00e1r bude spr\u00e1vne fungova\u0165 iba s programom Adobe Reader 9 alebo jeho nasleduj\u00facimi verziami a iba s opera\u010dn\u00fdmi syst\u00e9mami Windows a Mac OS X. Pros\u00edm uistite sa, \u010di m\u00e1te Adobe Reader v po\u010d\u00edta\u010di nain\u0161talovan\u00fd&#46;&#46;&#46;","protected":false},"author":1,"featured_media":191824,"parent":147399,"menu_order":0,"comment_status":"closed","ping_status":"closed","template":"","meta":{"footnotes":""},"categories":[],"tags":[],"class_list":["post-177053","page","type-page","status-publish","has-post-thumbnail","hentry"],"_links":{"self":[{"href":"https:\/\/europeancourt.org\/sk\/wp-json\/wp\/v2\/pages\/177053","targetHints":{"allow":["GET"]}}],"collection":[{"href":"https:\/\/europeancourt.org\/sk\/wp-json\/wp\/v2\/pages"}],"about":[{"href":"https:\/\/europeancourt.org\/sk\/wp-json\/wp\/v2\/types\/page"}],"author":[{"embeddable":true,"href":"https:\/\/europeancourt.org\/sk\/wp-json\/wp\/v2\/users\/1"}],"replies":[{"embeddable":true,"href":"https:\/\/europeancourt.org\/sk\/wp-json\/wp\/v2\/comments?post=177053"}],"version-history":[{"count":0,"href":"https:\/\/europeancourt.org\/sk\/wp-json\/wp\/v2\/pages\/177053\/revisions"}],"up":[{"embeddable":true,"href":"https:\/\/europeancourt.org\/sk\/wp-json\/wp\/v2\/pages\/147399"}],"wp:featuredmedia":[{"embeddable":true,"href":"https:\/\/europeancourt.org\/sk\/wp-json\/wp\/v2\/media\/191824"}],"wp:attachment":[{"href":"https:\/\/europeancourt.org\/sk\/wp-json\/wp\/v2\/media?parent=177053"}],"wp:term":[{"taxonomy":"category","embeddable":true,"href":"https:\/\/europeancourt.org\/sk\/wp-json\/wp\/v2\/categories?post=177053"},{"taxonomy":"post_tag","embeddable":true,"href":"https:\/\/europeancourt.org\/sk\/wp-json\/wp\/v2\/tags?post=177053"}],"curies":[{"name":"wp","href":"https:\/\/api.w.org\/{rel}","templated":true}]}}