{"id":222186,"date":"2024-01-08T15:08:10","date_gmt":"2024-01-08T14:08:10","guid":{"rendered":"https:\/\/europeancourt.org\/slu%c5%beby\/"},"modified":"2026-04-30T13:41:31","modified_gmt":"2026-04-30T11:41:31","slug":"slu%c5%beby","status":"publish","type":"page","link":"https:\/\/europeancourt.org\/sk\/slu%c5%beby\/","title":{"rendered":"Slu\u017eby"},"content":{"rendered":"<ul>\r\n\t<li><a href=\"https:\/\/europeancourt.org\/sk\/slu%c5%beby\/es%c4%bep\/\" title=\"ES\u013dP\">ES\u013dP<\/a><\/li>\r\n<ul>\r\n\t\t<li><a href=\"https:\/\/europeancourt.org\/sk\/slu%c5%beby\/es%c4%bep\/pr%c3%adprava-s%c5%a5a%c5%benost%c3%ad-na-es%c4%bep\/\" title=\"Pr\u00edprava s\u0165a\u017enost\u00ed na ES\u013dP\">Pr\u00edprava s\u0165a\u017enost\u00ed na ES\u013dP<\/a><\/li>\r\n\r\n\t<li><a href=\"https:\/\/europeancourt.org\/sk\/slu%c5%beby\/es%c4%bep\/overovanie-vyplnen%c3%bdch-formul%c3%a1rov-s%c5%a5a%c5%benost%c3%ad-na-es%c4%bep\/\" title=\"Overovanie vyplnen\u00fdch formul\u00e1rov s\u0165a\u017enost\u00ed na ES\u013dP\">Overovanie vyplnen\u00fdch formul\u00e1rov s\u0165a\u017enost\u00ed na ES\u013dP<\/a><\/li>\r\n\r\n\t<li><a href=\"https:\/\/europeancourt.org\/sk\/slu%c5%beby\/es%c4%bep\/zastupovanie-s%c5%a5a%c5%beovate%c4%beov-pred-es%c4%bep\/\" title=\"Zastupovanie s\u0165a\u017eovate\u013eov pred ES\u013dP\">Zastupovanie s\u0165a\u017eovate\u013eov pred ES\u013dP<\/a><\/li>\n<li><a href=\"https:\/\/europeancourt.org\/sk\/slu%c5%beby\/es%c4%bep\/n%c3%a1js%c5%a5-%c4%8d%c3%adslo-s%c5%a5a%c5%benosti-registr%c3%a1ciu-alebo-rozhodnutie\/\" title=\"N\u00e1js\u0165 \u010d\u00edslo s\u0165a\u017enosti ES\u013dP, registr\u00e1ciu alebo rozhodnutie\">N\u00e1js\u0165 \u010d\u00edslo s\u0165a\u017enosti ES\u013dP, registr\u00e1ciu alebo rozhodnutie<\/a><\/li>\r\n\r\n\t<li><a href=\"https:\/\/europeancourt.org\/sk\/pr%c3%a1vne-poradenstvo-a-kontakty\/\" title=\"Pr\u00e1vne poradenstvo a kontakty\">Pr\u00e1vne poradenstvo a kontakty<\/a><\/li>\r\n<\/ul>\r\n<\/ul>\r\n","protected":false},"excerpt":{"rendered":"ES\u013dP Pr\u00edprava s\u0165a\u017enost\u00ed na ES\u013dP Overovanie vyplnen\u00fdch formul\u00e1rov s\u0165a\u017enost\u00ed na ES\u013dP Zastupovanie s\u0165a\u017eovate\u013eov pred ES\u013dP N\u00e1js\u0165 \u010d\u00edslo s\u0165a\u017enosti ES\u013dP, registr\u00e1ciu alebo rozhodnutie Pr\u00e1vne poradenstvo a kontakty","protected":false},"author":1,"featured_media":222385,"parent":0,"menu_order":0,"comment_status":"closed","ping_status":"closed","template":"","meta":{"footnotes":""},"categories":[],"tags":[],"class_list":["post-222186","page","type-page","status-publish","has-post-thumbnail","hentry"],"_links":{"self":[{"href":"https:\/\/europeancourt.org\/sk\/wp-json\/wp\/v2\/pages\/222186","targetHints":{"allow":["GET"]}}],"collection":[{"href":"https:\/\/europeancourt.org\/sk\/wp-json\/wp\/v2\/pages"}],"about":[{"href":"https:\/\/europeancourt.org\/sk\/wp-json\/wp\/v2\/types\/page"}],"author":[{"embeddable":true,"href":"https:\/\/europeancourt.org\/sk\/wp-json\/wp\/v2\/users\/1"}],"replies":[{"embeddable":true,"href":"https:\/\/europeancourt.org\/sk\/wp-json\/wp\/v2\/comments?post=222186"}],"version-history":[{"count":6,"href":"https:\/\/europeancourt.org\/sk\/wp-json\/wp\/v2\/pages\/222186\/revisions"}],"predecessor-version":[{"id":226651,"href":"https:\/\/europeancourt.org\/sk\/wp-json\/wp\/v2\/pages\/222186\/revisions\/226651"}],"wp:featuredmedia":[{"embeddable":true,"href":"https:\/\/europeancourt.org\/sk\/wp-json\/wp\/v2\/media\/222385"}],"wp:attachment":[{"href":"https:\/\/europeancourt.org\/sk\/wp-json\/wp\/v2\/media?parent=222186"}],"wp:term":[{"taxonomy":"category","embeddable":true,"href":"https:\/\/europeancourt.org\/sk\/wp-json\/wp\/v2\/categories?post=222186"},{"taxonomy":"post_tag","embeddable":true,"href":"https:\/\/europeancourt.org\/sk\/wp-json\/wp\/v2\/tags?post=222186"}],"curies":[{"name":"wp","href":"https:\/\/api.w.org\/{rel}","templated":true}]}}