{"id":222223,"date":"2024-01-08T15:08:29","date_gmt":"2024-01-08T14:08:29","guid":{"rendered":"https:\/\/europeancourt.org\/slu%c5%beby\/es%c4%bep\/"},"modified":"2025-10-02T23:01:20","modified_gmt":"2025-10-02T23:01:20","slug":"es%c4%bep","status":"publish","type":"page","link":"https:\/\/europeancourt.org\/sk\/slu%c5%beby\/es%c4%bep\/","title":{"rendered":"ES\u013dP"},"content":{"rendered":"<ul>\r\n\t\t<li><a href=\"https:\/\/europeancourt.org\/en\/services\/echr\/preparing-applications\/\" title=\"Pr\u00edprava s\u0165a\u017enost\u00ed na ES\u013dP\">Pr\u00edprava s\u0165a\u017enost\u00ed na ES\u013dP<\/a><\/li>\r\n\r\n\t<li><a href=\"https:\/\/europeancourt.org\/en\/services\/echr\/checking-filled-in-applications\/\" title=\"Overovanie vyplnen\u00fdch formul\u00e1rov s\u0165a\u017enost\u00ed na ES\u013dP\">Overovanie vyplnen\u00fdch formul\u00e1rov s\u0165a\u017enost\u00ed na ES\u013dP<\/a><\/li>\r\n\r\n\t<li><a href=\"https:\/\/europeancourt.org\/en\/services\/echr\/representing-applicants\/\" title=\"Zastupovanie s\u0165a\u017eovate\u013eov pred ES\u013dP\">Zastupovanie s\u0165a\u017eovate\u013eov pred ES\u013dP<\/a><\/li>\r\n\r\n\t<li><a href=\"https:\/\/europeancourt.org\/en\/services\/echr\/translating-applications-into-english\/\" title=\"Prekladanie s\u0165a\u017enosti na ES\u013dP do angli\u010dtiny\">Prekladanie s\u0165a\u017enosti na ES\u013dP do angli\u010dtiny<\/a><\/li>\r\n\r\n\t<li><a href=\"https:\/\/europeancourt.org\/sk\/slu%c5%bebyy\/es%c4%8dp\/n%c3%a1js%c5%a5-%c4%8d%c3%adslo-s%c5%a5a%c5%benosti-registr%c3%a1ciu-alebo-rozhodnutie\/\" title=\"N\u00e1js\u0165 \u010d\u00edslo s\u0165a\u017enosti ES\u013dP, registr\u00e1ciu alebo rozhodnutie\">N\u00e1js\u0165 \u010d\u00edslo s\u0165a\u017enosti ES\u013dP, registr\u00e1ciu alebo rozhodnutie<\/a><\/li>\r\n\r\n\t<li><a href=\"https:\/\/europeancourt.org\/en\/legal-advice-and-contacts\/\" title=\"Pr\u00e1vne poradenstvo a kontakty\">Pr\u00e1vne poradenstvo a kontakty<\/a><\/li>\r\n\r\n<\/ul>\r\n\r\n","protected":false},"excerpt":{"rendered":"Pr\u00edprava s\u0165a\u017enost\u00ed na ES\u013dP Overovanie vyplnen\u00fdch formul\u00e1rov s\u0165a\u017enost\u00ed na ES\u013dP Zastupovanie s\u0165a\u017eovate\u013eov pred ES\u013dP Prekladanie s\u0165a\u017enosti na ES\u013dP do angli\u010dtiny N\u00e1js\u0165 \u010d\u00edslo s\u0165a\u017enosti ES\u013dP, registr\u00e1ciu alebo rozhodnutie Pr\u00e1vne poradenstvo a kontakty","protected":false},"author":1,"featured_media":222484,"parent":222186,"menu_order":0,"comment_status":"closed","ping_status":"closed","template":"","meta":{"footnotes":""},"categories":[],"tags":[],"class_list":["post-222223","page","type-page","status-publish","has-post-thumbnail","hentry"],"_links":{"self":[{"href":"https:\/\/europeancourt.org\/sk\/wp-json\/wp\/v2\/pages\/222223","targetHints":{"allow":["GET"]}}],"collection":[{"href":"https:\/\/europeancourt.org\/sk\/wp-json\/wp\/v2\/pages"}],"about":[{"href":"https:\/\/europeancourt.org\/sk\/wp-json\/wp\/v2\/types\/page"}],"author":[{"embeddable":true,"href":"https:\/\/europeancourt.org\/sk\/wp-json\/wp\/v2\/users\/1"}],"replies":[{"embeddable":true,"href":"https:\/\/europeancourt.org\/sk\/wp-json\/wp\/v2\/comments?post=222223"}],"version-history":[{"count":2,"href":"https:\/\/europeancourt.org\/sk\/wp-json\/wp\/v2\/pages\/222223\/revisions"}],"predecessor-version":[{"id":222301,"href":"https:\/\/europeancourt.org\/sk\/wp-json\/wp\/v2\/pages\/222223\/revisions\/222301"}],"up":[{"embeddable":true,"href":"https:\/\/europeancourt.org\/sk\/wp-json\/wp\/v2\/pages\/222186"}],"wp:featuredmedia":[{"embeddable":true,"href":"https:\/\/europeancourt.org\/sk\/wp-json\/wp\/v2\/media\/222484"}],"wp:attachment":[{"href":"https:\/\/europeancourt.org\/sk\/wp-json\/wp\/v2\/media?parent=222223"}],"wp:term":[{"taxonomy":"category","embeddable":true,"href":"https:\/\/europeancourt.org\/sk\/wp-json\/wp\/v2\/categories?post=222223"},{"taxonomy":"post_tag","embeddable":true,"href":"https:\/\/europeancourt.org\/sk\/wp-json\/wp\/v2\/tags?post=222223"}],"curies":[{"name":"wp","href":"https:\/\/api.w.org\/{rel}","templated":true}]}}