{"id":223440,"date":"2021-10-07T00:26:31","date_gmt":"2021-10-06T22:26:31","guid":{"rendered":"https:\/\/europeancourt.org\/?page_id=223440"},"modified":"2025-11-29T11:27:37","modified_gmt":"2025-11-29T10:27:37","slug":"n%c3%a1js%c5%a5-%c4%8d%c3%adslo-s%c5%a5a%c5%benosti-registr%c3%a1ciu-alebo-rozhodnutie","status":"publish","type":"page","link":"https:\/\/europeancourt.org\/sk\/slu%c5%beby\/es%c4%bep\/n%c3%a1js%c5%a5-%c4%8d%c3%adslo-s%c5%a5a%c5%benosti-registr%c3%a1ciu-alebo-rozhodnutie\/","title":{"rendered":"N\u00e1js\u0165 \u010d\u00edslo s\u0165a\u017enosti ES\u013dP, registr\u00e1ciu alebo rozhodnutie"},"content":{"rendered":"<div class=\"mywpcf7cf myshow myhide\">Pozn\u00e1te \u010d\u00edslo s\u0165a\u017enosti, ktor\u00e1 v\u00e1s zauj\u00edma?<\/div>\r\n<div class=\"mywpcf7cf myshow myhide\">\r\n  <span class=\"mymultyradiobutton blue\">\r\n    <span class=\"wpcf7-list-item wpcf7\">\r\n      <label><input type=\"radio\"><span class=\"wpcf7-list-item-label\">\u00c1no<\/span><\/label>\r\n    <\/span>\r\n  <\/span>\r\n  <span class=\"mymultyradiobutton blue\">\r\n    <span class=\"wpcf7-list-item wpcf7\">\r\n      <label><input type=\"radio\"><span class=\"wpcf7-list-item-label\">Nie<\/span><\/label>\r\n    <\/span>\r\n  <\/span>\r\n<\/div>\r\n<div class=\"mywpcf7cf-blueleft myshow myhide\">\r\n  <span class=\"mycustomsummary\">\u010co je \u010d\u00edslo s\u0165a\u017enosti?<\/span>\r\n  <span class=\"mycustomdetails\">\r\n    <span class=\"vlist\">\r\n      <span class=\"vitem\">\u010c\u00edslo s\u0165a\u017enosti je uveden\u00e9 v ka\u017edom liste od ES\u013dP o s\u0165a\u017enosti, ktor\u00e1 bola zaregistrovan\u00e1, hne\u010f za slovami \u201eS\u0165a\u017enos\u0165 \u010d.\u201c a pred n\u00e1zvom s\u0165a\u017enosti (veci). V kore\u0161pondencii v angli\u010dtine sa uv\u00e1dza \u201eApplication no.\u201c, vo franc\u00faz\u0161tine \u201eRequ\u00eate n\u00b0\u201c.<\/span>\r\n      <span class=\"vitem\">Form\u00e1t \u010d\u00edsla s\u0165a\u017enosti: \u010c\u00cdSLO\/ROK, napr\u00edklad 123\/14. Len \u010d\u00edslice a \u0161ikm\u00e1 lomka naklonen\u00e1 doprava \u201e\/\u201c, bez medzier.<\/span>\r\n      <span class=\"vitem\">\u010c\u00edslo v tom istom form\u00e1te v liste ES\u013dP o nes\u00falade formul\u00e1ra s\u0165a\u017enosti s po\u017eiadavkami nie je \u010d\u00edslom s\u0165a\u017enosti. Toto \u010d\u00edslo sa m\u00f4\u017ee sta\u0165 \u010d\u00edslom s\u0165a\u017enosti a\u017e po tom, \u010do ES\u013dP dostane nov\u00fd formul\u00e1r s\u0165a\u017enosti, ktor\u00fd sp\u013a\u0148a po\u017eiadavky, a s\u0165a\u017enos\u0165 zaregistruje. V takom liste sa n\u00e1zov s\u0165a\u017enosti (veci) neuv\u00e1dza, preto\u017ee s\u0165a\u017enos\u0165 nie je zaregistrovan\u00e1, a zvy\u010dajne sa uv\u00e1dza k\u00f3d ECHR-Axxx6, kde \u201exxx\u201c ozna\u010duje jazyk listu.<\/span>\r\n    <\/span>\r\n  <\/span>\r\n<\/div>\r\n<div class=\"mywpcf7cf myshow myhide mywpcf7cf-utility\">\r\n  <div class=\"mybutton red not-in-text-button is-disabled\" aria-disabled=\"true\">Za\u010da\u0165 odznova<\/div>\r\n  <a class=\"mybutton red not-in-text-button\" href=\"mailto:oleg.anishchik@europeancourt.org?subject=N\u00e1js\u0165 \u010d\u00edslo s\u0165a\u017enosti ES\u013dP, registr\u00e1ciu alebo rozhodnutie: chyba&#038;body=Popis chyby: \">Nahl\u00e1si\u0165 chybu<\/a>\r\n<\/div>\r\n<div id=\"ajax_content\"><\/div>","protected":false},"excerpt":{"rendered":"Pozn\u00e1te \u010d\u00edslo s\u0165a\u017enosti, ktor\u00e1 v\u00e1s zauj\u00edma? \u00c1no Nie \u010co je \u010d\u00edslo s\u0165a\u017enosti? \u010c\u00edslo s\u0165a\u017enosti je uveden\u00e9 v ka\u017edom liste od ES\u013dP o s\u0165a\u017enosti, ktor\u00e1 bola zaregistrovan\u00e1, hne\u010f za slovami \u201eS\u0165a\u017enos\u0165 \u010d.\u201c a pred n\u00e1zvom&#46;&#46;&#46;","protected":false},"author":1,"featured_media":223441,"parent":222223,"menu_order":0,"comment_status":"closed","ping_status":"closed","template":"","meta":{"footnotes":""},"categories":[],"tags":[],"class_list":["post-223440","page","type-page","status-publish","has-post-thumbnail","hentry"],"_links":{"self":[{"href":"https:\/\/europeancourt.org\/sk\/wp-json\/wp\/v2\/pages\/223440","targetHints":{"allow":["GET"]}}],"collection":[{"href":"https:\/\/europeancourt.org\/sk\/wp-json\/wp\/v2\/pages"}],"about":[{"href":"https:\/\/europeancourt.org\/sk\/wp-json\/wp\/v2\/types\/page"}],"author":[{"embeddable":true,"href":"https:\/\/europeancourt.org\/sk\/wp-json\/wp\/v2\/users\/1"}],"replies":[{"embeddable":true,"href":"https:\/\/europeancourt.org\/sk\/wp-json\/wp\/v2\/comments?post=223440"}],"version-history":[{"count":1,"href":"https:\/\/europeancourt.org\/sk\/wp-json\/wp\/v2\/pages\/223440\/revisions"}],"predecessor-version":[{"id":223442,"href":"https:\/\/europeancourt.org\/sk\/wp-json\/wp\/v2\/pages\/223440\/revisions\/223442"}],"up":[{"embeddable":true,"href":"https:\/\/europeancourt.org\/sk\/wp-json\/wp\/v2\/pages\/222223"}],"wp:featuredmedia":[{"embeddable":true,"href":"https:\/\/europeancourt.org\/sk\/wp-json\/wp\/v2\/media\/223441"}],"wp:attachment":[{"href":"https:\/\/europeancourt.org\/sk\/wp-json\/wp\/v2\/media?parent=223440"}],"wp:term":[{"taxonomy":"category","embeddable":true,"href":"https:\/\/europeancourt.org\/sk\/wp-json\/wp\/v2\/categories?post=223440"},{"taxonomy":"post_tag","embeddable":true,"href":"https:\/\/europeancourt.org\/sk\/wp-json\/wp\/v2\/tags?post=223440"}],"curies":[{"name":"wp","href":"https:\/\/api.w.org\/{rel}","templated":true}]}}