{"id":225459,"date":"2026-04-26T14:48:59","date_gmt":"2026-04-26T12:48:59","guid":{"rendered":"https:\/\/europeancourt.org\/pr%c3%a1vne-poradenstvo-a-kontakty\/"},"modified":"2026-04-27T14:31:04","modified_gmt":"2026-04-27T12:31:04","slug":"pr%c3%a1vne-poradenstvo-a-kontakty","status":"publish","type":"page","link":"https:\/\/europeancourt.org\/sk\/pr%c3%a1vne-poradenstvo-a-kontakty\/","title":{"rendered":"Pr\u00e1vne poradenstvo a kontakty"},"content":{"rendered":"<div class=\"mywpcf7cf myshow myhide\">Potrebujem:<\/div>\n\n<div class=\"myshow myhide\"><span class=\"wpcf7-radio\"><span class=\"wpcf7-list-item\"><label><span class=\"wpcf7-list-item-label\">pripravi\u0165 s\u0165a\u017enos\u0165 na ES\u013dP<\/span><\/label><\/span><\/span><\/div>\n\n<div class=\"myshow myhide\"><span class=\"wpcf7-radio\"><span class=\"wpcf7-list-item\"><label><span class=\"wpcf7-list-item-label\">skontrolova\u0165 formul\u00e1r s\u0165a\u017enosti na chyby pred odoslan\u00edm na ES\u013dP<\/span><\/label><\/span><\/span><\/div>\n\n<div class=\"myshow myhide\"><span class=\"wpcf7-radio\"><span class=\"wpcf7-list-item\"><label><span class=\"wpcf7-list-item-label\">zastupovanie s\u0165a\u017eovate\u013ea pred ES\u013dP po ozn\u00e1men\u00ed s\u0165a\u017enosti pr\u00edslu\u0161nej vl\u00e1de<\/span><\/label><\/span><\/span><\/div>\n\n<div class=\"myshow myhide\"><span class=\"wpcf7-radio\"><span class=\"wpcf7-list-item\"><label><span class=\"wpcf7-list-item-label\">zisti\u0165 stav s\u0165a\u017enosti na ES\u013dP<\/span><\/label><\/span><\/span><\/div>\n\n<div class=\"myshow myhide\"><span class=\"wpcf7-radio\"><span class=\"wpcf7-list-item\"><label><span class=\"wpcf7-list-item-label\">stiahnu\u0165 formul\u00e1r s\u0165a\u017enosti na ES\u013dP<\/span><\/label><\/span><\/span><\/div>\n\n<div class=\"myshow myhide\"><span class=\"wpcf7-radio\"><span class=\"wpcf7-list-item\"><label><span class=\"wpcf7-list-item-label\">po\u017eiada\u0165 o konzult\u00e1ciu<\/span><\/label><\/span><\/span><\/div>\n\n<div class=\"myshow myhide\"><span class=\"wpcf7-radio\"><span class=\"wpcf7-list-item\"><label><span class=\"wpcf7-list-item-label\">zobrazi\u0165 kontaktn\u00e9 \u00fadaje<\/span><\/label><\/span><\/span><\/div>\n<div id=\"ajax_content\"><\/div>","protected":false},"excerpt":{"rendered":"Potrebujem: pripravi\u0165 s\u0165a\u017enos\u0165 na ES\u013dP skontrolova\u0165 formul\u00e1r s\u0165a\u017enosti na chyby pred odoslan\u00edm na ES\u013dP zastupovanie s\u0165a\u017eovate\u013ea pred ES\u013dP po ozn\u00e1men\u00ed s\u0165a\u017enosti pr\u00edslu\u0161nej vl\u00e1de zisti\u0165 stav s\u0165a\u017enosti na ES\u013dP stiahnu\u0165 formul\u00e1r s\u0165a\u017enosti na ES\u013dP po\u017eiada\u0165&#46;&#46;&#46;","protected":false},"author":0,"featured_media":0,"parent":0,"menu_order":0,"comment_status":"closed","ping_status":"closed","template":"","meta":{"footnotes":""},"categories":[],"tags":[],"class_list":["post-225459","page","type-page","status-publish","hentry"],"_links":{"self":[{"href":"https:\/\/europeancourt.org\/sk\/wp-json\/wp\/v2\/pages\/225459","targetHints":{"allow":["GET"]}}],"collection":[{"href":"https:\/\/europeancourt.org\/sk\/wp-json\/wp\/v2\/pages"}],"about":[{"href":"https:\/\/europeancourt.org\/sk\/wp-json\/wp\/v2\/types\/page"}],"replies":[{"embeddable":true,"href":"https:\/\/europeancourt.org\/sk\/wp-json\/wp\/v2\/comments?post=225459"}],"version-history":[{"count":1,"href":"https:\/\/europeancourt.org\/sk\/wp-json\/wp\/v2\/pages\/225459\/revisions"}],"predecessor-version":[{"id":225647,"href":"https:\/\/europeancourt.org\/sk\/wp-json\/wp\/v2\/pages\/225459\/revisions\/225647"}],"wp:attachment":[{"href":"https:\/\/europeancourt.org\/sk\/wp-json\/wp\/v2\/media?parent=225459"}],"wp:term":[{"taxonomy":"category","embeddable":true,"href":"https:\/\/europeancourt.org\/sk\/wp-json\/wp\/v2\/categories?post=225459"},{"taxonomy":"post_tag","embeddable":true,"href":"https:\/\/europeancourt.org\/sk\/wp-json\/wp\/v2\/tags?post=225459"}],"curies":[{"name":"wp","href":"https:\/\/api.w.org\/{rel}","templated":true}]}}