{"id":116114,"date":"2022-06-13T12:27:21","date_gmt":"2022-06-13T10:27:21","guid":{"rendered":"https:\/\/europeancourt.org\/dokumenti\/svet-evrope\/"},"modified":"2024-06-05T23:30:45","modified_gmt":"2024-06-05T21:30:45","slug":"svet-evrope","status":"publish","type":"page","link":"https:\/\/europeancourt.org\/sl\/dokumenti\/svet-evrope\/","title":{"rendered":"Svet Evrope"},"content":{"rendered":"<ul> \n<li><a href=\"https:\/\/europeancourt.org\/sl\/dokumenti\/svet-evrope\/evropska-konvencija-o-varstvu-%c4%8dlovekovih-pravic\/\" title=\"Konvencija o varstvu \u010dlovekovih pravic in temeljnih svobo\u0161\u010din\">Konvencija o varstvu \u010dlovekovih pravic in temeljnih svobo\u0161\u010din<\/a><\/li>\n<ul>\n<li><a href=\"https:\/\/europeancourt.org\/sl\/dokumenti\/svet-evrope\/evropska-konvencija-o-varstvu-%c4%8dlovekovih-pravic\/protokol-%c5%a1t1\/\" title=\"Dodatni protokol h Konvenciji o varstvu \u010dlovekovih pravic in temeljnih svobo\u0161\u010din\">Dodatni protokol h Konvenciji o varstvu \u010dlovekovih pravic in temeljnih svobo\u0161\u010din<\/a><\/li>\n<li><a href=\"https:\/\/europeancourt.org\/sl\/dokumenti\/svet-evrope\/evropska-konvencija-o-varstvu-%c4%8dlovekovih-pravic\/protokol-%c5%a1t4\/\" title=\"Protokol \u0161t. 4 h Konvenciji o varstvu \u010dlovekovih pravic in temeljnih svobo\u0161\u010din\">Protokol \u0161t. 4 h Konvenciji o varstvu \u010dlovekovih pravic in temeljnih svobo\u0161\u010din<\/a><\/li>\n<li><a href=\"https:\/\/europeancourt.org\/sl\/dokumenti\/svet-evrope\/evropska-konvencija-o-varstvu-%c4%8dlovekovih-pravic\/protokol-%c5%a1t6\/\" title=\"Protokol \u0161t. 6 h Konvenciji o varstvu \u010dlovekovih pravic in temeljnih svobo\u0161\u010din\">Protokol \u0161t. 6 h Konvenciji o varstvu \u010dlovekovih pravic in temeljnih svobo\u0161\u010din<\/a><\/li>\n<li><a href=\"https:\/\/europeancourt.org\/sl\/dokumenti\/svet-evrope\/evropska-konvencija-o-varstvu-%c4%8dlovekovih-pravic\/protokol-%c5%a1t7\/\" title=\"Protokol \u0161t. 7 h Konvenciji o varstvu \u010dlovekovih pravic in temeljnih svobo\u0161\u010din\">Protokol \u0161t. 7 h Konvenciji o varstvu \u010dlovekovih pravic in temeljnih svobo\u0161\u010din<\/a><\/li>\n<li><a href=\"https:\/\/europeancourt.org\/sl\/dokumenti\/svet-evrope\/evropska-konvencija-o-varstvu-%c4%8dlovekovih-pravic\/protokol-%c5%a1t12\/\" title=\"Protokol \u0161t. 12 h Konvenciji o varstvu \u010dlovekovih pravic in temeljnih svobo\u0161\u010din\">Protokol \u0161t. 12 h Konvenciji o varstvu \u010dlovekovih pravic in temeljnih svobo\u0161\u010din<\/a><\/li>\n<li><a href=\"https:\/\/europeancourt.org\/sl\/dokumenti\/svet-evrope\/evropska-konvencija-o-varstvu-%c4%8dlovekovih-pravic\/protokol-%c5%a1t13\/\" title=\"Protokol \u0161t. 13 h Konvenciji o varstvu \u010dlovekovih pravic in temeljnih svobo\u0161\u010din\">Protokol \u0161t. 13 h Konvenciji o varstvu \u010dlovekovih pravic in temeljnih svobo\u0161\u010din<\/a><\/li>\n<li><a href=\"https:\/\/europeancourt.org\/sl\/dokumenti\/svet-evrope\/evropska-konvencija-o-varstvu-%c4%8dlovekovih-pravic\/protokol-%c5%a1t16\/\" title=\"Protokol \u0161t. 16 h Konvenciji o varstvu \u010dlovekovih pravic in temeljnih svobo\u0161\u010din\">Protokol \u0161t. 16 h Konvenciji o varstvu \u010dlovekovih pravic in temeljnih svobo\u0161\u010din<\/a><\/li>\n<\/ul>\n<li><a href=\"https:\/\/europeancourt.org\/sl\/dokumenti\/svet-evrope\/es%c4%8dp\/\" title=\"Evropsko sodi\u0161\u010de za \u010dlovekove pravice\">Evropsko sodi\u0161\u010de za \u010dlovekove pravice<\/a><\/li>\n<ul>\n<li><a href=\"https:\/\/europeancourt.org\/sl\/dokumenti\/svet-evrope\/es%c4%8dp\/poslovnik-47-%c4%8dlen\/\" title=\"47. \u010dlen Poslovnika Evropskega sodi\u0161\u010da za \u010dlovekove pravice\">Poslovnik Sodi\u0161\u010da \u2013 47. \u010dlen<\/a><\/li>\n<li><a href=\"https:\/\/europeancourt.org\/en\/documents\/council-of-europe\/echr\/practice-directions-institution-of-proceedings\/\" title=\"Uvedba postopka \u2013 Prakti\u010dna navodila\">Uvedba postopka \u2013 Prakti\u010dna navodila<\/a><\/li>\n<li><a href=\"https:\/\/europeancourt.org\/sl\/dokumenti\/svet-evrope\/es%c4%8dp\/prito%c5%bebeni-obrazec\/\" title=\"Prito\u017ebeni obrazec na Evropsko sodi\u0161\u010de za \u010dlovekove pravice\">Prito\u017ebeni obrazec<\/a><\/li>\n<ul>\n<li><a href=\"https:\/\/europeancourt.org\/sl\/dokumenti\/svet-evrope\/es%c4%8dp\/prito%c5%bebeni-obrazec\/navodila-za-izpolnjevanje\/\" title=\"Navodila za izpolnjevanje prito\u017ebenega obrazca\">Navodila za izpolnjevanje prito\u017ebenega obrazca<\/a><\/li>\n<\/ul>\n<li><a href=\"https:\/\/europeancourt.org\/sl\/dokumenti\/svet-evrope\/es%c4%8dp\/pooblastilo\/\" title=\"Pooblastilo za Evropsko sodi\u0161\u010de za \u010dlovekove pravice\">Pooblastilo<\/a><\/li>\n<li><a href=\"https:\/\/europeancourt.org\/downloads\/sl\/Tabela_z_zahtevanimi_identifikacijskimi_podatki_vseh_pritoznikov_na_ESCP_SLV.XLSX\" title=\"Tabela z zahtevanimi identifikacijskimi podatki vseh prito\u017enikov na Evropsko sodi\u0161\u010de za \u010dlovekove pravice\">Dodatek v zvezi s prito\u017ebami z ve\u010djim \u0161tevilom prito\u017enikov Pooblastilo<\/a><\/li>\n<\/ul>\n<\/ul>","protected":false},"excerpt":{"rendered":"Konvencija o varstvu \u010dlovekovih pravic in temeljnih svobo\u0161\u010din Dodatni protokol h Konvenciji o varstvu \u010dlovekovih pravic in temeljnih svobo\u0161\u010din Protokol \u0161t. 4 h Konvenciji o varstvu \u010dlovekovih pravic in temeljnih svobo\u0161\u010din Protokol \u0161t. 6&#46;&#46;&#46;","protected":false},"author":1,"featured_media":209994,"parent":116064,"menu_order":0,"comment_status":"closed","ping_status":"closed","template":"","meta":{"footnotes":""},"categories":[],"tags":[],"class_list":["post-116114","page","type-page","status-publish","has-post-thumbnail","hentry"],"_links":{"self":[{"href":"https:\/\/europeancourt.org\/sl\/wp-json\/wp\/v2\/pages\/116114","targetHints":{"allow":["GET"]}}],"collection":[{"href":"https:\/\/europeancourt.org\/sl\/wp-json\/wp\/v2\/pages"}],"about":[{"href":"https:\/\/europeancourt.org\/sl\/wp-json\/wp\/v2\/types\/page"}],"author":[{"embeddable":true,"href":"https:\/\/europeancourt.org\/sl\/wp-json\/wp\/v2\/users\/1"}],"replies":[{"embeddable":true,"href":"https:\/\/europeancourt.org\/sl\/wp-json\/wp\/v2\/comments?post=116114"}],"version-history":[{"count":0,"href":"https:\/\/europeancourt.org\/sl\/wp-json\/wp\/v2\/pages\/116114\/revisions"}],"up":[{"embeddable":true,"href":"https:\/\/europeancourt.org\/sl\/wp-json\/wp\/v2\/pages\/116064"}],"wp:featuredmedia":[{"embeddable":true,"href":"https:\/\/europeancourt.org\/sl\/wp-json\/wp\/v2\/media\/209994"}],"wp:attachment":[{"href":"https:\/\/europeancourt.org\/sl\/wp-json\/wp\/v2\/media?parent=116114"}],"wp:term":[{"taxonomy":"category","embeddable":true,"href":"https:\/\/europeancourt.org\/sl\/wp-json\/wp\/v2\/categories?post=116114"},{"taxonomy":"post_tag","embeddable":true,"href":"https:\/\/europeancourt.org\/sl\/wp-json\/wp\/v2\/tags?post=116114"}],"curies":[{"name":"wp","href":"https:\/\/api.w.org\/{rel}","templated":true}]}}