{"id":147487,"date":"2022-07-02T14:27:20","date_gmt":"2022-07-02T12:27:20","guid":{"rendered":"https:\/\/europeancourt.org\/dokumenti\/svet-evrope\/es%c4%8dp\/poslovnik-47-%c4%8dlen\/"},"modified":"2025-10-05T12:00:15","modified_gmt":"2025-10-05T12:00:15","slug":"poslovnik-47-%c4%8dlen","status":"publish","type":"page","link":"https:\/\/europeancourt.org\/sl\/dokumenti\/svet-evrope\/es%c4%8dp\/poslovnik-47-%c4%8dlen\/","title":{"rendered":"Poslovnik Sodi\u0161\u010da \u2013 47. \u010dlen"},"content":{"rendered":"<h2 style=\"text-align: center;\">Poslovnik Sodi\u0161\u010da<\/h2>\n<p><strong>47. \u010dlen<a class=\"paddingleft2px\" title=\"Kakor ga je spremenilo Sodi\u0161\u010de 17. junija in 8. julija 2002, 11. decembra 2007, 22. septembra 2008 ter 6. maja 2013, 1. junija in 5. oktobra 2015 in 18. januarja 2024.\" href=\"#fn1\"><sup style=\"cursor:help\">1<\/sup><\/a> \u2013 Vsebina posamezne prito\u017ebe<\/strong><\/p>\n<p>1. Prito\u017eba na podlagi <a title=\"34. \u010dlen Konvencije o varstvu \u010dlovekovih pravic in temeljnih svobo\u0161\u010din\" href=\"https:\/\/europeancourt.org\/sl\/dokumenti\/svet-evrope\/evropska-konvencija-o-varstvu-%c4%8dlovekovih-pravic\/#34-%C4%8Dlen\">34. \u010dlena Konvencije<\/a> se predlo\u017ei na <a href=\"https:\/\/europeancourt.org\/sl\/dokumenti\/svet-evrope\/es%c4%8dp\/prito%c5%bebeni-obrazec\/\" title=\"Prito\u017ebeni obrazec na Evropsko sodi\u0161\u010de za \u010dlovekove pravice\">prito\u017ebenem obrazcu<\/a>, ki ga je pripravilo sodno tajni\u0161tvo Sodi\u0161\u010da, razen \u010de Sodi\u0161\u010de ne odlo\u010di druga\u010de. Prito\u017eba mora vsebovati vse podatke, ki se zahtevajo v ustreznih delih prito\u017ebenega obrazca, in sicer:<\/p>\n<p style=\"padding-left: 40px;\">(a) ime, datum rojstva, dr\u017eavljanstvo in naslov prito\u017enika, \u010de je prito\u017enik pravna oseba, pa polno ime, datum ustanovitve ali registracije, (morebitno) uradno registrsko \u0161tevilko in naslov sede\u017ea;<\/p>\n<p style=\"padding-left: 40px;\">(b) ime, naslov, telefonsko \u0161tevilko in \u0161tevilko telefaksa ter (morebitni) e-po\u0161tni naslov zastopnika;<\/p>\n<p style=\"padding-left: 40px;\">(c) \u010de ima prito\u017enik zastopnika, lastnoro\u010den podpis prito\u017enika in datum podpisa v oddelku \u201epooblastilo\u201c na prito\u017ebenem obrazcu; navedeni oddelek mora lastnoro\u010dno podpisati tudi zastopnik, s \u010dimer potrjuje, da sogla\u0161a z zastopanjem prito\u017enika. Sodi\u0161\u010de lahko sprejme kopije podpisov ali pooblastila na drugih obrazcih, veljavnih v notranjem pravu dr\u017eav pogodbenic, \u010de so predlo\u017eeni tehtni razlogi za neizpolnjevanje omenjenih zahtev in \u010de je Sodi\u0161\u010du v razumnem roku posredovano originalno podpisano pooblastilo na obrazcu Sodi\u0161\u010da;<\/p>\n<p style=\"padding-left: 40px;\">(d) ime dr\u017eave ali dr\u017eav pogodbenic, proti katerim je vlo\u017eena prito\u017eba;<\/p>\n<p style=\"padding-left: 40px;\">(e) jedrnat in razumljiv opis dejstev;<\/p>\n<p style=\"padding-left: 40px;\">(f) jedrnato in razumljivo izjavo o o\u010ditanih kr\u0161itvah Konvencije z relevantnimi argumenti ter<\/p>\n<p style=\"padding-left: 40px;\">(g) jedrnato in razumljivo izjavo prito\u017enika, da izpolnjuje merila dopustnosti iz 1. odstavka <a title=\"35. \u010dlen Konvencije o varstvu \u010dlovekovih pravic in temeljnih svobo\u0161\u010din\" href=\"https:\/\/europeancourt.org\/sl\/dokumenti\/svet-evrope\/evropska-konvencija-o-varstvu-%c4%8dlovekovih-pravic\/#35-%C4%8Dlen\">35. \u010dlena Konvencije<\/a>.<\/p>\n<p>2.<\/p>\n<p style=\"padding-left: 40px;\">(a) Vsi podatki iz to\u010dk (e) do (g) 1. odstavka tega \u010dlena morajo biti v ustreznem delu prito\u017ebenega obrazca navedeni dovolj podrobno, da lahko Sodi\u0161\u010de dolo\u010di naravo in obseg prito\u017ebe, ne da bi za to potrebovalo druge dokumente.<\/p>\n<p style=\"padding-left: 40px;\">(b) Prito\u017enik lahko prito\u017ebeni obrazec dopolni z dodatnimi podatki o dejstvih, kr\u0161itvah Konvencije in relevantnih argumentih. Ti podatki lahko obsegajo najve\u010d 20 strani.<\/p>\n<p>3.1. Prito\u017ebeni obrazec podpi\u0161e prito\u017enik ali njegov zastopnik in mu je treba prilo\u017eiti: <\/p>\n<p style=\"padding-left: 40px;\">(a) kopije dokumentov v zvezi s sodnimi ali izvensodnimi odlo\u010dbami ali ukrepi, na katere se nana\u0161a prito\u017eba;<\/p>\n<p style=\"padding-left: 40px;\">(b) kopije dokumentov in odlo\u010db, ki dokazujejo, da je prito\u017enik izpolnil zahtevi iz 1. odstavka <a title=\"35. \u010dlen Konvencije o varstvu \u010dlovekovih pravic in temeljnih svobo\u0161\u010din\" href=\"https:\/\/europeancourt.org\/sl\/dokumenti\/svet-evrope\/evropska-konvencija-o-varstvu-%c4%8dlovekovih-pravic\/#35-%C4%8Dlen\">35. \u010dlena Konvencije<\/a>, tj. da so bila iz\u010drpana vsa doma\u010da pravna sredstva in da je bila prito\u017eba poslana v roku;<\/p>\n<p style=\"padding-left: 40px;\">(c) kopije dokumentov v zvezi s katerim koli drugim postopkom mednarodne preiskave ali re\u0161evanja spora, kadar je to primerno;<\/p>\n<p style=\"padding-left: 40px;\">(d) \u010de je prito\u017enik pravna oseba v smislu to\u010dke (a) 1. odstavka tega \u010dlena, enega ali ve\u010d dokumentov, ki dokazujejo, da je posameznik, ki vlaga prito\u017ebo, upravi\u010den zastopati prito\u017enika.<\/p>\n<p>3.2. Dokumente, ki so prilo\u017eeni k prito\u017ebi, je treba navesti po datumu, jih o\u0161tevil\u010diti in jasno ozna\u010diti.<\/p>\n<p>4. Prito\u017eniki, ki ne \u017eelijo, da bi bila njihova identiteta dostopna javnosti, morajo to posebej navesti skupaj z razlogi za odstopanje od obi\u010dajnega pravila o javnosti postopka pred Sodi\u0161\u010dem. Sodi\u0161\u010de lahko anonimnost odobri na predlog prito\u017enika ali po lastni presoji.<\/p>\n<p>5.1. \u010ce zahteve iz 1. do 3. odstavka tega \u010dlena niso izpolnjene, lahko Sodi\u0161\u010de odlo\u010di, da prito\u017ebe ne bo obravnavalo, razen \u010de:<\/p>\n<p style=\"padding-left: 40px;\">(a) prito\u017enik ustrezno obrazlo\u017ei neizpolnjevanje zahtev;<\/p>\n<p style=\"padding-left: 40px;\">(b) se prito\u017eba nana\u0161a na pro\u0161njo za za\u010dasno odredbo;<\/p>\n<p style=\"padding-left: 40px;\">(c) Sodi\u0161\u010de po lastni presoji ali na predlog prito\u017enika odlo\u010di druga\u010de.<\/p>\n<p>5.2. Sodi\u0161\u010de lahko od prito\u017enika v vsakem primeru zahteva, da v dolo\u010denem roku predlo\u017ei podatke ali dokumente v kateri koli ustrezni obliki in na kateri koli ustrezen na\u010din<\/p>\n<p>6.<\/p>\n<p style=\"padding-left: 40px;\">(a) Datum vlo\u017eitve prito\u017ebe za namene 1. odstavka <a title=\"35. \u010dlen Konvencije o varstvu \u010dlovekovih pravic in temeljnih svobo\u0161\u010din\" href=\"https:\/\/europeancourt.org\/sl\/dokumenti\/svet-evrope\/evropska-konvencija-o-varstvu-%c4%8dlovekovih-pravic\/#35-%C4%8Dlen\">35. \u010dlena Konvencije<\/a> je datum, ko je na Sodi\u0161\u010de poslan prito\u017ebeni obrazec, ki izpolnjuje zahteve tega \u010dlena. Za datum po\u0161iljanja se \u0161teje datum po\u0161tnega \u017eiga.<\/p>\n<p style=\"padding-left: 40px;\">(b) Sodi\u0161\u010de lahko kljub temu iz utemeljenega razloga odlo\u010di, da se za datum vlo\u017eitve prito\u017ebe \u0161teje drug datum.<\/p>\n<p>7. Prito\u017enik mora Sodi\u0161\u010de obvestiti o vsaki spremembi naslova in vseh okoli\u0161\u010dinah, ki so pomembne za prito\u017ebo.<\/p>\n__________\n<p id=\"fn1\"><sup>1<\/sup> Kakor ga je spremenilo Sodi\u0161\u010de 17. junija in 8. julija 2002, 11. decembra 2007, 22. septembra 2008 ter 6. maja 2013, 1. junija in 5. oktobra 2015 in 18. januarja 2024.<\/p>","protected":false},"excerpt":{"rendered":"Poslovnik Sodi\u0161\u010da 47. \u010dlen1 \u2013 Vsebina posamezne prito\u017ebe 1. Prito\u017eba na podlagi 34. \u010dlena Konvencije se predlo\u017ei na prito\u017ebenem obrazcu, ki ga je pripravilo sodno tajni\u0161tvo Sodi\u0161\u010da, razen \u010de Sodi\u0161\u010de ne odlo\u010di druga\u010de. Prito\u017eba&#46;&#46;&#46;","protected":false},"author":1,"featured_media":188925,"parent":147401,"menu_order":0,"comment_status":"closed","ping_status":"closed","template":"","meta":{"footnotes":""},"categories":[],"tags":[],"class_list":["post-147487","page","type-page","status-publish","has-post-thumbnail","hentry"],"_links":{"self":[{"href":"https:\/\/europeancourt.org\/sl\/wp-json\/wp\/v2\/pages\/147487","targetHints":{"allow":["GET"]}}],"collection":[{"href":"https:\/\/europeancourt.org\/sl\/wp-json\/wp\/v2\/pages"}],"about":[{"href":"https:\/\/europeancourt.org\/sl\/wp-json\/wp\/v2\/types\/page"}],"author":[{"embeddable":true,"href":"https:\/\/europeancourt.org\/sl\/wp-json\/wp\/v2\/users\/1"}],"replies":[{"embeddable":true,"href":"https:\/\/europeancourt.org\/sl\/wp-json\/wp\/v2\/comments?post=147487"}],"version-history":[{"count":0,"href":"https:\/\/europeancourt.org\/sl\/wp-json\/wp\/v2\/pages\/147487\/revisions"}],"up":[{"embeddable":true,"href":"https:\/\/europeancourt.org\/sl\/wp-json\/wp\/v2\/pages\/147401"}],"wp:featuredmedia":[{"embeddable":true,"href":"https:\/\/europeancourt.org\/sl\/wp-json\/wp\/v2\/media\/188925"}],"wp:attachment":[{"href":"https:\/\/europeancourt.org\/sl\/wp-json\/wp\/v2\/media?parent=147487"}],"wp:term":[{"taxonomy":"category","embeddable":true,"href":"https:\/\/europeancourt.org\/sl\/wp-json\/wp\/v2\/categories?post=147487"},{"taxonomy":"post_tag","embeddable":true,"href":"https:\/\/europeancourt.org\/sl\/wp-json\/wp\/v2\/tags?post=147487"}],"curies":[{"name":"wp","href":"https:\/\/api.w.org\/{rel}","templated":true}]}}