{"id":176244,"date":"2022-06-28T15:55:16","date_gmt":"2022-06-28T13:55:16","guid":{"rendered":"https:\/\/europeancourt.org\/dokumenti\/svet-evrope\/es%c4%8dp\/prito%c5%bebeni-obrazec\/"},"modified":"2024-06-10T23:40:20","modified_gmt":"2024-06-10T21:40:20","slug":"prito%c5%bebeni-obrazec","status":"publish","type":"page","link":"https:\/\/europeancourt.org\/sl\/dokumenti\/svet-evrope\/es%c4%8dp\/prito%c5%bebeni-obrazec\/","title":{"rendered":"Prito\u017ebeni obrazec na Evropsko sodi\u0161\u010de za \u010dlovekove pravice"},"content":{"rendered":"<p>Prosimo, upo\u0161tevajte, da za pravilno delovanje prito\u017ebenega obrazca potrebujete program Adobe Reader\u00ae (razli\u010dica 9 ali novej\u0161a) ter operacijski sistem Windows ali Mac OS X. Prepri\u010dajte se, da ste na ra\u010dunalnik namestili Adobe Reader (program lahko <a href=\"https:\/\/get.adobe.com\/si\/reader\/\" title=\"Adobe Reader\" target=\"_blank\" rel=\"noopener\">prenesete s spletne strani www.adobe.com<\/a>).<\/p>\n<ul>\n<li>obrazec shranite na \u017eeleno mesto na va\u0161em ra\u010dunalniku.<\/li>\n<li>v programu Adobe Reader odprite kopijo obrazca, ki ste jo shranili na va\u0161 ra\u010dunalnik.<\/li>\n<li>izpolnite obrazec in ga shranite.<\/li>\n<li>izpolnjeni obrazec natisnite, podpi\u0161ite in ga po\u0161ljite na Sodi\u0161\u010de.<\/li>\n<\/ul>\n<p style=\"text-align:center\"><a title=\"Prito\u017ebeni obrazec na Evropsko sodi\u0161\u010de za \u010dlovekove pravice\" href=\"https:\/\/europeancourt.org\/downloads\/sl\/Pritozbeni_obrazec_na_Evropsko_sodisce_za_clovekove_pravice_SLV_2022-2.PDF\" class=\"extlinkoff mybrightbutton red\" download=\"\">Prenesi <i class=\"fas fa-download\"><\/i><\/a><\/p>\n<iframe class=\"wonderplugin-pdf-iframe\" src=\"https:\/\/europeancourt.org\/wp-content\/plugins\/wonderplugin-pdf-embed\/pdfjs\/web\/viewer.html?v=2&disabledownload=1&disableprint=1&disabledoc=1&disableopenfile=1&externallinktarget=2&file=https:\/\/europeancourt.org\/noindex\/AppF_SLV_2022-2.pdf\" title=\"Prito\u017ebeni obrazec na Evropsko sodi\u0161\u010de za \u010dlovekove pravice\" width=\"100%\" height=\"900px\" style=\"border:0\"><\/iframe>\n","protected":false},"excerpt":{"rendered":"Prosimo, upo\u0161tevajte, da za pravilno delovanje prito\u017ebenega obrazca potrebujete program Adobe Reader\u00ae (razli\u010dica 9 ali novej\u0161a) ter operacijski sistem Windows ali Mac OS X. Prepri\u010dajte se, da ste na ra\u010dunalnik namestili Adobe Reader (program&#46;&#46;&#46;","protected":false},"author":1,"featured_media":191938,"parent":147401,"menu_order":0,"comment_status":"closed","ping_status":"closed","template":"","meta":{"footnotes":""},"categories":[],"tags":[],"class_list":["post-176244","page","type-page","status-publish","has-post-thumbnail","hentry"],"_links":{"self":[{"href":"https:\/\/europeancourt.org\/sl\/wp-json\/wp\/v2\/pages\/176244","targetHints":{"allow":["GET"]}}],"collection":[{"href":"https:\/\/europeancourt.org\/sl\/wp-json\/wp\/v2\/pages"}],"about":[{"href":"https:\/\/europeancourt.org\/sl\/wp-json\/wp\/v2\/types\/page"}],"author":[{"embeddable":true,"href":"https:\/\/europeancourt.org\/sl\/wp-json\/wp\/v2\/users\/1"}],"replies":[{"embeddable":true,"href":"https:\/\/europeancourt.org\/sl\/wp-json\/wp\/v2\/comments?post=176244"}],"version-history":[{"count":0,"href":"https:\/\/europeancourt.org\/sl\/wp-json\/wp\/v2\/pages\/176244\/revisions"}],"up":[{"embeddable":true,"href":"https:\/\/europeancourt.org\/sl\/wp-json\/wp\/v2\/pages\/147401"}],"wp:featuredmedia":[{"embeddable":true,"href":"https:\/\/europeancourt.org\/sl\/wp-json\/wp\/v2\/media\/191938"}],"wp:attachment":[{"href":"https:\/\/europeancourt.org\/sl\/wp-json\/wp\/v2\/media?parent=176244"}],"wp:term":[{"taxonomy":"category","embeddable":true,"href":"https:\/\/europeancourt.org\/sl\/wp-json\/wp\/v2\/categories?post=176244"},{"taxonomy":"post_tag","embeddable":true,"href":"https:\/\/europeancourt.org\/sl\/wp-json\/wp\/v2\/tags?post=176244"}],"curies":[{"name":"wp","href":"https:\/\/api.w.org\/{rel}","templated":true}]}}