{"id":222192,"date":"2024-01-08T15:08:10","date_gmt":"2024-01-08T14:08:10","guid":{"rendered":"https:\/\/europeancourt.org\/storitve\/"},"modified":"2025-10-02T23:01:22","modified_gmt":"2025-10-02T23:01:22","slug":"storitve","status":"publish","type":"page","link":"https:\/\/europeancourt.org\/sl\/storitve\/","title":{"rendered":"Storitve"},"content":{"rendered":"<ul>\r\n\t<li><a href=\"https:\/\/europeancourt.org\/sl\/storitve\/es%c4%8dp\/\" title=\"ES\u010cP\">ES\u010cP<\/a><\/li>\r\n<ul>\r\n\t\t<li><a href=\"https:\/\/europeancourt.org\/en\/services\/echr\/preparing-applications\/\" title=\"Priprava prito\u017eb na ES\u010cP\">Priprava prito\u017eb na ES\u010cP<\/a><\/li>\r\n\r\n\t<li><a href=\"https:\/\/europeancourt.org\/en\/services\/echr\/checking-filled-in-applications\/\" title=\"Preverjanje izpolnjenih obrazcev prito\u017eb na ES\u010cP\">Preverjanje izpolnjenih obrazcev prito\u017eb na ES\u010cP<\/a><\/li>\r\n\r\n\t<li><a href=\"https:\/\/europeancourt.org\/en\/services\/echr\/representing-applicants\/\" title=\"Zastopanje prito\u017enikov pred ES\u010cP\">Zastopanje prito\u017enikov pred ES\u010cP<\/a><\/li>\r\n\r\n\t<li><a href=\"https:\/\/europeancourt.org\/en\/services\/echr\/translating-applications-into-english\/\" title=\"Prevod prito\u017ebe na ES\u010cP v angle\u0161\u010dino\"> Prevod prito\u017ebe na ES\u010cP v angle\u0161\u010dino<\/a><\/li>\r\n\r\n\t<li><a href=\"https:\/\/europeancourt.org\/sl\/storitve\/es%c4%8dp\/najdite-%c5%a1t-prito%c5%bebe-sprejem-v-obravnavo-ali-sodbo\/\" title=\"Najdite \u0161t. prito\u017ebe ES\u010cP, sprejem v obravnavo ali sodbo\"> Najdite \u0161t. prito\u017ebe ES\u010cP, sprejem v obravnavo ali sodbo<\/a><\/li>\r\n\r\n\t<li><a href=\"https:\/\/europeancourt.org\/en\/legal-advice-and-contacts\/\" title=\"Pravni nasveti in stiki\">Pravni nasveti in stiki<\/a><\/li>\r\n<\/ul>\r\n<\/ul>\r\n","protected":false},"excerpt":{"rendered":"ES\u010cP Priprava prito\u017eb na ES\u010cP Preverjanje izpolnjenih obrazcev prito\u017eb na ES\u010cP Zastopanje prito\u017enikov pred ES\u010cP Prevod prito\u017ebe na ES\u010cP v angle\u0161\u010dino Najdite \u0161t. prito\u017ebe ES\u010cP, sprejem v obravnavo ali sodbo Pravni nasveti in stiki","protected":false},"author":1,"featured_media":222387,"parent":0,"menu_order":0,"comment_status":"closed","ping_status":"closed","template":"","meta":{"footnotes":""},"categories":[],"tags":[],"class_list":["post-222192","page","type-page","status-publish","has-post-thumbnail","hentry"],"_links":{"self":[{"href":"https:\/\/europeancourt.org\/sl\/wp-json\/wp\/v2\/pages\/222192","targetHints":{"allow":["GET"]}}],"collection":[{"href":"https:\/\/europeancourt.org\/sl\/wp-json\/wp\/v2\/pages"}],"about":[{"href":"https:\/\/europeancourt.org\/sl\/wp-json\/wp\/v2\/types\/page"}],"author":[{"embeddable":true,"href":"https:\/\/europeancourt.org\/sl\/wp-json\/wp\/v2\/users\/1"}],"replies":[{"embeddable":true,"href":"https:\/\/europeancourt.org\/sl\/wp-json\/wp\/v2\/comments?post=222192"}],"version-history":[{"count":2,"href":"https:\/\/europeancourt.org\/sl\/wp-json\/wp\/v2\/pages\/222192\/revisions"}],"predecessor-version":[{"id":222388,"href":"https:\/\/europeancourt.org\/sl\/wp-json\/wp\/v2\/pages\/222192\/revisions\/222388"}],"wp:featuredmedia":[{"embeddable":true,"href":"https:\/\/europeancourt.org\/sl\/wp-json\/wp\/v2\/media\/222387"}],"wp:attachment":[{"href":"https:\/\/europeancourt.org\/sl\/wp-json\/wp\/v2\/media?parent=222192"}],"wp:term":[{"taxonomy":"category","embeddable":true,"href":"https:\/\/europeancourt.org\/sl\/wp-json\/wp\/v2\/categories?post=222192"},{"taxonomy":"post_tag","embeddable":true,"href":"https:\/\/europeancourt.org\/sl\/wp-json\/wp\/v2\/tags?post=222192"}],"curies":[{"name":"wp","href":"https:\/\/api.w.org\/{rel}","templated":true}]}}