{"id":222224,"date":"2024-01-08T15:08:29","date_gmt":"2024-01-08T14:08:29","guid":{"rendered":"https:\/\/europeancourt.org\/storitve\/es%c4%8dp\/"},"modified":"2025-10-02T23:01:22","modified_gmt":"2025-10-02T23:01:22","slug":"es%c4%8dp","status":"publish","type":"page","link":"https:\/\/europeancourt.org\/sl\/storitve\/es%c4%8dp\/","title":{"rendered":"ES\u010cP"},"content":{"rendered":"<ul>\r\n\t\t<li><a href=\"https:\/\/europeancourt.org\/en\/services\/echr\/preparing-applications\/\" title=\"Priprava prito\u017eb na ES\u010cP\">Priprava prito\u017eb na ES\u010cP<\/a><\/li>\r\n\r\n\t<li><a href=\"https:\/\/europeancourt.org\/en\/services\/echr\/checking-filled-in-applications\/\" title=\"Preverjanje izpolnjenih obrazcev prito\u017eb na ES\u010cP\">Preverjanje izpolnjenih obrazcev prito\u017eb na ES\u010cP<\/a><\/li>\r\n\r\n\t<li><a href=\"https:\/\/europeancourt.org\/en\/services\/echr\/representing-applicants\/\" title=\"Zastopanje prito\u017enikov pred ES\u010cP\">Zastopanje prito\u017enikov pred ES\u010cP<\/a><\/li>\r\n\r\n\t<li><a href=\"https:\/\/europeancourt.org\/en\/services\/echr\/translating-applications-into-english\/\" title=\"Prevod prito\u017ebe na ES\u010cP v angle\u0161\u010dino\">Prevod prito\u017ebe na ES\u010cP v angle\u0161\u010dino<\/a><\/li>\r\n\r\n\t<li><a href=\"https:\/\/europeancourt.org\/sl\/storitve\/es%c4%8dp\/najdite-%c5%a1t-prito%c5%bebe-sprejem-v-obravnavo-ali-sodbo\/\" title=\"Najdite \u0161t. prito\u017ebe ES\u010cP, sprejem v obravnavo ali sodbo\">Najdite \u0161t. prito\u017ebe ES\u010cP, sprejem v obravnavo ali sodbo<\/a><\/li>\r\n\r\n\t<li><a href=\"https:\/\/europeancourt.org\/en\/legal-advice-and-contacts\/\" title=\"Pravni nasveti in stiki\">Pravni nasveti in stiki<\/a><\/li>\r\n\r\n<\/ul>\r\n\r\n","protected":false},"excerpt":{"rendered":"Priprava prito\u017eb na ES\u010cP Preverjanje izpolnjenih obrazcev prito\u017eb na ES\u010cP Zastopanje prito\u017enikov pred ES\u010cP Prevod prito\u017ebe na ES\u010cP v angle\u0161\u010dino Najdite \u0161t. prito\u017ebe ES\u010cP, sprejem v obravnavo ali sodbo Pravni nasveti in stiki","protected":false},"author":1,"featured_media":222495,"parent":222192,"menu_order":0,"comment_status":"closed","ping_status":"closed","template":"","meta":{"footnotes":""},"categories":[],"tags":[],"class_list":["post-222224","page","type-page","status-publish","has-post-thumbnail","hentry"],"_links":{"self":[{"href":"https:\/\/europeancourt.org\/sl\/wp-json\/wp\/v2\/pages\/222224","targetHints":{"allow":["GET"]}}],"collection":[{"href":"https:\/\/europeancourt.org\/sl\/wp-json\/wp\/v2\/pages"}],"about":[{"href":"https:\/\/europeancourt.org\/sl\/wp-json\/wp\/v2\/types\/page"}],"author":[{"embeddable":true,"href":"https:\/\/europeancourt.org\/sl\/wp-json\/wp\/v2\/users\/1"}],"replies":[{"embeddable":true,"href":"https:\/\/europeancourt.org\/sl\/wp-json\/wp\/v2\/comments?post=222224"}],"version-history":[{"count":1,"href":"https:\/\/europeancourt.org\/sl\/wp-json\/wp\/v2\/pages\/222224\/revisions"}],"predecessor-version":[{"id":222302,"href":"https:\/\/europeancourt.org\/sl\/wp-json\/wp\/v2\/pages\/222224\/revisions\/222302"}],"up":[{"embeddable":true,"href":"https:\/\/europeancourt.org\/sl\/wp-json\/wp\/v2\/pages\/222192"}],"wp:featuredmedia":[{"embeddable":true,"href":"https:\/\/europeancourt.org\/sl\/wp-json\/wp\/v2\/media\/222495"}],"wp:attachment":[{"href":"https:\/\/europeancourt.org\/sl\/wp-json\/wp\/v2\/media?parent=222224"}],"wp:term":[{"taxonomy":"category","embeddable":true,"href":"https:\/\/europeancourt.org\/sl\/wp-json\/wp\/v2\/categories?post=222224"},{"taxonomy":"post_tag","embeddable":true,"href":"https:\/\/europeancourt.org\/sl\/wp-json\/wp\/v2\/tags?post=222224"}],"curies":[{"name":"wp","href":"https:\/\/api.w.org\/{rel}","templated":true}]}}