{"id":223443,"date":"2021-10-07T00:26:31","date_gmt":"2021-10-06T22:26:31","guid":{"rendered":"https:\/\/europeancourt.org\/?page_id=223443"},"modified":"2025-11-29T11:29:39","modified_gmt":"2025-11-29T10:29:39","slug":"najdite-%c5%a1t-prito%c5%bebe-sprejem-v-obravnavo-ali-sodbo","status":"publish","type":"page","link":"https:\/\/europeancourt.org\/sl\/storitve\/es%c4%8dp\/najdite-%c5%a1t-prito%c5%bebe-sprejem-v-obravnavo-ali-sodbo\/","title":{"rendered":"Najdite \u0161t. prito\u017ebe ES\u010cP, sprejem v obravnavo ali sodbo"},"content":{"rendered":"<div class=\"mywpcf7cf myshow myhide\">Ali poznate \u0161tevilko zadevne prito\u017ebe?<\/div>\r\n<div class=\"mywpcf7cf myshow myhide\">\r\n  <span class=\"mymultyradiobutton blue\">\r\n    <span class=\"wpcf7-list-item wpcf7\">\r\n      <label><input type=\"radio\"><span class=\"wpcf7-list-item-label\">Da<\/span><\/label>\r\n    <\/span>\r\n  <\/span>\r\n  <span class=\"mymultyradiobutton blue\">\r\n    <span class=\"wpcf7-list-item wpcf7\">\r\n      <label><input type=\"radio\"><span class=\"wpcf7-list-item-label\">Ne<\/span><\/label>\r\n    <\/span>\r\n  <\/span>\r\n<\/div>\r\n<div class=\"mywpcf7cf-blueleft myshow myhide\">\r\n  <span class=\"mycustomsummary\">Kaj je \u0161tevilka prito\u017ebe?<\/span>\r\n  <span class=\"mycustomdetails\">\r\n    <span class=\"vlist\">\r\n      <span class=\"vitem\">\u0160tevilka prito\u017ebe je navedena v vsakem pismu ES\u010cP o prito\u017ebi, ki je bila vpisana, takoj za besedami \u201eVloga \u0161t.\u201c in pred imenom zadeve. V korespondenci v angle\u0161\u010dini je \u201eApplication no.\u201c, v franco\u0161\u010dini pa \u201eRequ\u00eate n\u00b0\u201c.<\/span>\r\n      <span class=\"vitem\">Oblika \u0161tevilke prito\u017ebe: \u0160TEVILKA\/LETO, npr. 123\/14. Le \u0161tevilke in po\u0161evnica, nagnjena v desno: \u201e\/\u201c, brez presledkov.<\/span>\r\n      <span class=\"vitem\">\u0160tevilka enake oblike v pismu ES\u010cP o neskladnosti prito\u017ebenega obrazca z zahtevami ni \u0161tevilka prito\u017ebe. Ta \u0161tevilka lahko postane \u0161tevilka prito\u017ebe \u0161ele potem, ko ES\u010cP prejme nov prito\u017ebeni obrazec, ki ustreza zahtevam, in prito\u017ebo vpi\u0161e. V takem pismu ime zadeve ni navedeno, ker prito\u017eba ni vpisana, obi\u010dajno pa je navedena koda ECHR-Axxx6, kjer \u201exxx\u201c ozna\u010duje jezik pisma.<\/span>\r\n    <\/span>\r\n  <\/span>\r\n<\/div>\r\n<div class=\"mywpcf7cf myshow myhide mywpcf7cf-utility\">\r\n  <div class=\"mybutton red not-in-text-button is-disabled\" aria-disabled=\"true\">Za\u010dni znova<\/div>\r\n  <a class=\"mybutton red not-in-text-button\" href=\"mailto:oleg.anishchik@europeancourt.org?subject=Najdite \u0161t. prito\u017ebe ES\u010cP, sprejem v obravnavo ali sodbo: napaka&#038;body=Opis napake: \">Prijavi napako<\/a>\r\n<\/div>\r\n<div id=\"ajax_content\"><\/div>","protected":false},"excerpt":{"rendered":"Ali poznate \u0161tevilko zadevne prito\u017ebe? Da Ne Kaj je \u0161tevilka prito\u017ebe? \u0160tevilka prito\u017ebe je navedena v vsakem pismu ES\u010cP o prito\u017ebi, ki je bila vpisana, takoj za besedami \u201eVloga \u0161t.\u201c in pred imenom zadeve.&#46;&#46;&#46;","protected":false},"author":1,"featured_media":223444,"parent":222224,"menu_order":0,"comment_status":"closed","ping_status":"closed","template":"","meta":{"footnotes":""},"categories":[],"tags":[],"class_list":["post-223443","page","type-page","status-publish","has-post-thumbnail","hentry"],"_links":{"self":[{"href":"https:\/\/europeancourt.org\/sl\/wp-json\/wp\/v2\/pages\/223443","targetHints":{"allow":["GET"]}}],"collection":[{"href":"https:\/\/europeancourt.org\/sl\/wp-json\/wp\/v2\/pages"}],"about":[{"href":"https:\/\/europeancourt.org\/sl\/wp-json\/wp\/v2\/types\/page"}],"author":[{"embeddable":true,"href":"https:\/\/europeancourt.org\/sl\/wp-json\/wp\/v2\/users\/1"}],"replies":[{"embeddable":true,"href":"https:\/\/europeancourt.org\/sl\/wp-json\/wp\/v2\/comments?post=223443"}],"version-history":[{"count":1,"href":"https:\/\/europeancourt.org\/sl\/wp-json\/wp\/v2\/pages\/223443\/revisions"}],"predecessor-version":[{"id":223445,"href":"https:\/\/europeancourt.org\/sl\/wp-json\/wp\/v2\/pages\/223443\/revisions\/223445"}],"up":[{"embeddable":true,"href":"https:\/\/europeancourt.org\/sl\/wp-json\/wp\/v2\/pages\/222224"}],"wp:featuredmedia":[{"embeddable":true,"href":"https:\/\/europeancourt.org\/sl\/wp-json\/wp\/v2\/media\/223444"}],"wp:attachment":[{"href":"https:\/\/europeancourt.org\/sl\/wp-json\/wp\/v2\/media?parent=223443"}],"wp:term":[{"taxonomy":"category","embeddable":true,"href":"https:\/\/europeancourt.org\/sl\/wp-json\/wp\/v2\/categories?post=223443"},{"taxonomy":"post_tag","embeddable":true,"href":"https:\/\/europeancourt.org\/sl\/wp-json\/wp\/v2\/tags?post=223443"}],"curies":[{"name":"wp","href":"https:\/\/api.w.org\/{rel}","templated":true}]}}