{"id":225461,"date":"2026-04-26T21:34:04","date_gmt":"2026-04-26T19:34:04","guid":{"rendered":"https:\/\/europeancourt.org\/storitve\/es%c4%8dp\/priprava-prito%c5%beb-na-es%c4%8cp\/"},"modified":"2026-04-26T21:34:44","modified_gmt":"2026-04-26T19:34:44","slug":"priprava-prito%c5%beb-na-es%c4%8cp","status":"publish","type":"page","link":"https:\/\/europeancourt.org\/sl\/storitve\/es%c4%8dp\/priprava-prito%c5%beb-na-es%c4%8cp\/","title":{"rendered":"Priprava prito\u017eb na ES\u010cP"},"content":{"rendered":"<div id=\"ec-preparation-page\" class=\"ec-service-page ec-service-preparation\" data-service=\"preparation\"\n  data-ec-service-page-id=\"225461\"\n  data-ec-service-form-id=\"225462\"\n  data-ec-service-lang=\"sl\"\n  data-ec-service-docs-message=\"Prilo\u017eite dokumente kot datoteke ali prilepite povezavo do njih v poljubni storitvi v oblaku.\"\n  data-ec-service-submit-message=\"Za po\u0161iljanje zahteve prilo\u017eite dokumente ali vstavite povezavo do njih, odgovorite na obvezna vpra\u0161anja in izpolnite polja, ki se prika\u017eejo.\"\n  data-ec-service-email-message=\"Izpolnite to polje.\"\n  data-ec-service-invalid-url-message=\"Popravite povezavo.\"\n  data-ec-service-load-error=\"Napaka.\">\n<div class=\"ec-service-screen ec-service-screen-1\">\n<div class=\"mywpcf7cf myshow myhide\">Cena priprave prito\u017ebe pri ES\u010cP je odvisna od tega, koliko \u010dasa bo delo zahtevalo. Razpon je zelo velik: od nekaj sto evrov, kadar je vse mogo\u010de opraviti v dveh ali treh urah, do 10.000 evrov in ve\u010d, kadar je potrebnih ve\u010d deset ur. Ta \u010das je potreben za preu\u010ditev dokumentov, izlu\u0161\u010denje klju\u010dnih dejstev, izbor in analizo vse aktualne sodne prakse ES\u010cP, ki je za vsak morebitni o\u010ditek upo\u0161tevna tako vsebinsko kot glede dopustnosti, oblikovanje o\u010ditkov na tej podlagi, utemeljitev vsake o\u010ditane kr\u0161itve in izpolnjevanja meril dopustnosti pri vsaki od njih ter za kratek, jasen in notranje skladen prikaz vsega tega v prito\u017ebenem obrazcu.<\/div>\n<div class=\"mywpcf7cf myshow myhide\">Koliko \u010dasa bo delo zahtevalo prav v va\u0161em primeru in koliko bo zato stala priprava prito\u017ebe, lahko ugotovim samo na podlagi dokumentov. Predlo\u017eite vse odlo\u010dbe, zoper katere imate o\u010ditke, in druge dokumente, v katerih so zajeti ukrepi, zoper katere imate o\u010ditke; vse vloge pri nacionalnih organih, vklju\u010dno s sodi\u0161\u010di, v katerih so bili ti o\u010ditki vsebinsko uveljavljani, ter vse odlo\u010dbe o takih vlogah. \u010ce imate vse gradivo zadeve \u017ee v elektronski obliki, ga je najbolje predlo\u017eiti vsega naenkrat. Ne skrbite, \u010de prilo\u017eite odve\u010dne dokumente ali \u010de \u010desa ne prilo\u017eite: \u010de bom po pregledu poslanega potreboval dodatne dokumente, vas bom prosil zanje.<\/div>\n<div class=\"mywpcf7cf myshow myhide\">Na va\u0161o zahtevo glede cene priprave prito\u017ebe obi\u010dajno odgovorim v enem tednu po prejemu vseh potrebnih dokumentov in informacij. \u010ce se rok za prito\u017ebo na ES\u010cP izte\u010de v najbli\u017ejih dneh, mi pi\u0161ite in vpra\u0161ajte, ali lahko va\u0161o zahtevo obravnavam nujno. Na tako sporo\u010dilo vam bom odgovoril v 24 urah. \u010ce potrdim, da lahko zahtevo obravnavam nujno, vi pa takoj predlo\u017eite potrebne dokumente in informacije, vam bom svojo oceno cene sporo\u010dil v naslednjih 48 urah.<\/div>\n<div class=\"mywpcf7cf myshow myhide\">\u010ce presodim, da je prito\u017ebo pri ES\u010cP mogo\u010de razumno pravno utemeljiti, vam bom sporo\u010dil natan\u010dno ceno priprave prito\u017ebe glede na o\u010ditke, ki jih je smiselno uveljavljati, in zelo na kratko navedel, glede \u010desa se ni smiselno prito\u017eevati. Hkrati vam bom poslal pogodbo za pripravo prito\u017ebe. Storitev lahko pla\u010date z ban\u010dnim nakazilom na moj ra\u010dun v \u0160vici ali na drug na\u010din, odvisno od dr\u017eave pla\u010dila. Rok za pripravo prito\u017ebe bo vedno dolo\u010den tako, da bo prito\u017ebo mogo\u010de pravo\u010dasno vlo\u017eiti pri ES\u010cP. Po kon\u010danem delu boste po e-po\u0161ti prejeli izpolnjen prito\u017ebeni obrazec, urejene priloge k njemu in pojasnila, kako vse to pravilno natisniti, podpisati in poslati ES\u010cP. Zastopanje pred ES\u010cP in kakr\u0161no koli drugo delo v zadevi nista vklju\u010dena v ceno priprave prito\u017ebe. \u010ce presodim, da prito\u017ebe pri ES\u010cP ni mogo\u010de razumno pravno utemeljiti, vam bom sporo\u010dil samo to.<\/div>\n<div class=\"mywpcf7cf myshow myhide\">Ta storitev o\u010ditno ni primerna za vas, \u010de za vas velja vsaj ena od naslednjih izjav:<\/div>\n<ul class=\"myshow myhide ec-service-blocker-list\"><li><label><input type=\"checkbox\" class=\"ec-service-blocker\" \/><span>Prito\u017ebeni obrazec imam \u017ee izpolnjen in potrebujem samo preverjanje napak.<\/span><\/label><\/li>\n<li><label><input type=\"checkbox\" class=\"ec-service-blocker\" \/><span>Nisem pripravljen predlo\u017eiti vseh potrebnih dokumentov v zadevi.<\/span><\/label><\/li>\n<li><label><input type=\"checkbox\" class=\"ec-service-blocker\" \/><span>Pri\u010dakujem podrobna pojasnila o vsakem svojem o\u010ditku, tudi \u010de ga v prito\u017ebi pri ES\u010cP ne bo mogo\u010de razumno pravno utemeljiti.<\/span><\/label><\/li>\n<li><label><input type=\"checkbox\" class=\"ec-service-blocker\" \/><span>Pri\u010dakujem, da bo prito\u017eba pripravljena tudi, \u010de je ne bo mogo\u010de razumno pravno utemeljiti.<\/span><\/label><\/li>\n<li><label><input type=\"checkbox\" class=\"ec-service-blocker\" \/><span>Glede na \u0161tevilo o\u010ditkov in obseg dokumentov, ki jih \u017ee imam v zadevi, mi je o\u010ditno, da bo priprava prito\u017ebe zahtevala precej ve\u010d \u010dasa in zato vi\u0161je stro\u0161ke, kot sem jih pripravljen\/-a kriti.<\/span><\/label><\/li>\n<li><label><input type=\"checkbox\" class=\"ec-service-blocker\" \/><span>Prito\u017ebeni obrazec lahko samostojno izpolnim v skladu z vsemi zahtevami ES\u010cP ter v njem navedem vsa klju\u010dna dejstva, o\u010ditane kr\u0161itve in podatke o izpolnjevanju meril dopustnosti za vsako o\u010ditano kr\u0161itev, in sicer povsem skladno z gradivom zadeve in aktualno sodno prakso ES\u010cP, ki je upo\u0161tevna za mojo zadevo.<\/span><\/label><\/li><\/ul>\n<div class=\"checking-load-wrap ec-service-load-wrap\"><div class=\"checking-load-button-row ec-service-load-button-row\"><button type=\"button\" class=\"mybutton blue ec-service-load-button\" id=\"load_ajax_form\" data-ec-service-load=\"preparation\" data-ec-service-form-id=\"225462\" data-blocked-message=\"Dokler je ozna\u010dena katera od teh izjav, ne bo mogo\u010de nadaljevati. \u010ce ste jo ozna\u010dili pomotoma, oznako odstranite.\">Predlo\u017eite dokumente<\/button><\/div>\n<div id=\"ec-service-load-status\" class=\"checking-load-status ec-service-load-status\" role=\"status\" aria-live=\"polite\"><\/div><\/div>\n<div class=\"mywpcf7cf myshow myhide\"><a class=\"mybutton blue not-in-text-button\" href=\"mailto:oleg.anishchik@europeancourt.org?subject=%C5%BDelim%20vpra%C5%A1ati%20o%20pogojih\">\u017delim vpra\u0161ati o pogojih<\/a><\/div>\n<div class=\"mywpcf7cf mywpcf7cf-utility ec-service-utility-row\"><div class=\"mybutton red not-in-text-button is-disabled\" aria-disabled=\"true\">Za\u010dni znova<\/div><div class=\"mybutton red not-in-text-button\" onclick=\"window.location.href='mailto:oleg.anishchik@europeancourt.org?subject=Priprava%20prito%C5%BEb%20na%20ES%C4%8CP%3A%20napaka&amp;body=Opis%20napake%3A';\">Prijavi napako<\/div><\/div>\n<\/div>\n<div class=\"ec-service-form-shell\"><div id=\"ajax_content\" class=\"ec-service-ajax-content\" data-loaded=\"0\"><\/div><\/div>\n<\/div>\n<script>\n(function(){\n  if (window.ecServicePageRuntimeReady) return;\n  window.ecServicePageRuntimeReady = true;\n\n  function trim(value) {\n    return String(value || '').replace(\/^\\s+|\\s+$\/g, '');\n  }\n\n  function clearNode(node) {\n    if (!node) return;\n    while (node.firstChild) node.removeChild(node.firstChild);\n  }\n\n  function renderStatus(node, message) {\n    if (!node) return;\n    clearNode(node);\n    if (!message) return;\n    var tip = document.createElement('span');\n    tip.className = 'wpcf7-not-valid-tip';\n    tip.textContent = message;\n    node.appendChild(tip);\n  }\n\n  function ajaxUrl() {\n    if (window.wpcf7cf_global_settings) {\n      if (window.wpcf7cf_global_settings.ajaxurl) {\n        return window.wpcf7cf_global_settings.ajaxurl;\n      }\n    }\n    if (window.ajaxurl) return window.ajaxurl;\n    return '\/wp-admin\/admin-ajax.php';\n  }\n\n  function pageRoot(node) {\n    if (!node) return null;\n    return node.closest ? node.closest('.ec-service-page') : null;\n  }\n\n  function loadStatus(root) {\n    return root ? root.querySelector('.ec-service-load-status') : null;\n  }\n\n  function submitStatus(root) {\n    if (!root) return null;\n    var submit = root.querySelector('#ajax_content .wpcf7-submit');\n    if (!submit) return null;\n    var node = root.querySelector('#ajax_content .ec-service-submit-status');\n    if (!node) {\n      node = document.createElement('div');\n      node.className = 'ec-service-submit-status';\n      node.setAttribute('role', 'status');\n      node.setAttribute('aria-live', 'polite');\n      submit.insertAdjacentElement('afterend', node);\n    }\n    return node;\n  }\n\n  function isLoaded(root) {\n    if (!root) return false;\n    var target = root.querySelector('#ajax_content');\n    if (!target) return false;\n    return target.getAttribute('data-loaded') === '1';\n  }\n\n  function syncBlockers(root) {\n    if (!root || isLoaded(root)) return;\n    var button = root.querySelector('[data-ec-service-load]');\n    if (!button || button.getAttribute('aria-busy') === 'true') return;\n    var blocked = !!root.querySelector('.ec-service-blocker:checked');\n    button.disabled = false;\n    button.setAttribute('data-soft-disabled', blocked ? '1' : '0');\n    button.classList.toggle('is-soft-disabled', blocked);\n    if (!blocked) renderStatus(loadStatus(root), '');\n  }\n\n  function scrollToNode(node) {\n    if (!node || !node.getBoundingClientRect) return;\n    var offset = 50;\n    var adminBar = document.getElementById('wpadminbar');\n    if (adminBar) {\n      if (window.getComputedStyle(adminBar).position === 'fixed') {\n        offset += adminBar.offsetHeight || 0;\n      }\n    }\n    var top = node.getBoundingClientRect().top + window.pageYOffset - offset;\n    window.scrollTo({ top: Math.max(top, 0), behavior: 'smooth' });\n  }\n\n  function initCf7(target) {\n    if (!target) return;\n    var form = target.querySelector('.wpcf7-form');\n    if (!form) return;\n    if (window.wpcf7) {\n      if (typeof window.wpcf7.init === 'function') {\n        try { window.wpcf7.init(form); } catch (error) {}\n      }\n    }\n    if (window.jQuery) {\n      if (window.wpcf7cf) {\n        if (typeof window.wpcf7cf.initForm === 'function') {\n          try { window.wpcf7cf.initForm(window.jQuery(form)); } catch (error) {}\n        }\n      }\n    }\n  }\n\n  function hasFiles(root) {\n    if (!root) return false;\n    var input = root.querySelector('#ajax_content input[name=\"multifile-applicationformfiles[]\"]');\n    if (!input) return false;\n    if (!input.files) return false;\n    return !!input.files.length;\n  }\n\n  function hasDocsLink(root) {\n    if (!root) return false;\n    var input = root.querySelector('#ajax_content input[name=\"url-documents-link\"]');\n    if (!input) return false;\n    var value = trim(input.value);\n    if (!value) return false;\n    if (typeof input.checkValidity === 'function') return input.checkValidity();\n    return true;\n  }\n\n  function docsLinkInvalid(root) {\n    if (!root) return false;\n    var input = root.querySelector('#ajax_content input[name=\"url-documents-link\"]');\n    if (!input) return false;\n    if (!trim(input.value)) return false;\n    if (typeof input.checkValidity !== 'function') return false;\n    return !input.checkValidity();\n  }\n\n  function emailOk(root) {\n    if (!root) return false;\n    var input = root.querySelector('#ajax_content input[name=\"your-email\"]');\n    if (!input) return true;\n    var value = trim(input.value);\n    if (!value) return false;\n    if (typeof input.checkValidity === 'function') return input.checkValidity();\n    return \/^[^\\s@]+@[^\\s@]+\\.[^\\s@]+$\/.test(value);\n  }\n\n  function isVisible(node) {\n    if (!node) return false;\n    var current = node;\n    while (current) {\n      if (current === document.documentElement) break;\n      if (current.nodeType === 1) {\n        if (current.hidden) return false;\n        if (current.classList) {\n          if (current.classList.contains('wpcf7cf-hidden')) return false;\n        }\n        if (current.getAttribute) {\n          if (current.getAttribute('aria-hidden') === 'true') return false;\n        }\n        if (window.getComputedStyle(current).display === 'none') return false;\n      }\n      current = current.parentNode;\n    }\n    return true;\n  }\n\n  function radioGroupOk(root, name) {\n    var items = root ? root.querySelectorAll('#ajax_content input[name=\"' + name + '\"]') : [];\n    if (!items.length) return true;\n    for (var i = 0; i < items.length; i += 1) {\n      if (items[i].checked) return true;\n    }\n    return false;\n  }\n\n  function visibleTextOk(root, name) {\n    if (!root) return true;\n    var node = root.querySelector('#ajax_content [name=\"' + name + '\"]');\n    if (!node || !isVisible(node)) return true;\n    return !!trim(node.value);\n  }\n\n  function answersOk(root) {\n    if (!root || root.getAttribute('data-service') !== 'preparation') return true;\n    if (!radioGroupOk(root, 'prep-claims-scope')) return false;\n    if (!radioGroupOk(root, 'prep-low-chance')) return false;\n    if (!radioGroupOk(root, 'prep-essential-results')) return false;\n    if (!visibleTextOk(root, 'prep-listed-claims-text')) return false;\n    if (!visibleTextOk(root, 'prep-low-chance-claims-text')) return false;\n    if (!visibleTextOk(root, 'prep-essential-results-details')) return false;\n    return true;\n  }\n\n  function markAttention(root, on) {\n    ['input[name=\"multifile-applicationformfiles[]\"]', 'input[name=\"url-documents-link\"]', 'input[name=\"your-email\"]', 'textarea[name=\"prep-listed-claims-text\"]', 'textarea[name=\"prep-low-chance-claims-text\"]', 'textarea[name=\"prep-essential-results-details\"]'].forEach(function(selector) {\n      var node = root ? root.querySelector('#ajax_content ' + selector) : null;\n      if (!node) return;\n      node.classList.toggle('ec-service-needs-attention', !!on);\n      if (on) node.setAttribute('aria-invalid', 'true');\n      else node.removeAttribute('aria-invalid');\n    });\n    ['prep-claims-scope', 'prep-low-chance', 'prep-essential-results'].forEach(function(name) {\n      var wrap = root ? root.querySelector('#ajax_content .wpcf7-form-control-wrap[data-name=\"' + name + '\"]') : null;\n      if (!wrap) return;\n      wrap.classList.toggle('ec-service-needs-attention', !!on);\n    });\n  }\n\n  function formReady(root) {\n    if (!(hasFiles(root) || hasDocsLink(root))) return false;\n    if (!answersOk(root)) return false;\n    return emailOk(root);\n  }\n\n  function syncSubmit(root) {\n    if (!root) return;\n    var submit = root.querySelector('#ajax_content .wpcf7-submit');\n    if (!submit) return;\n    var ready = formReady(root);\n    submit.disabled = false;\n    submit.setAttribute('data-soft-disabled', ready ? '0' : '1');\n    submit.classList.toggle('is-soft-disabled', !ready);\n    if (ready) {\n      renderStatus(submitStatus(root), '');\n      markAttention(root, false);\n    }\n  }\n\n  function missingMessage(root) {\n    if (docsLinkInvalid(root)) {\n      return root.getAttribute('data-ec-service-invalid-url-message') || '';\n    }\n    if (!(hasFiles(root) || hasDocsLink(root)) || !answersOk(root)) {\n      return root.getAttribute('data-ec-service-submit-message') || root.getAttribute('data-ec-service-docs-message') || '';\n    }\n    if (!emailOk(root)) {\n      return root.getAttribute('data-ec-service-email-message') || '';\n    }\n    return '';\n  }\n\n  function blockSubmit(event, root) {\n    if (formReady(root)) return false;\n    event.preventDefault();\n    event.stopPropagation();\n    if (event.stopImmediatePropagation) event.stopImmediatePropagation();\n    markAttention(root, true);\n    renderStatus(submitStatus(root), missingMessage(root));\n    return true;\n  }\n\n  function setupLoadedForm(root) {\n    syncSubmit(root);\n  }\n\n  function loadForm(root, button) {\n    if (!root || !button || root.__ecServiceLoading) return;\n    var target = root.querySelector('#ajax_content');\n    if (!target) return;\n    var formId = root.getAttribute('data-ec-service-form-id') || button.getAttribute('data-ec-service-form-id') || '';\n    var pageId = root.getAttribute('data-ec-service-page-id') || '';\n    var service = root.getAttribute('data-service') || button.getAttribute('data-ec-service-load') || '';\n    var lang = root.getAttribute('data-ec-service-lang') || '';\n    if (!formId || !pageId || !service) {\n      renderStatus(loadStatus(root), root.getAttribute('data-ec-service-load-error') || '');\n      return;\n    }\n    root.__ecServiceLoading = true;\n    root.classList.add('is-form-loading');\n    button.setAttribute('aria-busy', 'true');\n    renderStatus(loadStatus(root), '');\n    var body = new URLSearchParams();\n    body.set('action', 'load_form_ec_service');\n    body.set('service', service);\n    body.set('page_id', pageId);\n    body.set('form_id', formId);\n    body.set('lang', lang);\n    window.fetch(ajaxUrl(), {\n      method: 'POST',\n      credentials: 'same-origin',\n      headers: {'Content-Type': 'application\/x-www-form-urlencoded; charset=UTF-8'},\n      body: body.toString()\n    }).then(function(response) {\n      if (!response.ok) throw new Error('ajax_' + response.status);\n      return response.text();\n    }).then(function(html) {\n      if (!trim(html)) throw new Error('empty_response');\n      target.innerHTML = html;\n      target.setAttribute('data-loaded', '1');\n      root.classList.add('is-form-open');\n      initCf7(target);\n      setupLoadedForm(root);\n      scrollToNode(target);\n    }).catch(function() {\n      renderStatus(loadStatus(root), root.getAttribute('data-ec-service-load-error') || '');\n    }).then(function() {\n      root.__ecServiceLoading = false;\n      root.classList.remove('is-form-loading');\n      button.removeAttribute('aria-busy');\n      syncBlockers(root);\n    });\n  }\n\n  window.ecServiceStartOver = function(event) {\n    var root = pageRoot(event ? event.target : null);\n    if (!root) return;\n    if (event) {\n      event.preventDefault();\n      event.stopPropagation();\n    }\n    var target = root.querySelector('#ajax_content');\n    if (target) {\n      target.innerHTML = '';\n      target.setAttribute('data-loaded', '0');\n    }\n    root.querySelectorAll('.ec-service-blocker').forEach(function(node) { node.checked = false; });\n    root.classList.remove('is-form-open', 'is-form-loading');\n    renderStatus(loadStatus(root), '');\n    syncBlockers(root);\n    scrollToNode(root);\n  };\n\n  document.addEventListener('click', function(event) {\n    var button = null;\n    if (event.target) {\n      if (event.target.closest) {\n        button = event.target.closest('[data-ec-service-load]');\n      }\n    }\n    if (!button) return;\n    var root = pageRoot(button);\n    if (!root) return;\n    event.preventDefault();\n    event.stopPropagation();\n    if (event.stopImmediatePropagation) event.stopImmediatePropagation();\n    if (root.querySelector('.ec-service-blocker:checked')) {\n      renderStatus(loadStatus(root), button.getAttribute('data-blocked-message') || '');\n      syncBlockers(root);\n      return;\n    }\n    loadForm(root, button);\n  }, true);\n\n  document.addEventListener('click', function(event) {\n    var submit = null;\n    if (event.target) {\n      if (event.target.closest) {\n        submit = event.target.closest('.ec-service-page #ajax_content .wpcf7-submit');\n      }\n    }\n    if (!submit) return;\n    blockSubmit(event, pageRoot(submit));\n  }, true);\n\n  document.addEventListener('submit', function(event) {\n    var form = event.target;\n    if (!form || !form.closest) return;\n    var root = form.closest('.ec-service-page');\n    if (root) blockSubmit(event, root);\n  }, true);\n\n  document.addEventListener('change', function(event) {\n    var root = pageRoot(event.target);\n    if (!root) return;\n    if (event.target.matches('.ec-service-blocker')) syncBlockers(root);\n    syncSubmit(root);\n  }, true);\n\n  document.addEventListener('input', function(event) {\n    var root = pageRoot(event.target);\n    if (root) syncSubmit(root);\n  }, true);\n\n  document.querySelectorAll('.ec-service-page').forEach(syncBlockers);\n})();\n<\/script>","protected":false},"excerpt":{"rendered":"Cena priprave prito\u017ebe pri ES\u010cP je odvisna od tega, koliko \u010dasa bo delo zahtevalo. Razpon je zelo velik: od nekaj sto evrov, kadar je vse mogo\u010de opraviti v dveh ali treh urah, do 10.000&#46;&#46;&#46;","protected":false},"author":0,"featured_media":0,"parent":222224,"menu_order":0,"comment_status":"closed","ping_status":"closed","template":"","meta":{"footnotes":""},"categories":[],"tags":[],"class_list":["post-225461","page","type-page","status-publish","hentry"],"_links":{"self":[{"href":"https:\/\/europeancourt.org\/sl\/wp-json\/wp\/v2\/pages\/225461","targetHints":{"allow":["GET"]}}],"collection":[{"href":"https:\/\/europeancourt.org\/sl\/wp-json\/wp\/v2\/pages"}],"about":[{"href":"https:\/\/europeancourt.org\/sl\/wp-json\/wp\/v2\/types\/page"}],"replies":[{"embeddable":true,"href":"https:\/\/europeancourt.org\/sl\/wp-json\/wp\/v2\/comments?post=225461"}],"version-history":[{"count":4,"href":"https:\/\/europeancourt.org\/sl\/wp-json\/wp\/v2\/pages\/225461\/revisions"}],"predecessor-version":[{"id":226002,"href":"https:\/\/europeancourt.org\/sl\/wp-json\/wp\/v2\/pages\/225461\/revisions\/226002"}],"up":[{"embeddable":true,"href":"https:\/\/europeancourt.org\/sl\/wp-json\/wp\/v2\/pages\/222224"}],"wp:attachment":[{"href":"https:\/\/europeancourt.org\/sl\/wp-json\/wp\/v2\/media?parent=225461"}],"wp:term":[{"taxonomy":"category","embeddable":true,"href":"https:\/\/europeancourt.org\/sl\/wp-json\/wp\/v2\/categories?post=225461"},{"taxonomy":"post_tag","embeddable":true,"href":"https:\/\/europeancourt.org\/sl\/wp-json\/wp\/v2\/tags?post=225461"}],"curies":[{"name":"wp","href":"https:\/\/api.w.org\/{rel}","templated":true}]}}