{"id":225467,"date":"2026-04-26T14:48:59","date_gmt":"2026-04-26T12:48:59","guid":{"rendered":"https:\/\/europeancourt.org\/pravni-nasveti-in-stiki\/"},"modified":"2026-04-26T17:29:00","modified_gmt":"2026-04-26T15:29:00","slug":"pravni-nasveti-in-stiki","status":"publish","type":"page","link":"https:\/\/europeancourt.org\/sl\/pravni-nasveti-in-stiki\/","title":{"rendered":"Pravni nasveti in stiki"},"content":{"rendered":"<div class=\"mywpcf7cf myshow myhide\">Potrebujem:<\/div>\n\n<div class=\"myshow myhide\"><span class=\"wpcf7-radio\"><span class=\"wpcf7-list-item\"><label><span class=\"wpcf7-list-item-label\">pripraviti prito\u017ebo za ES\u010cP<\/span><\/label><\/span><\/span><\/div>\n\n<div class=\"myshow myhide\"><span class=\"wpcf7-radio\"><span class=\"wpcf7-list-item\"><label><span class=\"wpcf7-list-item-label\">preveriti prito\u017ebeni obrazec pred po\u0161iljanjem na ES\u010cP<\/span><\/label><\/span><\/span><\/div>\n\n<div class=\"myshow myhide\"><span class=\"wpcf7-radio\"><span class=\"wpcf7-list-item\"><label><span class=\"wpcf7-list-item-label\">zastopanje prito\u017enika pred ES\u010cP po tem, ko je bila prito\u017eba posredovana to\u017eeni vladi<\/span><\/label><\/span><\/span><\/div>\n\n<div class=\"myshow myhide\"><span class=\"wpcf7-radio\"><span class=\"wpcf7-list-item\"><label><span class=\"wpcf7-list-item-label\">izvedeti stanje prito\u017ebe pri ES\u010cP<\/span><\/label><\/span><\/span><\/div>\n\n<div class=\"myshow myhide\"><span class=\"wpcf7-radio\"><span class=\"wpcf7-list-item\"><label><span class=\"wpcf7-list-item-label\">prenesti prito\u017ebeni obrazec za ES\u010cP<\/span><\/label><\/span><\/span><\/div>\n\n<div class=\"myshow myhide\"><span class=\"wpcf7-radio\"><span class=\"wpcf7-list-item\"><label><span class=\"wpcf7-list-item-label\">zaprositi za pisno svetovanje<\/span><\/label><\/span><\/span><\/div>\n\n<div class=\"myshow myhide\"><span class=\"wpcf7-radio\"><span class=\"wpcf7-list-item\"><label><span class=\"wpcf7-list-item-label\">prikazati kontaktne podatke<\/span><\/label><\/span><\/span><\/div>\n<div id=\"ajax_content\"><\/div>","protected":false},"excerpt":{"rendered":"Potrebujem: pripraviti prito\u017ebo za ES\u010cP preveriti prito\u017ebeni obrazec pred po\u0161iljanjem na ES\u010cP zastopanje prito\u017enika pred ES\u010cP po tem, ko je bila prito\u017eba posredovana to\u017eeni vladi izvedeti stanje prito\u017ebe pri ES\u010cP prenesti prito\u017ebeni obrazec za&#46;&#46;&#46;","protected":false},"author":0,"featured_media":0,"parent":0,"menu_order":0,"comment_status":"closed","ping_status":"closed","template":"","meta":{"footnotes":""},"categories":[],"tags":[],"class_list":["post-225467","page","type-page","status-publish","hentry"],"_links":{"self":[{"href":"https:\/\/europeancourt.org\/sl\/wp-json\/wp\/v2\/pages\/225467","targetHints":{"allow":["GET"]}}],"collection":[{"href":"https:\/\/europeancourt.org\/sl\/wp-json\/wp\/v2\/pages"}],"about":[{"href":"https:\/\/europeancourt.org\/sl\/wp-json\/wp\/v2\/types\/page"}],"replies":[{"embeddable":true,"href":"https:\/\/europeancourt.org\/sl\/wp-json\/wp\/v2\/comments?post=225467"}],"version-history":[{"count":1,"href":"https:\/\/europeancourt.org\/sl\/wp-json\/wp\/v2\/pages\/225467\/revisions"}],"predecessor-version":[{"id":225650,"href":"https:\/\/europeancourt.org\/sl\/wp-json\/wp\/v2\/pages\/225467\/revisions\/225650"}],"wp:attachment":[{"href":"https:\/\/europeancourt.org\/sl\/wp-json\/wp\/v2\/media?parent=225467"}],"wp:term":[{"taxonomy":"category","embeddable":true,"href":"https:\/\/europeancourt.org\/sl\/wp-json\/wp\/v2\/categories?post=225467"},{"taxonomy":"post_tag","embeddable":true,"href":"https:\/\/europeancourt.org\/sl\/wp-json\/wp\/v2\/tags?post=225467"}],"curies":[{"name":"wp","href":"https:\/\/api.w.org\/{rel}","templated":true}]}}