{"id":116070,"date":"2022-06-13T12:26:38","date_gmt":"2022-06-13T10:26:38","guid":{"rendered":"https:\/\/europeancourt.org\/dokumentet\/"},"modified":"2024-06-25T16:10:16","modified_gmt":"2024-06-25T14:10:16","slug":"dokumentet","status":"publish","type":"page","link":"https:\/\/europeancourt.org\/sq\/dokumentet\/","title":{"rendered":"Dokumentet"},"content":{"rendered":"<ul>\n<li><a href=\"https:\/\/europeancourt.org\/sq\/dokumentet\/k%c3%abshilli-i-evrop%c3%abs\/\" title=\"K\u00ebshilli i Evrop\u00ebs\">K\u00ebshilli i Evrop\u00ebs<\/a><\/li>\n<ul>\n<li><a href=\"https:\/\/europeancourt.org\/sq\/dokumentet\/k%c3%abshilli-i-evrop%c3%abs\/konventa-evropiane-p%c3%abr-t%c3%ab-drejtat-e-njeriut\/\" title=\"Konventa p\u00ebr Mbrojtjen e t\u00eb Drejtave t\u00eb Njeriut dhe t\u00eb Lirive Themelore\">Konventa p\u00ebr Mbrojtjen e t\u00eb Drejtave t\u00eb Njeriut dhe t\u00eb Lirive Themelore<\/a><\/li>\n<ul>\n<li><a href=\"https:\/\/europeancourt.org\/sq\/dokumentet\/k%c3%abshilli-i-evrop%c3%abs\/konventa-evropiane-p%c3%abr-t%c3%ab-drejtat-e-njeriut\/protokolli-nr1\/\" title=\"Protokoll shtes\u00eb i Konvent\u00ebs p\u00ebr Mbrojtjen e t\u00eb Drejtave t\u00eb Njeriut dhe t\u00eb Lirive Themelore\">Protokoll shtes\u00eb i Konvent\u00ebs p\u00ebr Mbrojtjen e t\u00eb Drejtave t\u00eb Njeriut dhe t\u00eb Lirive Themelore<\/a><\/li>\n<li><a href=\"https:\/\/europeancourt.org\/sq\/dokumentet\/k%c3%abshilli-i-evrop%c3%abs\/konventa-evropiane-p%c3%abr-t%c3%ab-drejtat-e-njeriut\/protokolli-nr4\/\" title=\"Protokolli Nr. 4 i Konvent\u00ebs p\u00ebr Mbrojtjen e t\u00eb Drejtave t\u00eb Njeriut dhe t\u00eb Lirive Themelore\">Protokolli Nr. 4 i Konvent\u00ebs p\u00ebr Mbrojtjen e t\u00eb Drejtave t\u00eb Njeriut dhe t\u00eb Lirive Themelore<\/a><\/li>\n<li><a href=\"https:\/\/europeancourt.org\/sq\/dokumentet\/k%c3%abshilli-i-evrop%c3%abs\/konventa-evropiane-p%c3%abr-t%c3%ab-drejtat-e-njeriut\/protokolli-nr6\/\" title=\"Protokolli Nr. 6 i Konvent\u00ebs p\u00ebr Mbrojtjen e t\u00eb Drejtave t\u00eb Njeriut dhe t\u00eb Lirive Themelore\">Protokolli Nr. 6 i Konvent\u00ebs p\u00ebr Mbrojtjen e t\u00eb Drejtave t\u00eb Njeriut dhe t\u00eb Lirive Themelore<\/a><\/li>\n<li><a href=\"https:\/\/europeancourt.org\/sq\/dokumentet\/k%c3%abshilli-i-evrop%c3%abs\/konventa-evropiane-p%c3%abr-t%c3%ab-drejtat-e-njeriut\/protokolli-nr7\/\" title=\"Protokolli Nr. 7 i Konvent\u00ebs p\u00ebr Mbrojtjen e t\u00eb Drejtave t\u00eb Njeriut dhe t\u00eb Lirive Themelore\">Protokolli Nr. 7 i Konvent\u00ebs p\u00ebr Mbrojtjen e t\u00eb Drejtave t\u00eb Njeriut dhe t\u00eb Lirive Themelore<\/a><\/li>\n<li><a href=\"https:\/\/europeancourt.org\/sq\/dokumentet\/k%c3%abshilli-i-evrop%c3%abs\/konventa-evropiane-p%c3%abr-t%c3%ab-drejtat-e-njeriut\/protokolli-nr12\/\" title=\"Protokolli Nr. 12 i Konvent\u00ebs p\u00ebr Mbrojtjen e t\u00eb Drejtave t\u00eb Njeriut dhe t\u00eb Lirive Themelore\">Protokolli Nr. 12 i Konvent\u00ebs p\u00ebr Mbrojtjen e t\u00eb Drejtave t\u00eb Njeriut dhe t\u00eb Lirive Themelore<\/a><\/li>\n<li><a href=\"https:\/\/europeancourt.org\/sq\/dokumentet\/k%c3%abshilli-i-evrop%c3%abs\/konventa-evropiane-p%c3%abr-t%c3%ab-drejtat-e-njeriut\/protokolli-nr13\/\" title=\"Protokolli Nr. 13 i Konvent\u00ebs p\u00ebr Mbrojtjen e t\u00eb Drejtave t\u00eb Njeriut dhe t\u00eb Lirive Themelore\">Protokolli Nr. 13 i Konvent\u00ebs p\u00ebr Mbrojtjen e t\u00eb Drejtave t\u00eb Njeriut dhe t\u00eb Lirive Themelore<\/a><\/li>\n<li><a href=\"https:\/\/europeancourt.org\/sq\/dokumentet\/k%c3%abshilli-i-evrop%c3%abs\/konventa-evropiane-p%c3%abr-t%c3%ab-drejtat-e-njeriut\/protokolli-nr16\/\" title=\"Protokolli Nr.16 i Konvent\u00ebs p\u00ebr Mbrojtjen e t\u00eb Drejtave t\u00eb Njeriut dhe t\u00eb Lirive Themelore\">Protokolli Nr.16 i Konvent\u00ebs p\u00ebr Mbrojtjen e t\u00eb Drejtave t\u00eb Njeriut dhe t\u00eb Lirive Themelore<\/a><\/li>\n<\/ul>\n<li><a href=\"https:\/\/europeancourt.org\/sq\/dokumentet\/k%c3%abshilli-i-evrop%c3%abs\/gjednj\/\" title=\"Gjykata Evropiane e t\u00eb Drejtave t\u00eb Njeriut\">Gjykata Evropiane e t\u00eb Drejtave t\u00eb Njeriut<\/a><\/li>\n<ul>\n<li><a href=\"https:\/\/europeancourt.org\/sq\/dokumentet\/k%c3%abshilli-i-evrop%c3%abs\/gjednj\/rregullorja-neni-47\/\" title=\"Neni 47 t\u00eb Rregullores s\u00eb Gjykat\u00ebs Evropiane e t\u00eb Drejtave t\u00eb Njeriut\">Rregullorja e Gjykat\u00ebs \u2013 Neni 47<\/a><\/li>\n<li><a href=\"https:\/\/europeancourt.org\/en\/documents\/council-of-europe\/echr\/practice-directions-institution-of-proceedings\/\" title=\"Fillimin e procedurave \u2013 Udh\u00ebzimin Praktik\">Fillimin e procedurave \u2013 Udh\u00ebzimin Praktik<\/a><\/li>\n<li><a href=\"https:\/\/europeancourt.org\/sq\/dokumentet\/k%c3%abshilli-i-evrop%c3%abs\/gjednj\/formular-ankimi\/\" title=\"Formular ankimi n\u00eb Gjykat\u00ebn Evropiane t\u00eb t\u00eb Drejtave t\u00eb Njeriut\">Formular ankimi<\/a><\/li>\n<ul>\n<li><a href=\"https:\/\/europeancourt.org\/sq\/dokumentet\/k%c3%abshilli-i-evrop%c3%abs\/gjednj\/formular-ankimi\/sh%c3%abnime-mbi-plot%c3%absimin\/\" title=\"Sh\u00ebnime mbi plot\u00ebsimin e formularit t\u00eb ankimit\">Sh\u00ebnime mbi plot\u00ebsimin e formularit t\u00eb ankimit<\/a><\/li>\n<\/ul>\n<li><a href=\"https:\/\/europeancourt.org\/sq\/dokumentet\/k%c3%abshilli-i-evrop%c3%abs\/gjednj\/prokur%c3%ab\/\" title=\"Prokur\u00eb p\u00ebr Gjykat\u00ebn Evropiane e t\u00eb Drejtave t\u00eb Njeriut\">Prokur\u00eb<\/a><\/li>\n<li><a href=\"https:\/\/europeancourt.org\/downloads\/sq\/Tabele_e_cila_percakton_detajet_e_identifikimit_te_secilit_ankues_para_GJEDNJ_SQI.XLSX\" title=\"Tabel\u00eb e cila p\u00ebrcakton detajet e identifikimit t\u00eb secilit ankues para Gjykat\u00ebs Evropiane e t\u00eb Drejtave t\u00eb Njeriut\">Shtojc\u00eb p\u00ebr nj\u00eb num\u00ebr t\u00eb madh ankuesish<\/a><\/li>\n<\/ul><\/ul><\/ul> ","protected":false},"excerpt":{"rendered":"K\u00ebshilli i Evrop\u00ebs Konventa p\u00ebr Mbrojtjen e t\u00eb Drejtave t\u00eb Njeriut dhe t\u00eb Lirive Themelore Protokoll shtes\u00eb i Konvent\u00ebs p\u00ebr Mbrojtjen e t\u00eb Drejtave t\u00eb Njeriut dhe t\u00eb Lirive Themelore Protokolli Nr. 4 i&#46;&#46;&#46;","protected":false},"author":1,"featured_media":208837,"parent":0,"menu_order":0,"comment_status":"closed","ping_status":"closed","template":"","meta":{"footnotes":""},"categories":[],"tags":[],"class_list":["post-116070","page","type-page","status-publish","has-post-thumbnail","hentry"],"_links":{"self":[{"href":"https:\/\/europeancourt.org\/sq\/wp-json\/wp\/v2\/pages\/116070","targetHints":{"allow":["GET"]}}],"collection":[{"href":"https:\/\/europeancourt.org\/sq\/wp-json\/wp\/v2\/pages"}],"about":[{"href":"https:\/\/europeancourt.org\/sq\/wp-json\/wp\/v2\/types\/page"}],"author":[{"embeddable":true,"href":"https:\/\/europeancourt.org\/sq\/wp-json\/wp\/v2\/users\/1"}],"replies":[{"embeddable":true,"href":"https:\/\/europeancourt.org\/sq\/wp-json\/wp\/v2\/comments?post=116070"}],"version-history":[{"count":0,"href":"https:\/\/europeancourt.org\/sq\/wp-json\/wp\/v2\/pages\/116070\/revisions"}],"wp:featuredmedia":[{"embeddable":true,"href":"https:\/\/europeancourt.org\/sq\/wp-json\/wp\/v2\/media\/208837"}],"wp:attachment":[{"href":"https:\/\/europeancourt.org\/sq\/wp-json\/wp\/v2\/media?parent=116070"}],"wp:term":[{"taxonomy":"category","embeddable":true,"href":"https:\/\/europeancourt.org\/sq\/wp-json\/wp\/v2\/categories?post=116070"},{"taxonomy":"post_tag","embeddable":true,"href":"https:\/\/europeancourt.org\/sq\/wp-json\/wp\/v2\/tags?post=116070"}],"curies":[{"name":"wp","href":"https:\/\/api.w.org\/{rel}","templated":true}]}}