{"id":146783,"date":"2022-07-02T14:27:20","date_gmt":"2022-07-02T12:27:20","guid":{"rendered":"https:\/\/europeancourt.org\/rregullorja-neni-47\/"},"modified":"2025-10-05T12:00:15","modified_gmt":"2025-10-05T12:00:15","slug":"rregullorja-neni-47","status":"publish","type":"page","link":"https:\/\/europeancourt.org\/sq\/dokumentet\/k%c3%abshilli-i-evrop%c3%abs\/gjednj\/rregullorja-neni-47\/","title":{"rendered":"Rregullorja e Gjykat\u00ebs \u2013 Neni 47"},"content":{"rendered":"<h2 style=\"text-align: center;\">Rregullorja e Gjykat\u00ebs<\/h2>\n<p><strong>Neni 47<a class=\"paddingleft2px\" title=\"Sikurse \u00ebsht\u00eb ndryshuar nga Gjykata m\u00eb 17 qershor dhe 8 korrik 2002, 11 dhjetor 2007, 22 shtator 2008, 6 maj 2013, 1 qershor dhe 5 tetor 2015 dhe 18 janar 2024.\" href=\"#fn1\"><sup style=\"cursor:help\">1<\/sup><\/a> \u2013 P\u00ebrmbajtja e nj\u00eb aplikimi individual<\/strong><\/p>\n<p>1. \u00c7do ankim i bazuar n\u00eb <a title=\"Neni 34 t\u00eb Konvent\u00ebs p\u00ebr Mbrojtjen e t\u00eb Drejtave t\u00eb Njeriut dhe t\u00eb Lirive Themelore\" href=\"https:\/\/europeancourt.org\/sq\/dokumentet\/k%c3%abshilli-i-evrop%c3%abs\/konventa-evropiane-p%c3%abr-t%c3%ab-drejtat-e-njeriut\/#neni-34\">nenin 34 t\u00eb Konvent\u00ebs<\/a> duhet paraqitur n\u00eb <a href=\"https:\/\/europeancourt.org\/sq\/dokumentet\/k%c3%abshilli-i-evrop%c3%abs\/gjednj\/formular-ankimi\/\" title=\"Formular ankimi n\u00eb Gjykat\u00ebn Evropiane t\u00eb t\u00eb Drejtave t\u00eb Njeriut\">formularin e ankimit<\/a> t\u00eb d\u00ebrguar nga Sekretaria, p\u00ebrve\u00e7 rasteve kur Presidenti i Seksionit n\u00eb fjal\u00eb vendos ndryshe. Ankimi duhet t\u00eb p\u00ebrmbaj\u00eb t\u00eb gjith\u00eb informacionin e k\u00ebrkuar n\u00eb pjes\u00ebt p\u00ebrkat\u00ebse t\u00eb formularit dhe t\u00eb tregoj\u00eb:<\/p>\n<p style=\"padding-left: 40px;\">(a) emrin, dat\u00ebn e lindjes, shtet\u00ebsin\u00eb dhe adres\u00ebn e ankuesit dhe n\u00ebse ankuesi \u00ebsht\u00eb person juridik, emrin e plot\u00eb, dat\u00ebn e themelimit ose regjistrimit, numrin zyrtar t\u00eb rregjistrimit (n\u00ebse ka) dhe adres\u00ebn zyrtare;<\/p>\n<p style=\"padding-left: 40px;\">(b) emrin, adres\u00ebn, numrat e telefonit dhe t\u00eb faksit, si dhe adres\u00ebn e post\u00ebs elektronike t\u00eb p\u00ebrfaq\u00ebsuesit, n\u00ebse ka;<\/p>\n<p style=\"padding-left: 40px;\">(c) dat\u00ebn dhe firm\u00ebn origjinale t\u00eb ankuesit n\u00eb rubrik\u00ebn e prokur\u00ebs n\u00eb formularin e ankimit, n\u00ebse ankuesi ka nj\u00eb p\u00ebrfaq\u00ebsues; firma origjinale e p\u00ebrfaq\u00ebsuesit q\u00eb tregon se ai ka pranuar t\u00eb veproj\u00eb n\u00eb em\u00ebr t\u00eb ankuesit duhet gjithashtu t\u00eb jet\u00eb n\u00eb rubrik\u00ebn e prokur\u00ebs n\u00eb formularin e ankimit; Gjykata mund t\u00eb pranoj\u00eb kopje t\u00eb n\u00ebnshkrimeve ose prokura t\u00eb tjera t\u00eb cilat jan\u00eb t\u00eb vlefshme sipas legjislacionit t\u00eb brendsh\u00ebm t\u00eb Pal\u00ebve Kontraktuese, n\u00ebse jepen arsye bind\u00ebse p\u00ebr mosp\u00ebrmbushjen e k\u00ebtyre k\u00ebrkesave dhe prokura sipas formularit t\u00eb ankimit t\u00eb Gjykat\u00ebs me n\u00ebnshkrimet origjinale i komunikohet Gjykat\u00ebs brenda nj\u00eb koh\u00eb t\u00eb arsyeshme;<\/p>\n<p style=\"padding-left: 40px;\">(d) emrin e Pal\u00ebs ose Pal\u00ebve Kontraktuese kund\u00ebr t\u00eb cilave drejtohet ankimi;<\/p>\n<p style=\"padding-left: 40px;\">(e) nj\u00eb p\u00ebrmbledhje t\u00eb shkurt\u00ebr dhe t\u00eb lexueshme t\u00eb fakteve;<\/p>\n<p style=\"padding-left: 40px;\">(f) nj\u00eb p\u00ebrmbledhje t\u00eb shkurt\u00ebr dhe t\u00eb lexueshme t\u00eb shkeljes ose shkeljeve t\u00eb Konvent\u00ebs dhe t\u00eb argumentave p\u00ebrkat\u00ebse; dhe<\/p>\n<p style=\"padding-left: 40px;\">(g) nj\u00eb p\u00ebrmbledhje t\u00eb shkurt\u00ebr dhe t\u00eb lexueshme t\u00eb respektimit t\u00eb kritereve t\u00eb pranueshm\u00ebris\u00eb nga ankuesi sikurse parashikohet nga <a title=\"Neni 35 t\u00eb Konvent\u00ebs p\u00ebr Mbrojtjen e t\u00eb Drejtave t\u00eb Njeriut dhe t\u00eb Lirive Themelore\" href=\"https:\/\/europeancourt.org\/sq\/dokumentet\/k%c3%abshilli-i-evrop%c3%abs\/konventa-evropiane-p%c3%abr-t%c3%ab-drejtat-e-njeriut\/#neni-35\">neni 35 \u00a7 1 i Konvent\u00ebs<\/a>.<\/p>\n<p>2.<\/p>\n<p style=\"padding-left: 40px;\">(a) I gjith\u00eb informacioni i p\u00ebrmendur n\u00eb paragrafin 1 (e) deri n\u00eb (g) duhet t\u00eb vendoset n\u00eb pjes\u00ebn p\u00ebrkat\u00ebse t\u00eb formularit t\u00eb ankimit dhe t\u00eb jet\u00eb i mjaftuesh\u00ebm n\u00eb m\u00ebnyr\u00eb q\u00eb t\u00eb mund\u00ebsoj\u00eb Gykat\u00ebn t\u00eb vendos\u00eb p\u00ebr natyr\u00ebn dhe q\u00ebllimin e ankimit, pa patur nevoj\u00eb p\u00ebr dokumente t\u00eb tjera.<\/p>\n<p style=\"padding-left: 40px;\">(b) Gjithsesi, ankuesi ka mund\u00ebsi t\u00eb shtoj\u00eb informacion duke i bashk\u00ebngjitur formularit t\u00eb ankimit detaje t\u00eb m\u00ebtejshme mbi ngjarjet, shkeljet e pretenduara t\u00eb Konvent\u00ebs si dhe argumenta mbeshtet\u00ebs. Nj\u00eb informacion i till\u00eb nuk duhet t\u00eb kaloj\u00eb 20 faqe.<\/p>\n<p>3.1. Formulari i ankimit duhet t\u00eb firmoset prej ankuesit ose p\u00ebrfaq\u00ebsuesit ligjor t\u00eb tij dhe duhet te shoq\u00ebrohet prej: <\/p>\n<p style=\"padding-left: 40px;\">(a) kopjeve t\u00eb dokumenteve t\u00eb r\u00ebnd\u00ebsishme q\u00eb kan\u00eb lidhje me vendimet gjyq\u00ebsore ose me masat e ankuara, t\u00eb cilat mund t\u00eb jen\u00eb t\u00eb nj\u00eb natyre gjyq\u00ebsore ose jo;<\/p>\n<p style=\"padding-left: 40px;\">(b) kopjeve t\u00eb dokumenteve dhe vendimeve gjyq\u00ebsore q\u00eb tregojn\u00eb n\u00ebse ankuesi ka respektuar k\u00ebrkes\u00ebn p\u00ebr shterimin e mjeteve t\u00eb brendshme dhe afatin gjasht\u00ebmujor q\u00eb parashikohet nga <a title=\"Neni 35 t\u00eb Konvent\u00ebs p\u00ebr Mbrojtjen e t\u00eb Drejtave t\u00eb Njeriut dhe t\u00eb Lirive Themelore\" href=\"https:\/\/europeancourt.org\/sq\/dokumentet\/k%c3%abshilli-i-evrop%c3%abs\/konventa-evropiane-p%c3%abr-t%c3%ab-drejtat-e-njeriut\/#neni-35\">neni 35 \u00a7 1 i Konvent\u00ebs<\/a>;<\/p>\n<p style=\"padding-left: 40px;\">(c) kopjeve t\u00eb dokumenteve lidhur me ndonj\u00eb pro\u00e7edur\u00eb t\u00eb filluar p\u00ebrpara ndonj\u00eb instance tjet\u00ebr nd\u00ebrkomb\u00ebtare hetimore apo pajtuese, sipas rastit;<\/p>\n<p style=\"padding-left: 40px;\">(d) kur ankuesi \u00ebsht\u00eb person juridik sikurse referohet n\u00eb Nenin 47 \u00a7 1 (a), nj\u00eb dokument ose disa dokumente t\u00eb cilat tregojn\u00eb q\u00eb individi i cili ka paraqitur k\u00ebrkes\u00ebn e ka kompetenc\u00ebn apo kapacitetin e duhur p\u00ebr t\u00eb p\u00ebrfaq\u00ebsuar ankuesin.<\/p>\n<p>3.2 Dokumentet e dor\u00ebzuara n\u00eb mb\u00ebshtetje t\u00eb ankimit duhet t\u00eb listohen n\u00eb m\u00ebnyr\u00eb t\u00eb rregullt sipas dat\u00ebs, t\u00eb num\u00ebrohen n\u00eb vazhdim\u00ebsi dhe t\u00eb identifikohen n\u00eb m\u00ebnyr\u00eb t\u00eb qart\u00eb.<\/p>\n<p>4. Ankuesit t\u00eb cil\u00ebt nuk d\u00ebshirojn\u00eb t\u00eb b\u00ebjn\u00eb publik identitetin e tyre duhet ta k\u00ebrkojn\u00eb shprehimisht nj\u00eb gj\u00eb t\u00eb till\u00eb dhe t\u00eb paraqesin arsyet q\u00eb justifikojn\u00eb p\u00ebrjashtimin nga rregulli i p\u00ebrgjithsh\u00ebm i t\u00eb drejt\u00ebs s\u00eb publikut p\u00ebr t\u00eb pasur akses n\u00eb informacionet e procedurave p\u00ebrpara Gjykat\u00ebs.<\/p>\n<p>5.1. Kryetari i Dhom\u00ebs mund t\u00eb autorizoj\u00eb anonimatin ose ta akordoj\u00eb at\u00eb me iniciativ\u00ebn e tij.<\/p>\n<p style=\"padding-left: 40px;\">(a) ankuesi ka dh\u00ebn\u00eb nj\u00eb shpjegim t\u00eb p\u00ebrshtatsh\u00ebm p\u00ebr mosp\u00ebrmbushjen e k\u00ebrkesave;<\/p>\n<p style=\"padding-left: 40px;\">(b) ankimi ka lidhje me nj\u00eb k\u00ebrkes\u00eb p\u00ebr marrjen e nj\u00eb mase t\u00eb p\u00ebrkohshme;<\/p>\n<p style=\"padding-left: 40px;\">(c) Gjykata vepron ndryshe me iniciativ\u00ebn e saj ose sipas k\u00ebrkes\u00ebs s\u00eb ankuesit.<\/p>\n<p>5.2. Gjykata n\u00eb \u00e7do rast mund t\u2019i k\u00ebrkoj\u00eb ankuesit t\u00eb dor\u00ebzoj\u00eb informacione ose dokumenta n\u00eb \u00e7do form\u00eb ose m\u00ebnyr\u00eb e cila mund t\u00eb jet\u00eb e p\u00ebrshtatshme brenda nj\u00eb afati kohor.<\/p>\n<p>6.<\/p>\n<p style=\"padding-left: 40px;\">(a) P\u00ebr q\u00ebllimet e <a title=\"Neni 35 t\u00eb Konvent\u00ebs p\u00ebr Mbrojtjen e t\u00eb Drejtave t\u00eb Njeriut dhe t\u00eb Lirive Themelore\" href=\"https:\/\/europeancourt.org\/sq\/dokumentet\/k%c3%abshilli-i-evrop%c3%abs\/konventa-evropiane-p%c3%abr-t%c3%ab-drejtat-e-njeriut\/#neni-35\">nenit 35 \u00a7 1 t\u00eb Konvent\u00ebs<\/a>, data e paraqitjes s\u00eb ankimit do t\u00eb jet\u00eb data e d\u00ebrgimit t\u00eb formularit t\u00eb ankimit sipas k\u00ebrkesave t\u00eb k\u00ebtij neni duke u bazuar mbi dat\u00ebn e vul\u00ebs postare.<\/p>\n<p style=\"padding-left: 40px;\">(b) Megjithat\u00eb, kur Gjykata e gjen t\u00eb arsyeshme, ajo mund t\u00eb konsideroj\u00eb nj\u00eb dat\u00eb tjet\u00ebr si data e paraqitjes s\u00eb aplikimit.<\/p>\n<p>7. Ankuesit duhet t\u00eb informojn\u00eb Gjykat\u00ebn p\u00ebr \u00e7do ndryshim t\u00eb adres\u00ebs ose zhvillim t\u00eb r\u00ebnd\u00ebsish\u00ebm t\u00eb \u00e7\u00ebshtjes.<\/p>\n__________\n<p id=\"fn1\"><sup>1<\/sup> Sikurse \u00ebsht\u00eb ndryshuar nga Gjykata m\u00eb 17 qershor dhe 8 korrik 2002, 11 dhjetor 2007, 22 shtator 2008, 6 maj 2013, 1 qershor dhe 5 tetor 2015 dhe 18 janar 2024.<\/p>","protected":false},"excerpt":{"rendered":"Rregullorja e Gjykat\u00ebs Neni 471 \u2013 P\u00ebrmbajtja e nj\u00eb aplikimi individual 1. \u00c7do ankim i bazuar n\u00eb nenin 34 t\u00eb Konvent\u00ebs duhet paraqitur n\u00eb formularin e ankimit t\u00eb d\u00ebrguar nga Sekretaria, p\u00ebrve\u00e7 rasteve kur&#46;&#46;&#46;","protected":false},"author":1,"featured_media":188857,"parent":147342,"menu_order":0,"comment_status":"closed","ping_status":"closed","template":"","meta":{"footnotes":""},"categories":[],"tags":[],"class_list":["post-146783","page","type-page","status-publish","has-post-thumbnail","hentry"],"_links":{"self":[{"href":"https:\/\/europeancourt.org\/sq\/wp-json\/wp\/v2\/pages\/146783","targetHints":{"allow":["GET"]}}],"collection":[{"href":"https:\/\/europeancourt.org\/sq\/wp-json\/wp\/v2\/pages"}],"about":[{"href":"https:\/\/europeancourt.org\/sq\/wp-json\/wp\/v2\/types\/page"}],"author":[{"embeddable":true,"href":"https:\/\/europeancourt.org\/sq\/wp-json\/wp\/v2\/users\/1"}],"replies":[{"embeddable":true,"href":"https:\/\/europeancourt.org\/sq\/wp-json\/wp\/v2\/comments?post=146783"}],"version-history":[{"count":0,"href":"https:\/\/europeancourt.org\/sq\/wp-json\/wp\/v2\/pages\/146783\/revisions"}],"up":[{"embeddable":true,"href":"https:\/\/europeancourt.org\/sq\/wp-json\/wp\/v2\/pages\/147342"}],"wp:featuredmedia":[{"embeddable":true,"href":"https:\/\/europeancourt.org\/sq\/wp-json\/wp\/v2\/media\/188857"}],"wp:attachment":[{"href":"https:\/\/europeancourt.org\/sq\/wp-json\/wp\/v2\/media?parent=146783"}],"wp:term":[{"taxonomy":"category","embeddable":true,"href":"https:\/\/europeancourt.org\/sq\/wp-json\/wp\/v2\/categories?post=146783"},{"taxonomy":"post_tag","embeddable":true,"href":"https:\/\/europeancourt.org\/sq\/wp-json\/wp\/v2\/tags?post=146783"}],"curies":[{"name":"wp","href":"https:\/\/api.w.org\/{rel}","templated":true}]}}