{"id":147342,"date":"2022-06-23T10:51:39","date_gmt":"2022-06-23T08:51:39","guid":{"rendered":"https:\/\/europeancourt.org\/dokumentet\/k%c3%abshilli-i-evrop%c3%abs\/gjednj\/"},"modified":"2025-11-29T11:35:11","modified_gmt":"2025-11-29T10:35:11","slug":"gjednj","status":"publish","type":"page","link":"https:\/\/europeancourt.org\/sq\/dokumentet\/k%c3%abshilli-i-evrop%c3%abs\/gjednj\/","title":{"rendered":"GJEDNJ"},"content":{"rendered":"<ul> \r\n<li><a href=\"https:\/\/europeancourt.org\/sq\/dokumentet\/k%c3%abshilli-i-evrop%c3%abs\/gjednj\/rregullorja-neni-47\/\" title=\"Neni 47 t\u00eb Rregullores s\u00eb Gjykat\u00ebs Evropiane e t\u00eb Drejtave t\u00eb Njeriut\">Rregullorja e Gjykat\u00ebs \u2013 Neni 47<\/a><\/li>\r\n<li><a href=\"https:\/\/europeancourt.org\/en\/documents\/council-of-europe\/echr\/practice-directions-institution-of-proceedings\/\" title=\"Fillimin e procedurave \u2013 Udh\u00ebzimin Praktik\">Fillimin e procedurave \u2013 Udh\u00ebzimin Praktik<\/a><\/li>\r\n<li><a href=\"https:\/\/europeancourt.org\/sq\/dokumentet\/k%c3%abshilli-i-evrop%c3%abs\/gjednj\/formular-ankimi\/\" title=\"Formular ankimi n\u00eb Gjykat\u00ebn Evropiane t\u00eb t\u00eb Drejtave t\u00eb Njeriut\">Formular ankimi<\/a><\/li>\r\n<ul>\r\n<li><a href=\"https:\/\/europeancourt.org\/sq\/dokumentet\/k%c3%abshilli-i-evrop%c3%abs\/gjednj\/formular-ankimi\/sh%c3%abnime-mbi-plot%c3%absimin\/\" title=\"Sh\u00ebnime mbi plot\u00ebsimin e formularit t\u00eb ankimit\">Sh\u00ebnime mbi plot\u00ebsimin e formularit t\u00eb ankimit<\/a><\/li>\r\n<\/ul>\r\n<li><a href=\"https:\/\/europeancourt.org\/sq\/dokumentet\/k%c3%abshilli-i-evrop%c3%abs\/gjednj\/prokur%c3%ab\/\" title=\"Prokur\u00eb p\u00ebr Gjykat\u00ebn Evropiane e t\u00eb Drejtave t\u00eb Njeriut\">Prokur\u00eb<\/a><\/li>\r\n<li><a href=\"https:\/\/europeancourt.org\/downloads\/sq\/Tabele_e_cila_percakton_detajet_e_identifikimit_te_secilit_ankues_para_GJEDNJ_SQI.XLSX\" title=\"Tabel\u00eb e cila p\u00ebrcakton detajet e identifikimit t\u00eb secilit ankues para Gjykat\u00ebs Evropiane e t\u00eb Drejtave t\u00eb Njeriut\">Shtojc\u00eb p\u00ebr nj\u00eb num\u00ebr t\u00eb madh ankuesish<\/a><\/li>\r\n<\/ul>","protected":false},"excerpt":{"rendered":"Rregullorja e Gjykat\u00ebs \u2013 Neni 47 Fillimin e procedurave \u2013 Udh\u00ebzimin Praktik Formular ankimi Sh\u00ebnime mbi plot\u00ebsimin e formularit t\u00eb ankimit Prokur\u00eb Shtojc\u00eb p\u00ebr nj\u00eb num\u00ebr t\u00eb madh ankuesish","protected":false},"author":1,"featured_media":192019,"parent":116095,"menu_order":0,"comment_status":"closed","ping_status":"closed","template":"","meta":{"footnotes":""},"categories":[],"tags":[],"class_list":["post-147342","page","type-page","status-publish","has-post-thumbnail","hentry"],"_links":{"self":[{"href":"https:\/\/europeancourt.org\/sq\/wp-json\/wp\/v2\/pages\/147342","targetHints":{"allow":["GET"]}}],"collection":[{"href":"https:\/\/europeancourt.org\/sq\/wp-json\/wp\/v2\/pages"}],"about":[{"href":"https:\/\/europeancourt.org\/sq\/wp-json\/wp\/v2\/types\/page"}],"author":[{"embeddable":true,"href":"https:\/\/europeancourt.org\/sq\/wp-json\/wp\/v2\/users\/1"}],"replies":[{"embeddable":true,"href":"https:\/\/europeancourt.org\/sq\/wp-json\/wp\/v2\/comments?post=147342"}],"version-history":[{"count":2,"href":"https:\/\/europeancourt.org\/sq\/wp-json\/wp\/v2\/pages\/147342\/revisions"}],"predecessor-version":[{"id":223458,"href":"https:\/\/europeancourt.org\/sq\/wp-json\/wp\/v2\/pages\/147342\/revisions\/223458"}],"up":[{"embeddable":true,"href":"https:\/\/europeancourt.org\/sq\/wp-json\/wp\/v2\/pages\/116095"}],"wp:featuredmedia":[{"embeddable":true,"href":"https:\/\/europeancourt.org\/sq\/wp-json\/wp\/v2\/media\/192019"}],"wp:attachment":[{"href":"https:\/\/europeancourt.org\/sq\/wp-json\/wp\/v2\/media?parent=147342"}],"wp:term":[{"taxonomy":"category","embeddable":true,"href":"https:\/\/europeancourt.org\/sq\/wp-json\/wp\/v2\/categories?post=147342"},{"taxonomy":"post_tag","embeddable":true,"href":"https:\/\/europeancourt.org\/sq\/wp-json\/wp\/v2\/tags?post=147342"}],"curies":[{"name":"wp","href":"https:\/\/api.w.org\/{rel}","templated":true}]}}