{"id":177022,"date":"2022-07-03T16:50:48","date_gmt":"2022-07-03T14:50:48","guid":{"rendered":"https:\/\/europeancourt.org\/dokumentet\/k%c3%abshilli-i-evrop%c3%abs\/gjednj\/prokur%c3%ab\/"},"modified":"2024-06-10T23:52:45","modified_gmt":"2024-06-10T21:52:45","slug":"prokur%c3%ab","status":"publish","type":"page","link":"https:\/\/europeancourt.org\/sq\/dokumentet\/k%c3%abshilli-i-evrop%c3%abs\/gjednj\/prokur%c3%ab\/","title":{"rendered":"Prokur\u00eb p\u00ebr Gjykat\u00ebn Evropiane e t\u00eb Drejtave t\u00eb Njeriut"},"content":{"rendered":"<p>Formulari mund t\u00eb plot\u00ebsohet n\u00eb m\u00ebnyr\u00ebn e duhur vet\u00ebm me programin Adobe Reader 9 versioni m\u00eb i avancuar, i cili mund t\u00eb p\u00ebrdoret vet\u00ebm me sistemet e operimit Windows dhe Mac OS X. Ju lutemi sigurohuni q\u00eb programi Adobe Reader t\u00eb jet\u00eb i instaluar n\u00eb kompjuterin tuaj (<a href=\"https:\/\/get.adobe.com\/uk\/reader\/\" title=\"Adobe Reader\" target=\"_blank\" rel=\"noopener\">shkarkoni formatin q\u00eb e keni n\u00eb dispozicion n\u00eb faqen e internetit www.adobe.com<\/a>).<\/p>\n<ul>\n<li>Ruani formularin e ankimit n\u00eb kompjuterin tuaj n\u00eb nj\u00eb vend t\u00eb caktuar.<\/li>\n<li>Hapni kopjen q\u00eb keni ruajtur t\u00eb formularit t\u00eb ankimit me programin Adobe Reader.<\/li>\n<li>Plot\u00ebsoni formularin e ankimit dhe ruajeni at\u00eb.<\/li>\n<li>Pasi t\u2019a keni plot\u00ebsuar formularin e ankimit, ju duhet t\u2019a printoni, t\u2019a firmosni dhe t\u2019a d\u00ebrgoni formularin e ankimit n\u00eb adres\u00ebn e Gjykat\u00ebs me an\u00eb t\u00eb post\u00ebs.<\/li>\n<\/ul>\n<p style=\"text-align: center;\"><a title=\"Prokur\u00eb p\u00ebr Gjykat\u00ebn Evropiane e t\u00eb Drejtave t\u00eb Njeriut\" href=\"https:\/\/europeancourt.org\/downloads\/sq\/Prokure_per_Gjykaten_Evropiane_e_te_Drejtave_te_Njeriut_SQI_2021-1.PDF\" class=\"extlinkoff mybrightbutton red\" download=\"\">Shkarkoni <i class=\"fas fa-download\"><\/i><\/a><\/p>\n<iframe class=\"wonderplugin-pdf-iframe\" src=\"https:\/\/europeancourt.org\/wp-content\/plugins\/wonderplugin-pdf-embed\/pdfjs\/web\/viewer.html?v=2&disabledownload=1&disableprint=1&disabledoc=1&disableopenfile=1&externallinktarget=2&file=https:\/\/europeancourt.org\/noindex\/AuthF_SQI_2021-1.pdf\" title=\"Prokur\u00eb p\u00ebr Gjykat\u00ebn Evropiane e t\u00eb Drejtave t\u00eb Njeriut\" width=\"100%\" height=\"900px\" style=\"border:0;\"><\/iframe>","protected":false},"excerpt":{"rendered":"Formulari mund t\u00eb plot\u00ebsohet n\u00eb m\u00ebnyr\u00ebn e duhur vet\u00ebm me programin Adobe Reader 9 versioni m\u00eb i avancuar, i cili mund t\u00eb p\u00ebrdoret vet\u00ebm me sistemet e operimit Windows dhe Mac OS X. Ju&#46;&#46;&#46;","protected":false},"author":1,"featured_media":191794,"parent":147342,"menu_order":0,"comment_status":"closed","ping_status":"closed","template":"","meta":{"footnotes":""},"categories":[],"tags":[],"class_list":["post-177022","page","type-page","status-publish","has-post-thumbnail","hentry"],"_links":{"self":[{"href":"https:\/\/europeancourt.org\/sq\/wp-json\/wp\/v2\/pages\/177022","targetHints":{"allow":["GET"]}}],"collection":[{"href":"https:\/\/europeancourt.org\/sq\/wp-json\/wp\/v2\/pages"}],"about":[{"href":"https:\/\/europeancourt.org\/sq\/wp-json\/wp\/v2\/types\/page"}],"author":[{"embeddable":true,"href":"https:\/\/europeancourt.org\/sq\/wp-json\/wp\/v2\/users\/1"}],"replies":[{"embeddable":true,"href":"https:\/\/europeancourt.org\/sq\/wp-json\/wp\/v2\/comments?post=177022"}],"version-history":[{"count":0,"href":"https:\/\/europeancourt.org\/sq\/wp-json\/wp\/v2\/pages\/177022\/revisions"}],"up":[{"embeddable":true,"href":"https:\/\/europeancourt.org\/sq\/wp-json\/wp\/v2\/pages\/147342"}],"wp:featuredmedia":[{"embeddable":true,"href":"https:\/\/europeancourt.org\/sq\/wp-json\/wp\/v2\/media\/191794"}],"wp:attachment":[{"href":"https:\/\/europeancourt.org\/sq\/wp-json\/wp\/v2\/media?parent=177022"}],"wp:term":[{"taxonomy":"category","embeddable":true,"href":"https:\/\/europeancourt.org\/sq\/wp-json\/wp\/v2\/categories?post=177022"},{"taxonomy":"post_tag","embeddable":true,"href":"https:\/\/europeancourt.org\/sq\/wp-json\/wp\/v2\/tags?post=177022"}],"curies":[{"name":"wp","href":"https:\/\/api.w.org\/{rel}","templated":true}]}}