{"id":222146,"date":"2024-01-08T15:08:10","date_gmt":"2024-01-08T14:08:10","guid":{"rendered":"https:\/\/europeancourt.org\/sh%c3%abrbime\/"},"modified":"2025-10-02T23:00:41","modified_gmt":"2025-10-02T23:00:41","slug":"sh%c3%abrbime","status":"publish","type":"page","link":"https:\/\/europeancourt.org\/sq\/sh%c3%abrbime\/","title":{"rendered":"Sh\u00ebrbime"},"content":{"rendered":"<ul>\r\n\t<li><a href=\"https:\/\/europeancourt.org\/sq\/sh%c3%abrbime\/gjednj\/\" title=\"GJEDNJ\">GJEDNJ<\/a><\/li>\r\n<ul>\r\n\t\t<li><a href=\"https:\/\/europeancourt.org\/en\/services\/echr\/preparing-applications\/\" title=\"P\u00ebrgatitja e ankimeve n\u00eb GJEDNJ\">P\u00ebrgatitja e ankimeve n\u00eb GJEDNJ<\/a><\/li>\r\n\r\n\t<li><a href=\"https:\/\/europeancourt.org\/en\/services\/echr\/checking-filled-in-applications\/\" title=\"Verifikimi i formular\u00ebve t\u00eb plot\u00ebsuar t\u00eb ankimeve n\u00eb GJEDNJ\">Verifikimi i formular\u00ebve t\u00eb plot\u00ebsuar t\u00eb ankimeve n\u00eb GJEDNJ<\/a><\/li>\r\n\r\n\t<li><a href=\"https:\/\/europeancourt.org\/en\/services\/echr\/representing-applicants\/\" title=\"P\u00ebrfaq\u00ebsimi i k\u00ebrkuesve para GJEDNJ\">P\u00ebrfaq\u00ebsimi i k\u00ebrkuesve para GJEDNJ<\/a><\/li>\r\n\r\n\t<li><a href=\"https:\/\/europeancourt.org\/en\/services\/echr\/translating-applications-into-english\/\" title=\"P\u00ebrkthimi i ankimeve n\u00eb GJEDNJ n\u00eb anglisht\">P\u00ebrkthimi i ankimeve n\u00eb GJEDNJ n\u00eb anglisht<\/a><\/li>\r\n\r\n\t<li><a href=\"https:\/\/europeancourt.org\/sq\/sh%c3%abrbime\/gjednj\/gjeni-numrin-e-ankimit-pranimin-ose-vendimin\/\" title=\"Gjeni numrin e ankimit, pranimin ose vendimin n\u00eb GJEDNJ\">Gjeni numrin e ankimit, pranimin ose vendimin n\u00eb GJEDNJ<\/a><\/li>\r\n\r\n\t<li><a href=\"https:\/\/europeancourt.org\/en\/legal-advice-and-contacts\/\" title=\"K\u00ebshilla ligjore dhe kontakte\">K\u00ebshilla ligjore dhe kontakte<\/a><\/li>\r\n<\/ul>\r\n<\/ul>\r\n","protected":false},"excerpt":{"rendered":"GJEDNJ P\u00ebrgatitja e ankimeve n\u00eb GJEDNJ Verifikimi i formular\u00ebve t\u00eb plot\u00ebsuar t\u00eb ankimeve n\u00eb GJEDNJ P\u00ebrfaq\u00ebsimi i k\u00ebrkuesve para GJEDNJ P\u00ebrkthimi i ankimeve n\u00eb GJEDNJ n\u00eb anglisht Gjeni numrin e ankimit, pranimin ose vendimin&#46;&#46;&#46;","protected":false},"author":1,"featured_media":222403,"parent":0,"menu_order":0,"comment_status":"closed","ping_status":"closed","template":"","meta":{"footnotes":""},"categories":[],"tags":[],"class_list":["post-222146","page","type-page","status-publish","has-post-thumbnail","hentry"],"_links":{"self":[{"href":"https:\/\/europeancourt.org\/sq\/wp-json\/wp\/v2\/pages\/222146","targetHints":{"allow":["GET"]}}],"collection":[{"href":"https:\/\/europeancourt.org\/sq\/wp-json\/wp\/v2\/pages"}],"about":[{"href":"https:\/\/europeancourt.org\/sq\/wp-json\/wp\/v2\/types\/page"}],"author":[{"embeddable":true,"href":"https:\/\/europeancourt.org\/sq\/wp-json\/wp\/v2\/users\/1"}],"replies":[{"embeddable":true,"href":"https:\/\/europeancourt.org\/sq\/wp-json\/wp\/v2\/comments?post=222146"}],"version-history":[{"count":4,"href":"https:\/\/europeancourt.org\/sq\/wp-json\/wp\/v2\/pages\/222146\/revisions"}],"predecessor-version":[{"id":222316,"href":"https:\/\/europeancourt.org\/sq\/wp-json\/wp\/v2\/pages\/222146\/revisions\/222316"}],"wp:featuredmedia":[{"embeddable":true,"href":"https:\/\/europeancourt.org\/sq\/wp-json\/wp\/v2\/media\/222403"}],"wp:attachment":[{"href":"https:\/\/europeancourt.org\/sq\/wp-json\/wp\/v2\/media?parent=222146"}],"wp:term":[{"taxonomy":"category","embeddable":true,"href":"https:\/\/europeancourt.org\/sq\/wp-json\/wp\/v2\/categories?post=222146"},{"taxonomy":"post_tag","embeddable":true,"href":"https:\/\/europeancourt.org\/sq\/wp-json\/wp\/v2\/tags?post=222146"}],"curies":[{"name":"wp","href":"https:\/\/api.w.org\/{rel}","templated":true}]}}