{"id":222199,"date":"2024-01-08T15:08:29","date_gmt":"2024-01-08T14:08:29","guid":{"rendered":"https:\/\/europeancourt.org\/sh%c3%abrbime\/gjednj\/"},"modified":"2026-04-29T03:22:29","modified_gmt":"2026-04-29T01:22:29","slug":"gjednj","status":"publish","type":"page","link":"https:\/\/europeancourt.org\/sq\/sh%c3%abrbime\/gjednj\/","title":{"rendered":"GJEDNJ"},"content":{"rendered":"<ul>\r\n\t\t<li><a href=\"https:\/\/europeancourt.org\/sq\/sh%c3%abrbime\/gjednj\/p%c3%abrgatitja-e-ankimeve-n%c3%ab-gjednj\/\" title=\"P\u00ebrgatitja e ankimeve n\u00eb GJEDNJ\">P\u00ebrgatitja e ankimeve n\u00eb GJEDNJ<\/a><\/li>\r\n\r\n\t<li><a href=\"https:\/\/europeancourt.org\/sq\/sh%c3%abrbime\/gjednj\/verifikimi-i-formular%c3%abve-t%c3%ab-plot%c3%absuar-t%c3%ab-ankimeve-n%c3%ab-gjednj\/\" title=\"Verifikimi i formular\u00ebve t\u00eb plot\u00ebsuar t\u00eb ankimeve n\u00eb GJEDNJ\">Verifikimi i formular\u00ebve t\u00eb plot\u00ebsuar t\u00eb ankimeve n\u00eb GJEDNJ<\/a><\/li>\r\n\r\n\t<li><a href=\"https:\/\/europeancourt.org\/sq\/sh%c3%abrbime\/gjednj\/p%c3%abrfaq%c3%absimi-i-k%c3%abrkuesve-para-gjednj\/\" title=\"P\u00ebrfaq\u00ebsimi i k\u00ebrkuesve para GJEDNJ\">P\u00ebrfaq\u00ebsimi i k\u00ebrkuesve para GJEDNJ<\/a><\/li>\n<li><a href=\"https:\/\/europeancourt.org\/sq\/sh%c3%abrbime\/gjednj\/gjeni-numrin-e-ankimit-pranimin-ose-vendimin\/\" title=\"Gjeni numrin e ankimit, pranimin ose vendimin n\u00eb GJEDNJ\">Gjeni numrin e ankimit, pranimin ose vendimin n\u00eb GJEDNJ<\/a><\/li>\r\n\r\n\t<li><a href=\"https:\/\/europeancourt.org\/sq\/k%c3%abshilla-ligjore-dhe-kontakte\/\" title=\"K\u00ebshilla ligjore dhe kontakte\">K\u00ebshilla ligjore dhe kontakte<\/a><\/li>\r\n\r\n<\/ul>\r\n\r\n","protected":false},"excerpt":{"rendered":"P\u00ebrgatitja e ankimeve n\u00eb GJEDNJ Verifikimi i formular\u00ebve t\u00eb plot\u00ebsuar t\u00eb ankimeve n\u00eb GJEDNJ P\u00ebrfaq\u00ebsimi i k\u00ebrkuesve para GJEDNJ Gjeni numrin e ankimit, pranimin ose vendimin n\u00eb GJEDNJ K\u00ebshilla ligjore dhe kontakte","protected":false},"author":1,"featured_media":222458,"parent":222146,"menu_order":0,"comment_status":"closed","ping_status":"closed","template":"","meta":{"footnotes":""},"categories":[],"tags":[],"class_list":["post-222199","page","type-page","status-publish","has-post-thumbnail","hentry"],"_links":{"self":[{"href":"https:\/\/europeancourt.org\/sq\/wp-json\/wp\/v2\/pages\/222199","targetHints":{"allow":["GET"]}}],"collection":[{"href":"https:\/\/europeancourt.org\/sq\/wp-json\/wp\/v2\/pages"}],"about":[{"href":"https:\/\/europeancourt.org\/sq\/wp-json\/wp\/v2\/types\/page"}],"author":[{"embeddable":true,"href":"https:\/\/europeancourt.org\/sq\/wp-json\/wp\/v2\/users\/1"}],"replies":[{"embeddable":true,"href":"https:\/\/europeancourt.org\/sq\/wp-json\/wp\/v2\/comments?post=222199"}],"version-history":[{"count":7,"href":"https:\/\/europeancourt.org\/sq\/wp-json\/wp\/v2\/pages\/222199\/revisions"}],"predecessor-version":[{"id":226397,"href":"https:\/\/europeancourt.org\/sq\/wp-json\/wp\/v2\/pages\/222199\/revisions\/226397"}],"up":[{"embeddable":true,"href":"https:\/\/europeancourt.org\/sq\/wp-json\/wp\/v2\/pages\/222146"}],"wp:featuredmedia":[{"embeddable":true,"href":"https:\/\/europeancourt.org\/sq\/wp-json\/wp\/v2\/media\/222458"}],"wp:attachment":[{"href":"https:\/\/europeancourt.org\/sq\/wp-json\/wp\/v2\/media?parent=222199"}],"wp:term":[{"taxonomy":"category","embeddable":true,"href":"https:\/\/europeancourt.org\/sq\/wp-json\/wp\/v2\/categories?post=222199"},{"taxonomy":"post_tag","embeddable":true,"href":"https:\/\/europeancourt.org\/sq\/wp-json\/wp\/v2\/tags?post=222199"}],"curies":[{"name":"wp","href":"https:\/\/api.w.org\/{rel}","templated":true}]}}