{"id":223343,"date":"2021-10-07T00:26:31","date_gmt":"2021-10-06T22:26:31","guid":{"rendered":"https:\/\/europeancourt.org\/?page_id=223343"},"modified":"2025-11-28T16:54:57","modified_gmt":"2025-11-28T15:54:57","slug":"gjeni-numrin-e-ankimit-pranimin-ose-vendimin","status":"publish","type":"page","link":"https:\/\/europeancourt.org\/sq\/sh%c3%abrbime\/gjednj\/gjeni-numrin-e-ankimit-pranimin-ose-vendimin\/","title":{"rendered":"Gjeni numrin e ankimit, pranimin ose vendimin n\u00eb GJEDNJ"},"content":{"rendered":"<div class=\"mywpcf7cf myshow myhide\">A e dini numrin e ankimit n\u00eb fjal\u00eb?<\/div>\r\n<div class=\"mywpcf7cf myshow myhide\">\r\n  <span class=\"mymultyradiobutton blue\">\r\n    <span class=\"wpcf7-list-item wpcf7\">\r\n      <label><input type=\"radio\"><span class=\"wpcf7-list-item-label\">Po<\/span><\/label>\r\n    <\/span>\r\n  <\/span>\r\n  <span class=\"mymultyradiobutton blue\">\r\n    <span class=\"wpcf7-list-item wpcf7\">\r\n      <label><input type=\"radio\"><span class=\"wpcf7-list-item-label\">Jo<\/span><\/label>\r\n    <\/span>\r\n  <\/span>\r\n<\/div>\r\n<div class=\"mywpcf7cf-blueleft myshow myhide\">\r\n  <span class=\"mycustomsummary\">\u00c7far\u00eb \u00ebsht\u00eb numri i ankimit?<\/span>\r\n  <span class=\"mycustomdetails\">\r\n    <span class=\"vlist\">\r\n      <span class=\"vitem\">Numri i ankimit tregohet n\u00eb \u00e7do let\u00ebr t\u00eb GJEDNJ-s\u00eb p\u00ebr nj\u00eb ankim q\u00eb \u00ebsht\u00eb regjistruar, menj\u00ebher\u00eb pas fjal\u00ebve \u00abAplikimi nr.\u00bb dhe para titullit t\u00eb ankimit (\u00e7\u00ebshtjes). N\u00eb korrespondenc\u00eb n\u00eb anglisht shkruhet \u00abApplication no.\u00bb, nd\u00ebrsa n\u00eb fr\u00ebngjisht \u00abRequ\u00eate n\u00b0\u00bb.<\/span>\r\n      <span class=\"vitem\">Formati i numrit t\u00eb ankimit: NUMRI\/VITI, p.sh. 123\/14. Vet\u00ebm shifra dhe nj\u00eb vij\u00eb e pjerr\u00ebt djathtas: \u00ab\/\u00bb, pa hap\u00ebsira.<\/span>\r\n      <span class=\"vitem\">Nj\u00eb num\u00ebr n\u00eb t\u00eb nj\u00ebjtin format n\u00eb letr\u00ebn e GJEDNJ-s\u00eb p\u00ebr mosp\u00ebrputhje t\u00eb formularit t\u00eb ankimit me k\u00ebrkesat nuk \u00ebsht\u00eb numri i ankimit. Ky num\u00ebr mund t\u00eb b\u00ebhet numri i ankimit vet\u00ebm pasi GJEDNJ t\u00eb marr\u00eb nj\u00eb formular t\u00eb ri ankimi q\u00eb i p\u00ebrmbush k\u00ebrkesat dhe ta regjistroj\u00eb ankimin. N\u00eb nj\u00eb let\u00ebr t\u00eb till\u00eb nuk tregohet titulli i ankimit (\u00e7\u00ebshtjes), sepse ankimi nuk \u00ebsht\u00eb regjistruar dhe zakonisht tregohet kodi ECHR-Axxx6, ku \u00abxxx\u00bb tregon gjuh\u00ebn e letr\u00ebs.<\/span>\r\n    <\/span>\r\n  <\/span>\r\n<\/div>\r\n<div class=\"mywpcf7cf myshow myhide mywpcf7cf-utility\">\r\n  <div class=\"mybutton red not-in-text-button is-disabled\" aria-disabled=\"true\">Rifillo<\/div>\r\n  <a class=\"mybutton red not-in-text-button\" href=\"mailto:oleg.anishchik@europeancourt.org?subject=Gjeni numrin e ankimit, pranimin ose vendimin n\u00eb GJEDNJ: gabim&#038;body=P\u00ebrshkrimi i gabimit: \">Raporto nj\u00eb gabim<\/a>\r\n<\/div>\r\n<div id=\"ajax_content\"><\/div>","protected":false},"excerpt":{"rendered":"A e dini numrin e ankimit n\u00eb fjal\u00eb? Po Jo \u00c7far\u00eb \u00ebsht\u00eb numri i ankimit? Numri i ankimit tregohet n\u00eb \u00e7do let\u00ebr t\u00eb GJEDNJ-s\u00eb p\u00ebr nj\u00eb ankim q\u00eb \u00ebsht\u00eb regjistruar, menj\u00ebher\u00eb pas fjal\u00ebve \u00abAplikimi&#46;&#46;&#46;","protected":false},"author":1,"featured_media":223345,"parent":222199,"menu_order":0,"comment_status":"closed","ping_status":"closed","template":"","meta":{"footnotes":""},"categories":[],"tags":[],"class_list":["post-223343","page","type-page","status-publish","has-post-thumbnail","hentry"],"_links":{"self":[{"href":"https:\/\/europeancourt.org\/sq\/wp-json\/wp\/v2\/pages\/223343","targetHints":{"allow":["GET"]}}],"collection":[{"href":"https:\/\/europeancourt.org\/sq\/wp-json\/wp\/v2\/pages"}],"about":[{"href":"https:\/\/europeancourt.org\/sq\/wp-json\/wp\/v2\/types\/page"}],"author":[{"embeddable":true,"href":"https:\/\/europeancourt.org\/sq\/wp-json\/wp\/v2\/users\/1"}],"replies":[{"embeddable":true,"href":"https:\/\/europeancourt.org\/sq\/wp-json\/wp\/v2\/comments?post=223343"}],"version-history":[{"count":2,"href":"https:\/\/europeancourt.org\/sq\/wp-json\/wp\/v2\/pages\/223343\/revisions"}],"predecessor-version":[{"id":223347,"href":"https:\/\/europeancourt.org\/sq\/wp-json\/wp\/v2\/pages\/223343\/revisions\/223347"}],"up":[{"embeddable":true,"href":"https:\/\/europeancourt.org\/sq\/wp-json\/wp\/v2\/pages\/222199"}],"wp:featuredmedia":[{"embeddable":true,"href":"https:\/\/europeancourt.org\/sq\/wp-json\/wp\/v2\/media\/223345"}],"wp:attachment":[{"href":"https:\/\/europeancourt.org\/sq\/wp-json\/wp\/v2\/media?parent=223343"}],"wp:term":[{"taxonomy":"category","embeddable":true,"href":"https:\/\/europeancourt.org\/sq\/wp-json\/wp\/v2\/categories?post=223343"},{"taxonomy":"post_tag","embeddable":true,"href":"https:\/\/europeancourt.org\/sq\/wp-json\/wp\/v2\/tags?post=223343"}],"curies":[{"name":"wp","href":"https:\/\/api.w.org\/{rel}","templated":true}]}}