{"id":225469,"date":"2026-04-26T18:55:06","date_gmt":"2026-04-26T16:55:06","guid":{"rendered":"https:\/\/europeancourt.org\/sh%c3%abrbime\/gjednj\/p%c3%abrgatitja-e-ankimeve-n%c3%ab-gjednj\/"},"modified":"2026-04-26T18:57:19","modified_gmt":"2026-04-26T16:57:19","slug":"p%c3%abrgatitja-e-ankimeve-n%c3%ab-gjednj","status":"publish","type":"page","link":"https:\/\/europeancourt.org\/sq\/sh%c3%abrbime\/gjednj\/p%c3%abrgatitja-e-ankimeve-n%c3%ab-gjednj\/","title":{"rendered":"P\u00ebrgatitja e ankimeve n\u00eb GJEDNJ"},"content":{"rendered":"<div id=\"ec-preparation-page\" class=\"ec-service-page ec-service-preparation\" data-service=\"preparation\"\n  data-ec-service-page-id=\"225469\"\n  data-ec-service-form-id=\"225470\"\n  data-ec-service-lang=\"sq\"\n  data-ec-service-docs-message=\"Bashk\u00ebngjitni dokumentet ose vendosni nj\u00eb lidhje te to n\u00eb cilindo sh\u00ebrbim cloud.\"\n  data-ec-service-email-message=\"Ju lutem plot\u00ebsojeni k\u00ebt\u00eb fush\u00eb.\"\n  data-ec-service-load-error=\"Gabim.\">\n<div class=\"ec-service-screen ec-service-screen-1\">\n<div class=\"mywpcf7cf myshow myhide\">\u00c7mimi i p\u00ebrgatitjes s\u00eb nj\u00eb ankimi n\u00eb GJEDNJ varet nga koha q\u00eb do t\u00eb k\u00ebrkoj\u00eb kjo pun\u00eb. Diapazoni \u00ebsht\u00eb shum\u00eb i gjer\u00eb: nga disa qindra euro, n\u00ebse gjith\u00e7ka mund t\u00eb p\u00ebrfundohet brenda dy a tre or\u00ebsh, deri n\u00eb 10 000 euro e m\u00eb shum\u00eb, n\u00ebse nevojiten dhjet\u00ebra or\u00eb. Kjo koh\u00eb shkon p\u00ebr shqyrtimin e dokumenteve, nxjerrjen n\u00eb pah t\u00eb fakteve ky\u00e7e, gjetjen dhe analizimin e praktik\u00ebs aktuale t\u00eb GJEDNJ-s\u00eb si p\u00ebr themelin, ashtu edhe p\u00ebr pranueshm\u00ebrin\u00eb p\u00ebr secilin pretendim t\u00eb mundsh\u00ebm, formulimin e pretendimeve mbi at\u00eb baz\u00eb, arsyetimin e secil\u00ebs shkelje dhe t\u00eb respektimit t\u00eb kushteve t\u00eb pranueshm\u00ebris\u00eb p\u00ebr secil\u00ebn prej tyre, dhe pastaj paraqitjen e t\u00eb gjitha k\u00ebtyre n\u00eb formularin e ankimit n\u00eb m\u00ebnyr\u00eb t\u00eb shkurt\u00ebr, t\u00eb qart\u00eb dhe pa kund\u00ebrth\u00ebnie.<\/div>\n<div class=\"mywpcf7cf myshow myhide\">Sa koh\u00eb do t\u00eb k\u00ebrkoj\u00eb \u00e7\u00ebshtja juaj dhe, rrjedhimisht, sa do t\u00eb kushtoj\u00eb p\u00ebrgatitja e ankimit, mund ta vler\u00ebsoj vet\u00ebm pasi t&#8217;i shoh dokumentet. Ju lutem m\u00eb d\u00ebrgoni t\u00eb gjitha vendimet q\u00eb d\u00ebshironi t\u00eb kund\u00ebrshtoni, si edhe dokumentet e tjera ku pasqyrohen masat q\u00eb d\u00ebshironi t\u00eb kund\u00ebrshtoni, t\u00eb gjitha parashtresat drejtuar organeve komb\u00ebtare, p\u00ebrfshir\u00eb gjykatat, ku k\u00ebto pretendime jan\u00eb ngritur n\u00eb thelb, si edhe t\u00eb gjitha vendimet e marra p\u00ebr to. N\u00ebse i keni tashm\u00eb t\u00eb gjitha materialet e \u00e7\u00ebshtjes n\u00eb form\u00eb elektronike, \u00ebsht\u00eb m\u00eb mir\u00eb t&#8217;i d\u00ebrgoni menj\u00ebher\u00eb t\u00eb gjitha. Mos kini frik\u00eb t\u00eb d\u00ebrgoni m\u00eb shum\u00eb dokumente sesa duhet ose t\u00eb mos bashk\u00ebngjisni di\u00e7ka: n\u00ebse, pasi t\u00eb shqyrtoj at\u00eb q\u00eb m\u00eb d\u00ebrgoni, m\u00eb duhen dokumente shtes\u00eb, do t&#8217;jua k\u00ebrkoj.<\/div>\n<div class=\"mywpcf7cf myshow myhide\">Zakonisht i p\u00ebrgjigjem k\u00ebrkes\u00ebs p\u00ebr \u00e7mimin e p\u00ebrgatitjes s\u00eb ankimit brenda nj\u00eb jave pasi t\u00eb kem marr\u00eb t\u00eb gjitha dokumentet dhe informacionin e nevojsh\u00ebm. N\u00ebse afati p\u00ebr t&#8217;iu drejtuar GJEDNJ-s\u00eb mbaron n\u00eb dit\u00ebt e ardhshme, m\u00eb shkruani dhe m\u00eb pyesni n\u00ebse mund ta shqyrtoj k\u00ebrkes\u00ebn tuaj me urgjenc\u00eb. Premtoj t&#8217;i p\u00ebrgjigjem nj\u00eb emaili t\u00eb till\u00eb brenda 24 or\u00ebsh. N\u00ebse konfirmoj se mund ta b\u00ebj k\u00ebt\u00eb dhe ju menj\u00ebher\u00eb paraqitni dokumentet dhe informacionin e nevojsh\u00ebm, premtoj t&#8217;ju d\u00ebrgoj vler\u00ebsimin tim p\u00ebr k\u00ebrkes\u00ebn brenda 48 or\u00ebve pasuese.<\/div>\n<div class=\"mywpcf7cf myshow myhide\">N\u00ebse arrij n\u00eb p\u00ebrfundimin se nj\u00eb ankim n\u00eb GJEDNJ ka perspektiva t\u00eb arsyeshme, do t&#8217;ju njoftoj \u00e7mimin e sakt\u00eb t\u00eb p\u00ebrgatitjes s\u00eb tij, duke marr\u00eb parasysh pretendimet q\u00eb ia vlen t\u00eb parashtrohen, dhe do t&#8217;ju shkruaj shum\u00eb shkurt cilat pretendime nuk ia vlen t\u00eb parashtrohen. N\u00eb t\u00eb nj\u00ebjt\u00ebn koh\u00eb do t&#8217;ju d\u00ebrgoj marr\u00ebveshjen p\u00ebr p\u00ebrgatitjen e ankimit. Pagesa mund t\u00eb kryhet me transfert\u00eb bankare n\u00eb llogarin\u00eb time n\u00eb Zvic\u00ebr ose n\u00eb m\u00ebnyra t\u00eb tjera, n\u00eb var\u00ebsi t\u00eb vendit nga i cili b\u00ebhet pagesa. Afati i p\u00ebrgatitjes s\u00eb ankimit do t\u00eb jet\u00eb gjithmon\u00eb i till\u00eb q\u00eb ai t\u00eb mund t\u00eb paraqitet n\u00eb GJEDNJ brenda afatit p\u00ebr t&#8217;iu drejtuar Gjykat\u00ebs. N\u00eb p\u00ebrfundim t\u00eb pun\u00ebs, me email do t\u00eb merrni formularin e plot\u00ebsuar t\u00eb ankimit, dokumentet shoq\u00ebruese t\u00eb p\u00ebrgatitura p\u00ebr t\u00eb dhe udh\u00ebzime se si t&#8217;i printoni, n\u00ebnshkruani dhe d\u00ebrgoni t\u00eb gjitha si\u00e7 duhet n\u00eb GJEDNJ. P\u00ebrfaq\u00ebsimi para GJEDNJ-s\u00eb dhe \u00e7do pun\u00eb tjet\u00ebr p\u00ebr \u00e7\u00ebshtjen nuk p\u00ebrfshihen n\u00eb \u00e7mimin e p\u00ebrgatitjes s\u00eb ankimit. N\u00ebse arrij n\u00eb p\u00ebrfundimin se nuk shoh asnj\u00eb perspektiv\u00eb t\u00eb arsyeshme p\u00ebr t&#8217;iu drejtuar GJEDNJ-s\u00eb, do t&#8217;ju njoftoj vet\u00ebm p\u00ebr k\u00ebt\u00eb.<\/div>\n<div class=\"mywpcf7cf myshow myhide\">Ky sh\u00ebrbim qartazi nuk \u00ebsht\u00eb p\u00ebr ju n\u00ebse mund t\u00eb pajtoheni me bindje me cil\u00ebndo nga pohimet e m\u00ebposhtme:<\/div>\n<ul class=\"myshow myhide ec-service-blocker-list\"><li><label><input type=\"checkbox\" class=\"ec-service-blocker\" \/><span>Un\u00eb e kam tashm\u00eb formularin e plot\u00ebsuar t\u00eb ankimit dhe m\u00eb duhet vet\u00ebm ta kontrolloj p\u00ebr gabime.<\/span><\/label><\/li>\n<li><label><input type=\"checkbox\" class=\"ec-service-blocker\" \/><span>Nuk jam gati t\u00eb paraqes t\u00eb gjitha dokumentet e nevojshme p\u00ebr \u00e7\u00ebshtjen.<\/span><\/label><\/li>\n<li><label><input type=\"checkbox\" class=\"ec-service-blocker\" \/><span>Pres shpjegime t\u00eb holl\u00ebsishme p\u00ebr secilin nga pretendimet e mia, edhe kur p\u00ebr t\u00eb nuk ka perspektiva t\u00eb arsyeshme p\u00ebr t&#8217;iu drejtuar GJEDNJ-s\u00eb.<\/span><\/label><\/li>\n<li><label><input type=\"checkbox\" class=\"ec-service-blocker\" \/><span>Pres q\u00eb ankimi t\u00eb p\u00ebrgatitet edhe kur nuk ka perspektiva t\u00eb arsyeshme p\u00ebr t&#8217;iu drejtuar GJEDNJ-s\u00eb.<\/span><\/label><\/li>\n<li><label><input type=\"checkbox\" class=\"ec-service-blocker\" \/><span>Duke pasur parasysh numrin e pretendimeve t\u00eb mia dhe v\u00ebllimin e dokumenteve q\u00eb kam tashm\u00eb p\u00ebr \u00e7\u00ebshtjen, \u00ebsht\u00eb e qart\u00eb se p\u00ebrgatitja e ankimit do t\u00eb k\u00ebrkoj\u00eb duksh\u00ebm m\u00eb shum\u00eb koh\u00eb sesa jam gati t\u00eb paguaj.<\/span><\/label><\/li>\n<li><label><input type=\"checkbox\" class=\"ec-service-blocker\" \/><span>Mund ta plot\u00ebsoj vet\u00eb formularin e ankimit n\u00eb p\u00ebrputhje me t\u00eb gjitha k\u00ebrkesat e GJEDNJ-s\u00eb, duke paraqitur t\u00eb gjitha faktet ky\u00e7e, shkeljet e pretenduara dhe informacionin p\u00ebr respektimin e kushteve t\u00eb pranueshm\u00ebris\u00eb p\u00ebr secil\u00ebn shkelje, n\u00eb p\u00ebrputhje t\u00eb plot\u00eb me materialet e \u00e7\u00ebshtjes dhe praktik\u00ebn aktuale t\u00eb GJEDNJ-s\u00eb q\u00eb zbatohet p\u00ebr \u00e7\u00ebshtjen time.<\/span><\/label><\/li><\/ul>\n<div class=\"checking-load-wrap ec-service-load-wrap\"><div class=\"checking-load-button-row ec-service-load-button-row\"><button type=\"button\" class=\"mybutton blue ec-service-load-button\" id=\"load_ajax_form\" data-ec-service-load=\"preparation\" data-ec-service-form-id=\"225470\" data-blocked-message=\"Nuk mund t\u00eb vazhdoni p\u00ebr sa koh\u00eb q\u00eb \u00ebsht\u00eb sh\u00ebnuar cilado prej k\u00ebtyre pohimeve. N\u00ebse e keni sh\u00ebnuar di\u00e7ka gabimisht, hiqeni shenj\u00ebn.\">Paraqitni dokumentet<\/button><\/div>\n<div id=\"ec-service-load-status\" class=\"checking-load-status ec-service-load-status\" role=\"status\" aria-live=\"polite\"><\/div><\/div>\n<div class=\"mywpcf7cf myshow myhide\"><a class=\"mybutton blue not-in-text-button\" href=\"mailto:oleg.anishchik@europeancourt.org?subject=Do%20t%C3%AB%20doja%20t%C3%AB%20sqaroja%20kushtet\">Do t\u00eb doja t\u00eb sqaroja kushtet<\/a><\/div>\n<div class=\"mywpcf7cf mywpcf7cf-utility ec-service-utility-row\"><div class=\"mybutton red not-in-text-button is-disabled\" aria-disabled=\"true\">Rifillo<\/div><div class=\"mybutton red not-in-text-button\" onclick=\"window.location.href='mailto:oleg.anishchik@europeancourt.org?subject=P%C3%ABrgatitja%20e%20ankimeve%20n%C3%AB%20GJEDNJ%3A%20gabim&amp;body=P%C3%ABrshkrimi%20i%20gabimit%3A';\">Raporto nj\u00eb gabim<\/div><\/div>\n<\/div>\n<div class=\"ec-service-form-shell\"><div id=\"ajax_content\" class=\"ec-service-ajax-content\" data-loaded=\"0\"><\/div><\/div>\n<\/div>\n<script>\n(function(){\n  if (window.ecServicePageRuntimeReady) return;\n  window.ecServicePageRuntimeReady = true;\n\n  function trim(value) {\n    return String(value || '').replace(\/^\\s+|\\s+$\/g, '');\n  }\n\n  function clearNode(node) {\n    if (!node) return;\n    while (node.firstChild) node.removeChild(node.firstChild);\n  }\n\n  function renderStatus(node, message) {\n    if (!node) return;\n    clearNode(node);\n    if (!message) return;\n    var tip = document.createElement('span');\n    tip.className = 'wpcf7-not-valid-tip';\n    tip.textContent = message;\n    node.appendChild(tip);\n  }\n\n  function ajaxUrl() {\n    if (window.wpcf7cf_global_settings && window.wpcf7cf_global_settings.ajaxurl) {\n      return window.wpcf7cf_global_settings.ajaxurl;\n    }\n    if (window.ajaxurl) return window.ajaxurl;\n    return '\/wp-admin\/admin-ajax.php';\n  }\n\n  function pageRoot(node) {\n    return node && node.closest ? node.closest('.ec-service-page') : null;\n  }\n\n  function loadStatus(root) {\n    return root ? root.querySelector('.ec-service-load-status') : null;\n  }\n\n  function submitStatus(root) {\n    if (!root) return null;\n    var submit = root.querySelector('#ajax_content .wpcf7-submit');\n    if (!submit) return null;\n    var node = root.querySelector('#ajax_content .ec-service-submit-status');\n    if (!node) {\n      node = document.createElement('div');\n      node.className = 'ec-service-submit-status';\n      node.setAttribute('role', 'status');\n      node.setAttribute('aria-live', 'polite');\n      submit.insertAdjacentElement('afterend', node);\n    }\n    return node;\n  }\n\n  function isLoaded(root) {\n    var target = root && root.querySelector('#ajax_content');\n    return !!(target && target.getAttribute('data-loaded') === '1');\n  }\n\n  function syncBlockers(root) {\n    if (!root || isLoaded(root)) return;\n    var button = root.querySelector('[data-ec-service-load]');\n    if (!button || button.getAttribute('aria-busy') === 'true') return;\n    var blocked = !!root.querySelector('.ec-service-blocker:checked');\n    button.disabled = false;\n    button.setAttribute('data-soft-disabled', blocked ? '1' : '0');\n    button.classList.toggle('is-soft-disabled', blocked);\n    if (!blocked) renderStatus(loadStatus(root), '');\n  }\n\n  function scrollToNode(node) {\n    if (!node || !node.getBoundingClientRect) return;\n    var offset = 50;\n    var adminBar = document.getElementById('wpadminbar');\n    if (adminBar && window.getComputedStyle(adminBar).position === 'fixed') {\n      offset += adminBar.offsetHeight || 0;\n    }\n    var top = node.getBoundingClientRect().top + window.pageYOffset - offset;\n    window.scrollTo({ top: Math.max(top, 0), behavior: 'smooth' });\n  }\n\n  function initCf7(target) {\n    if (!target) return;\n    var form = target.querySelector('.wpcf7-form');\n    if (!form) return;\n    if (window.wpcf7 && typeof window.wpcf7.init === 'function') {\n      try { window.wpcf7.init(form); } catch (error) {}\n    }\n    if (window.jQuery && window.wpcf7cf && typeof window.wpcf7cf.initForm === 'function') {\n      try { window.wpcf7cf.initForm(window.jQuery(form)); } catch (error) {}\n    }\n  }\n\n  function hasFiles(root) {\n    var input = root && root.querySelector('#ajax_content input[name=\"multifile-applicationformfiles[]\"]');\n    return !!(input && input.files && input.files.length);\n  }\n\n  function hasDocsLink(root) {\n    var input = root && root.querySelector('#ajax_content input[name=\"url-documents-link\"]');\n    if (!input) return false;\n    var value = trim(input.value);\n    if (!value) return false;\n    if (typeof input.checkValidity === 'function') return input.checkValidity();\n    return true;\n  }\n\n  function emailOk(root) {\n    var input = root && root.querySelector('#ajax_content input[name=\"your-email\"]');\n    if (!input) return true;\n    var value = trim(input.value);\n    if (!value) return false;\n    if (typeof input.checkValidity === 'function') return input.checkValidity();\n    return \/^[^\\s@]+@[^\\s@]+\\.[^\\s@]+$\/.test(value);\n  }\n\n  function markAttention(root, on) {\n    ['input[name=\"multifile-applicationformfiles[]\"]', 'input[name=\"url-documents-link\"]', 'input[name=\"your-email\"]'].forEach(function(selector) {\n      var node = root && root.querySelector('#ajax_content ' + selector);\n      if (!node) return;\n      node.classList.toggle('ec-service-needs-attention', !!on);\n      if (on) node.setAttribute('aria-invalid', 'true');\n      else node.removeAttribute('aria-invalid');\n    });\n  }\n\n  function formReady(root) {\n    return (hasFiles(root) || hasDocsLink(root)) && emailOk(root);\n  }\n\n  function syncSubmit(root) {\n    if (!root) return;\n    var submit = root.querySelector('#ajax_content .wpcf7-submit');\n    if (!submit) return;\n    var ready = formReady(root);\n    submit.disabled = false;\n    submit.setAttribute('data-soft-disabled', ready ? '0' : '1');\n    submit.classList.toggle('is-soft-disabled', !ready);\n    if (ready) {\n      renderStatus(submitStatus(root), '');\n      markAttention(root, false);\n    }\n  }\n\n  function missingMessage(root) {\n    if (!(hasFiles(root) || hasDocsLink(root))) {\n      return root.getAttribute('data-ec-service-docs-message') || '';\n    }\n    if (!emailOk(root)) {\n      return root.getAttribute('data-ec-service-email-message') || '';\n    }\n    return '';\n  }\n\n  function blockSubmit(event, root) {\n    if (formReady(root)) return false;\n    event.preventDefault();\n    event.stopPropagation();\n    if (event.stopImmediatePropagation) event.stopImmediatePropagation();\n    markAttention(root, true);\n    renderStatus(submitStatus(root), missingMessage(root));\n    return true;\n  }\n\n  function setupLoadedForm(root) {\n    syncSubmit(root);\n  }\n\n  function loadForm(root, button) {\n    if (!root || !button || root.__ecServiceLoading) return;\n    var target = root.querySelector('#ajax_content');\n    if (!target) return;\n    var formId = root.getAttribute('data-ec-service-form-id') || button.getAttribute('data-ec-service-form-id') || '';\n    var pageId = root.getAttribute('data-ec-service-page-id') || '';\n    var service = root.getAttribute('data-service') || button.getAttribute('data-ec-service-load') || '';\n    var lang = root.getAttribute('data-ec-service-lang') || '';\n    if (!formId || !pageId || !service) {\n      renderStatus(loadStatus(root), root.getAttribute('data-ec-service-load-error') || '');\n      return;\n    }\n    root.__ecServiceLoading = true;\n    root.classList.add('is-form-loading');\n    button.setAttribute('aria-busy', 'true');\n    renderStatus(loadStatus(root), '');\n    var body = new URLSearchParams();\n    body.set('action', 'load_form_ec_service');\n    body.set('service', service);\n    body.set('page_id', pageId);\n    body.set('form_id', formId);\n    body.set('lang', lang);\n    window.fetch(ajaxUrl(), {\n      method: 'POST',\n      credentials: 'same-origin',\n      headers: {'Content-Type': 'application\/x-www-form-urlencoded; charset=UTF-8'},\n      body: body.toString()\n    }).then(function(response) {\n      if (!response.ok) throw new Error('ajax_' + response.status);\n      return response.text();\n    }).then(function(html) {\n      if (!trim(html)) throw new Error('empty_response');\n      target.innerHTML = html;\n      target.setAttribute('data-loaded', '1');\n      root.classList.add('is-form-open');\n      initCf7(target);\n      setupLoadedForm(root);\n      scrollToNode(target);\n    }).catch(function() {\n      renderStatus(loadStatus(root), root.getAttribute('data-ec-service-load-error') || '');\n    }).then(function() {\n      root.__ecServiceLoading = false;\n      root.classList.remove('is-form-loading');\n      button.removeAttribute('aria-busy');\n      syncBlockers(root);\n    });\n  }\n\n  window.ecServiceStartOver = function(event) {\n    var root = pageRoot(event && event.target);\n    if (!root) return;\n    if (event) {\n      event.preventDefault();\n      event.stopPropagation();\n    }\n    var target = root.querySelector('#ajax_content');\n    if (target) {\n      target.innerHTML = '';\n      target.setAttribute('data-loaded', '0');\n    }\n    root.querySelectorAll('.ec-service-blocker').forEach(function(node) { node.checked = false; });\n    root.classList.remove('is-form-open', 'is-form-loading');\n    renderStatus(loadStatus(root), '');\n    syncBlockers(root);\n    scrollToNode(root);\n  };\n\n  document.addEventListener('click', function(event) {\n    var button = event.target && event.target.closest ? event.target.closest('[data-ec-service-load]') : null;\n    if (!button) return;\n    var root = pageRoot(button);\n    if (!root) return;\n    event.preventDefault();\n    event.stopPropagation();\n    if (event.stopImmediatePropagation) event.stopImmediatePropagation();\n    if (root.querySelector('.ec-service-blocker:checked')) {\n      renderStatus(loadStatus(root), button.getAttribute('data-blocked-message') || '');\n      syncBlockers(root);\n      return;\n    }\n    loadForm(root, button);\n  }, true);\n\n  document.addEventListener('click', function(event) {\n    var submit = event.target && event.target.closest ? event.target.closest('.ec-service-page #ajax_content .wpcf7-submit') : null;\n    if (!submit) return;\n    blockSubmit(event, pageRoot(submit));\n  }, true);\n\n  document.addEventListener('submit', function(event) {\n    var form = event.target;\n    if (!form || !form.closest) return;\n    var root = form.closest('.ec-service-page');\n    if (root) blockSubmit(event, root);\n  }, true);\n\n  document.addEventListener('change', function(event) {\n    var root = pageRoot(event.target);\n    if (!root) return;\n    if (event.target.matches('.ec-service-blocker')) syncBlockers(root);\n    syncSubmit(root);\n  }, true);\n\n  document.addEventListener('input', function(event) {\n    var root = pageRoot(event.target);\n    if (root) syncSubmit(root);\n  }, true);\n\n  document.querySelectorAll('.ec-service-page').forEach(syncBlockers);\n})();\n<\/script>","protected":false},"excerpt":{"rendered":"\u00c7mimi i p\u00ebrgatitjes s\u00eb nj\u00eb ankimi n\u00eb GJEDNJ varet nga koha q\u00eb do t\u00eb k\u00ebrkoj\u00eb kjo pun\u00eb. Diapazoni \u00ebsht\u00eb shum\u00eb i gjer\u00eb: nga disa qindra euro, n\u00ebse gjith\u00e7ka mund t\u00eb p\u00ebrfundohet brenda dy a&#46;&#46;&#46;","protected":false},"author":0,"featured_media":0,"parent":222199,"menu_order":0,"comment_status":"closed","ping_status":"closed","template":"","meta":{"footnotes":""},"categories":[],"tags":[],"class_list":["post-225469","page","type-page","status-publish","hentry"],"_links":{"self":[{"href":"https:\/\/europeancourt.org\/sq\/wp-json\/wp\/v2\/pages\/225469","targetHints":{"allow":["GET"]}}],"collection":[{"href":"https:\/\/europeancourt.org\/sq\/wp-json\/wp\/v2\/pages"}],"about":[{"href":"https:\/\/europeancourt.org\/sq\/wp-json\/wp\/v2\/types\/page"}],"replies":[{"embeddable":true,"href":"https:\/\/europeancourt.org\/sq\/wp-json\/wp\/v2\/comments?post=225469"}],"version-history":[{"count":2,"href":"https:\/\/europeancourt.org\/sq\/wp-json\/wp\/v2\/pages\/225469\/revisions"}],"predecessor-version":[{"id":225802,"href":"https:\/\/europeancourt.org\/sq\/wp-json\/wp\/v2\/pages\/225469\/revisions\/225802"}],"up":[{"embeddable":true,"href":"https:\/\/europeancourt.org\/sq\/wp-json\/wp\/v2\/pages\/222199"}],"wp:attachment":[{"href":"https:\/\/europeancourt.org\/sq\/wp-json\/wp\/v2\/media?parent=225469"}],"wp:term":[{"taxonomy":"category","embeddable":true,"href":"https:\/\/europeancourt.org\/sq\/wp-json\/wp\/v2\/categories?post=225469"},{"taxonomy":"post_tag","embeddable":true,"href":"https:\/\/europeancourt.org\/sq\/wp-json\/wp\/v2\/tags?post=225469"}],"curies":[{"name":"wp","href":"https:\/\/api.w.org\/{rel}","templated":true}]}}