{"id":116068,"date":"2022-06-13T12:26:38","date_gmt":"2022-06-13T10:26:38","guid":{"rendered":"https:\/\/europeancourt.org\/dokument\/"},"modified":"2024-06-25T16:49:07","modified_gmt":"2024-06-25T14:49:07","slug":"dokument","status":"publish","type":"page","link":"https:\/\/europeancourt.org\/sv\/dokument\/","title":{"rendered":"Dokument"},"content":{"rendered":"<ul>\n<li><a href=\"https:\/\/europeancourt.org\/sv\/dokument\/europar%c3%a5det\/\" title=\"Europar\u00e5det\">Europar\u00e5det<\/a><\/li>\n<ul>\n<li><a href=\"https:\/\/europeancourt.org\/sv\/dokument\/europar%c3%a5det\/europakonventionen\/\" title=\"Konventionen om skydd f\u00f6r de m\u00e4nskliga r\u00e4ttigheterna och de grundl\u00e4ggande friheterna\">Konventionen om skydd f\u00f6r de m\u00e4nskliga r\u00e4ttigheterna och de grundl\u00e4ggande friheterna<\/a><\/li>\n<ul>\n<li><a href=\"https:\/\/europeancourt.org\/sv\/dokument\/europar%c3%a5det\/europakonventionen\/protokoll-nr1\/\" title=\"Protokoll till konventionen om skydd f\u00f6r de m\u00e4nskliga r\u00e4ttigheterna och de grundl\u00e4ggande friheterna\">Protokoll till konventionen om skydd f\u00f6r de m\u00e4nskliga r\u00e4ttigheterna och de grundl\u00e4ggande friheterna<\/a><\/li>\n<li><a href=\"https:\/\/europeancourt.org\/sv\/dokument\/europar%c3%a5det\/europakonventionen\/protokoll-nr4\/\" title=\"Protokoll nr 4 till konventionen om skydd f\u00f6r de m\u00e4nskliga r\u00e4ttigheterna och de grundl\u00e4ggande friheterna\">Protokoll nr 4 till konventionen om skydd f\u00f6r de m\u00e4nskliga r\u00e4ttigheterna och de grundl\u00e4ggande friheterna<\/a><\/li>\n<li><a href=\"https:\/\/europeancourt.org\/sv\/dokument\/europar%c3%a5det\/europakonventionen\/protokoll-nr6\/\" title=\"Protokoll nr 6 till konventionen om skydd f\u00f6r de m\u00e4nskliga r\u00e4ttigheterna och de grundl\u00e4ggande friheterna\">Protokoll nr 6 till konventionen om skydd f\u00f6r de m\u00e4nskliga r\u00e4ttigheterna och de grundl\u00e4ggande friheterna<\/a><\/li>\n<li><a href=\"https:\/\/europeancourt.org\/sv\/dokument\/europar%c3%a5det\/europakonventionen\/protokoll-nr7\/\" title=\"Protokoll nr 7 till konventionen om skydd f\u00f6r de m\u00e4nskliga r\u00e4ttigheterna och de grundl\u00e4ggande friheterna\">Protokoll nr 7 till konventionen om skydd f\u00f6r de m\u00e4nskliga r\u00e4ttigheterna och de grundl\u00e4ggande friheterna<\/a><\/li>\n<li><a href=\"https:\/\/europeancourt.org\/sv\/dokument\/europar%c3%a5det\/europakonventionen\/protokoll-nr12\/\" title=\"Protokoll nr 12 till konventionen om skydd f\u00f6r de m\u00e4nskliga r\u00e4ttigheterna och de grundl\u00e4ggande friheterna\">Protokoll nr 12 till konventionen om skydd f\u00f6r de m\u00e4nskliga r\u00e4ttigheterna och de grundl\u00e4ggande friheterna<\/a><\/li>\n<li><a href=\"https:\/\/europeancourt.org\/sv\/dokument\/europar%c3%a5det\/europakonventionen\/protokoll-nr13\/\" title=\"Protokoll nr 13 till konventionen om skydd f\u00f6r de m\u00e4nskliga r\u00e4ttigheterna och de grundl\u00e4ggande friheterna\">Protokoll nr 13 till konventionen om skydd f\u00f6r de m\u00e4nskliga r\u00e4ttigheterna och de grundl\u00e4ggande friheterna<\/a><\/li>\n<li><a href=\"https:\/\/europeancourt.org\/sv\/dokument\/europar%c3%a5det\/europakonventionen\/protokoll-nr16\/\" title=\"Protokoll nr 16 till konventionen om skydd f\u00f6r de m\u00e4nskliga r\u00e4ttigheterna och de grundl\u00e4ggande friheterna\">Protokoll nr 16 till konventionen om skydd f\u00f6r de m\u00e4nskliga r\u00e4ttigheterna och de grundl\u00e4ggande friheterna<\/a><\/li>\n<\/ul>\n<li><a href=\"https:\/\/europeancourt.org\/sv\/dokument\/europar%c3%a5det\/edmr\/\" title=\"Europadomstolen f\u00f6r de m\u00e4nskliga r\u00e4ttigheterna\">Europadomstolen f\u00f6r de m\u00e4nskliga r\u00e4ttigheterna<\/a><\/li>\n<ul>\n<li><a href=\"https:\/\/europeancourt.org\/sv\/dokument\/europar%c3%a5det\/edmr\/arbetsordning-regel-47\/\" title=\"Regel 47 i arbetsordningen f\u00f6r Europeiska domstolen f\u00f6r m\u00e4nskliga r\u00e4ttigheterna\">Domstolens arbetsordning \u2013 Regel 47<\/a><\/li>\n<li><a href=\"https:\/\/europeancourt.org\/en\/documents\/council-of-europe\/echr\/practice-directions-institution-of-proceedings\/\" title=\"Anf\u00f6rande av klagom\u00e5l \u2013 Praktiska instruktioner\">Anf\u00f6rande av klagom\u00e5l \u2013 Praktiska instruktioner<\/a><\/li>\n<li><a href=\"https:\/\/europeancourt.org\/sv\/dokument\/europar%c3%a5det\/edmr\/klagoformul%c3%a4r\/\" title=\"Klagoformul\u00e4r till Europadomstolen f\u00f6r de m\u00e4nskliga r\u00e4ttigheterna\">Klagoformul\u00e4r<\/a><\/li>\n<ul>\n<li><a href=\"https:\/\/europeancourt.org\/sv\/dokument\/europar%c3%a5det\/edmr\/klagoformul%c3%a4r\/anvisningar-f%c3%b6r-ifyllande\/\" title=\"Anvisningar f\u00f6r ifyllande av klagoformul\u00e4ret\">Anvisningar f\u00f6r ifyllande av klagoformul\u00e4ret<\/a><\/li>\n<\/ul>\n<li><a href=\"https:\/\/europeancourt.org\/sv\/dokument\/europar%c3%a5det\/edmr\/fullmakt\/\" title=\"Fullmakt f\u00f6r Europeiska domstolen f\u00f6r de m\u00e4nskliga r\u00e4ttigheterna\">Fullmakt<\/a><\/li>\n<li><a href=\"https:\/\/europeancourt.org\/downloads\/en\/Table_setting_out_the_required_identifying_details_for_each_applicant_to_the_ECtHR_ENG.XLSX\" title=\"Tabell med personuppgifter f\u00f6r varje enskild klagande till Europeiska domstolen f\u00f6r m\u00e4nskliga r\u00e4ttigheterna (p\u00e5 engelska)\">Till\u00e4gg f\u00f6r grupper av klaganden<\/a><\/li>\n<\/ul><\/ul><\/ul> ","protected":false},"excerpt":{"rendered":"Europar\u00e5det Konventionen om skydd f\u00f6r de m\u00e4nskliga r\u00e4ttigheterna och de grundl\u00e4ggande friheterna Protokoll till konventionen om skydd f\u00f6r de m\u00e4nskliga r\u00e4ttigheterna och de grundl\u00e4ggande friheterna Protokoll nr 4 till konventionen om skydd f\u00f6r de&#46;&#46;&#46;","protected":false},"author":1,"featured_media":210052,"parent":0,"menu_order":0,"comment_status":"closed","ping_status":"closed","template":"","meta":{"footnotes":""},"categories":[],"tags":[],"class_list":["post-116068","page","type-page","status-publish","has-post-thumbnail","hentry"],"_links":{"self":[{"href":"https:\/\/europeancourt.org\/sv\/wp-json\/wp\/v2\/pages\/116068","targetHints":{"allow":["GET"]}}],"collection":[{"href":"https:\/\/europeancourt.org\/sv\/wp-json\/wp\/v2\/pages"}],"about":[{"href":"https:\/\/europeancourt.org\/sv\/wp-json\/wp\/v2\/types\/page"}],"author":[{"embeddable":true,"href":"https:\/\/europeancourt.org\/sv\/wp-json\/wp\/v2\/users\/1"}],"replies":[{"embeddable":true,"href":"https:\/\/europeancourt.org\/sv\/wp-json\/wp\/v2\/comments?post=116068"}],"version-history":[{"count":0,"href":"https:\/\/europeancourt.org\/sv\/wp-json\/wp\/v2\/pages\/116068\/revisions"}],"wp:featuredmedia":[{"embeddable":true,"href":"https:\/\/europeancourt.org\/sv\/wp-json\/wp\/v2\/media\/210052"}],"wp:attachment":[{"href":"https:\/\/europeancourt.org\/sv\/wp-json\/wp\/v2\/media?parent=116068"}],"wp:term":[{"taxonomy":"category","embeddable":true,"href":"https:\/\/europeancourt.org\/sv\/wp-json\/wp\/v2\/categories?post=116068"},{"taxonomy":"post_tag","embeddable":true,"href":"https:\/\/europeancourt.org\/sv\/wp-json\/wp\/v2\/tags?post=116068"}],"curies":[{"name":"wp","href":"https:\/\/api.w.org\/{rel}","templated":true}]}}