{"id":147394,"date":"2022-06-23T10:51:39","date_gmt":"2022-06-23T08:51:39","guid":{"rendered":"https:\/\/europeancourt.org\/dokument\/europar%c3%a5det\/edmr\/"},"modified":"2024-06-25T16:21:20","modified_gmt":"2024-06-25T14:21:20","slug":"edmr","status":"publish","type":"page","link":"https:\/\/europeancourt.org\/sv\/dokument\/europar%c3%a5det\/edmr\/","title":{"rendered":"EDMR"},"content":{"rendered":"<ul> \n<li><a href=\"https:\/\/europeancourt.org\/sv\/dokument\/europar%c3%a5det\/edmr\/arbetsordning-regel-47\/\" title=\"Regel 47 i arbetsordningen f\u00f6r Europeiska domstolen f\u00f6r m\u00e4nskliga r\u00e4ttigheterna\">Domstolens arbetsordning \u2013 Regel 47<\/a><\/li>\n<li><a href=\"https:\/\/europeancourt.org\/en\/documents\/council-of-europe\/echr\/practice-directions-institution-of-proceedings\/\" title=\"Anf\u00f6rande av klagom\u00e5l \u2013 Praktiska instruktioner\">Anf\u00f6rande av klagom\u00e5l \u2013 Praktiska instruktioner<\/a><\/li>\n<li><a href=\"https:\/\/europeancourt.org\/sv\/dokument\/europar%c3%a5det\/edmr\/klagoformul%c3%a4r\/\" title=\"Klagoformul\u00e4r till Europadomstolen f\u00f6r de m\u00e4nskliga r\u00e4ttigheterna\">Klagoformul\u00e4r<\/a><\/li>\n<ul>\n<li><a href=\"https:\/\/europeancourt.org\/sv\/dokument\/europar%c3%a5det\/edmr\/klagoformul%c3%a4r\/anvisningar-f%c3%b6r-ifyllande\/\" title=\"Anvisningar f\u00f6r ifyllande av klagoformul\u00e4ret\">Anvisningar f\u00f6r ifyllande av klagoformul\u00e4ret<\/a><\/li>\n<\/ul>\n<li><a href=\"https:\/\/europeancourt.org\/sv\/dokument\/europar%c3%a5det\/edmr\/fullmakt\/\" title=\"Fullmakt f\u00f6r Europeiska domstolen f\u00f6r de m\u00e4nskliga r\u00e4ttigheterna\">Fullmakt<\/a><\/li>\n<li><a href=\"https:\/\/europeancourt.org\/downloads\/en\/Table_setting_out_the_required_identifying_details_for_each_applicant_to_the_ECtHR_ENG.XLSX\" title=\"Tabell med personuppgifter f\u00f6r varje enskild klagande till Europeiska domstolen f\u00f6r m\u00e4nskliga r\u00e4ttigheterna (p\u00e5 engelska)\">Till\u00e4gg f\u00f6r grupper av klaganden<\/a><\/li>\n<\/ul>","protected":false},"excerpt":{"rendered":"Domstolens arbetsordning \u2013 Regel 47 Anf\u00f6rande av klagom\u00e5l \u2013 Praktiska instruktioner Klagoformul\u00e4r Anvisningar f\u00f6r ifyllande av klagoformul\u00e4ret Fullmakt Till\u00e4gg f\u00f6r grupper av klaganden","protected":false},"author":1,"featured_media":192040,"parent":116116,"menu_order":0,"comment_status":"closed","ping_status":"closed","template":"","meta":{"footnotes":""},"categories":[],"tags":[],"class_list":["post-147394","page","type-page","status-publish","has-post-thumbnail","hentry"],"_links":{"self":[{"href":"https:\/\/europeancourt.org\/sv\/wp-json\/wp\/v2\/pages\/147394","targetHints":{"allow":["GET"]}}],"collection":[{"href":"https:\/\/europeancourt.org\/sv\/wp-json\/wp\/v2\/pages"}],"about":[{"href":"https:\/\/europeancourt.org\/sv\/wp-json\/wp\/v2\/types\/page"}],"author":[{"embeddable":true,"href":"https:\/\/europeancourt.org\/sv\/wp-json\/wp\/v2\/users\/1"}],"replies":[{"embeddable":true,"href":"https:\/\/europeancourt.org\/sv\/wp-json\/wp\/v2\/comments?post=147394"}],"version-history":[{"count":0,"href":"https:\/\/europeancourt.org\/sv\/wp-json\/wp\/v2\/pages\/147394\/revisions"}],"up":[{"embeddable":true,"href":"https:\/\/europeancourt.org\/sv\/wp-json\/wp\/v2\/pages\/116116"}],"wp:featuredmedia":[{"embeddable":true,"href":"https:\/\/europeancourt.org\/sv\/wp-json\/wp\/v2\/media\/192040"}],"wp:attachment":[{"href":"https:\/\/europeancourt.org\/sv\/wp-json\/wp\/v2\/media?parent=147394"}],"wp:term":[{"taxonomy":"category","embeddable":true,"href":"https:\/\/europeancourt.org\/sv\/wp-json\/wp\/v2\/categories?post=147394"},{"taxonomy":"post_tag","embeddable":true,"href":"https:\/\/europeancourt.org\/sv\/wp-json\/wp\/v2\/tags?post=147394"}],"curies":[{"name":"wp","href":"https:\/\/api.w.org\/{rel}","templated":true}]}}