{"id":177055,"date":"2022-07-03T16:50:48","date_gmt":"2022-07-03T14:50:48","guid":{"rendered":"https:\/\/europeancourt.org\/dokument\/europar%c3%a5det\/edmr\/fullmakt\/"},"modified":"2024-06-10T23:55:59","modified_gmt":"2024-06-10T21:55:59","slug":"fullmakt","status":"publish","type":"page","link":"https:\/\/europeancourt.org\/sv\/dokument\/europar%c3%a5det\/edmr\/fullmakt\/","title":{"rendered":"Fullmakt f\u00f6r Europeiska domstolen f\u00f6r de m\u00e4nskliga r\u00e4ttigheterna"},"content":{"rendered":"<p>Klagoformul\u00e4ret kan endast anv\u00e4ndas med Adobe Reader 9 eller senare version och med operativsystemen Windows och Mac OS X. Se till att ha Adobe Reader installerat p\u00e5 din dator (kan <a href=\"https:\/\/get.adobe.com\/se\/reader\/\" title=\"Adobe Reader\" target=\"_blank\" rel=\"noopener\">laddas ner fr\u00e5n www.adobe.com<\/a>).<\/p>\n<ul>\n<li>Spara formul\u00e4ret p\u00e5 din dator.<\/li>\n<li>\u00d6ppna den sparade kopian av formul\u00e4ret i Adobe Reader.<\/li>\n<li>Fyll i formul\u00e4ret och spara det.<\/li>\n<li>N\u00e4r du har fyllt i formul\u00e4ret, skriv ut, underteckna och skicka det till domstolen.<\/li>\n<\/ul>\n<p style=\"text-align: center;\"><a title=\"Fullmakt f\u00f6r Europeiska domstolen f\u00f6r de m\u00e4nskliga r\u00e4ttigheterna\" href=\"https:\/\/europeancourt.org\/downloads\/sv\/Fullmakt_for_Europeiska_domstolen_for_de_manskliga_rattigheterna_SWE_2021-1.PDF\" class=\"extlinkoff mybrightbutton red\" download=\"\">Ladda ner <i class=\"fas fa-download\"><\/i><\/a><\/p>\n<iframe class=\"wonderplugin-pdf-iframe\" src=\"https:\/\/europeancourt.org\/wp-content\/plugins\/wonderplugin-pdf-embed\/pdfjs\/web\/viewer.html?v=2&disabledownload=1&disableprint=1&disabledoc=1&disableopenfile=1&externallinktarget=2&file=https:\/\/europeancourt.org\/noindex\/AuthF_SWE_2021-1.pdf\" title=\"Fullmakt f\u00f6r Europeiska domstolen f\u00f6r de m\u00e4nskliga r\u00e4ttigheterna\" width=\"100%\" height=\"900px\" style=\"border:0;\"><\/iframe>","protected":false},"excerpt":{"rendered":"Klagoformul\u00e4ret kan endast anv\u00e4ndas med Adobe Reader 9 eller senare version och med operativsystemen Windows och Mac OS X. Se till att ha Adobe Reader installerat p\u00e5 din dator (kan laddas ner fr\u00e5n www.adobe.com).&#46;&#46;&#46;","protected":false},"author":1,"featured_media":191827,"parent":147394,"menu_order":0,"comment_status":"closed","ping_status":"closed","template":"","meta":{"footnotes":""},"categories":[],"tags":[],"class_list":["post-177055","page","type-page","status-publish","has-post-thumbnail","hentry"],"_links":{"self":[{"href":"https:\/\/europeancourt.org\/sv\/wp-json\/wp\/v2\/pages\/177055","targetHints":{"allow":["GET"]}}],"collection":[{"href":"https:\/\/europeancourt.org\/sv\/wp-json\/wp\/v2\/pages"}],"about":[{"href":"https:\/\/europeancourt.org\/sv\/wp-json\/wp\/v2\/types\/page"}],"author":[{"embeddable":true,"href":"https:\/\/europeancourt.org\/sv\/wp-json\/wp\/v2\/users\/1"}],"replies":[{"embeddable":true,"href":"https:\/\/europeancourt.org\/sv\/wp-json\/wp\/v2\/comments?post=177055"}],"version-history":[{"count":0,"href":"https:\/\/europeancourt.org\/sv\/wp-json\/wp\/v2\/pages\/177055\/revisions"}],"up":[{"embeddable":true,"href":"https:\/\/europeancourt.org\/sv\/wp-json\/wp\/v2\/pages\/147394"}],"wp:featuredmedia":[{"embeddable":true,"href":"https:\/\/europeancourt.org\/sv\/wp-json\/wp\/v2\/media\/191827"}],"wp:attachment":[{"href":"https:\/\/europeancourt.org\/sv\/wp-json\/wp\/v2\/media?parent=177055"}],"wp:term":[{"taxonomy":"category","embeddable":true,"href":"https:\/\/europeancourt.org\/sv\/wp-json\/wp\/v2\/categories?post=177055"},{"taxonomy":"post_tag","embeddable":true,"href":"https:\/\/europeancourt.org\/sv\/wp-json\/wp\/v2\/tags?post=177055"}],"curies":[{"name":"wp","href":"https:\/\/api.w.org\/{rel}","templated":true}]}}