{"id":222193,"date":"2024-01-08T15:08:10","date_gmt":"2024-01-08T14:08:10","guid":{"rendered":"https:\/\/europeancourt.org\/tj%c3%a4nster\/"},"modified":"2026-04-30T13:41:44","modified_gmt":"2026-04-30T11:41:44","slug":"tj%c3%a4nster","status":"publish","type":"page","link":"https:\/\/europeancourt.org\/sv\/tj%c3%a4nster\/","title":{"rendered":"Tj\u00e4nster"},"content":{"rendered":"<ul>\r\n\t<li><a href=\"https:\/\/europeancourt.org\/sv\/tj%c3%a4nster\/edmr\/\" title=\"EDMR\">EDMR<\/a><\/li>\r\n<ul>\r\n\t\t<li><a href=\"https:\/\/europeancourt.org\/sv\/tj%c3%a4nster\/edmr\/f%c3%b6rbereda-klagom%c3%a5l-till-edmr\/\" title=\"F\u00f6rbereda klagom\u00e5l till EDMR\">F\u00f6rbereda klagom\u00e5l till EDMR<\/a><\/li>\r\n\r\n\t<li><a href=\"https:\/\/europeancourt.org\/sv\/tj%c3%a4nster\/edmr\/verifiering-av-ifyllda-klagoformul%c3%a4r-f%c3%b6r-europadomstolen\/\" title=\"Verifiering av ifyllda klagoformul\u00e4r f\u00f6r Europadomstolen\">Verifiering av ifyllda klagoformul\u00e4r f\u00f6r Europadomstolen<\/a><\/li>\r\n\r\n\t<li><a href=\"https:\/\/europeancourt.org\/sv\/tj%c3%a4nster\/edmr\/f%c3%b6retr%c3%a4da-klagande-inf%c3%b6-edmr\/\" title=\"F\u00f6retr\u00e4da klagande inf\u00f6 EDMR\">F\u00f6retr\u00e4da klagande inf\u00f6 EDMR<\/a><\/li>\n<li><a href=\"https:\/\/europeancourt.org\/sv\/tj%c3%a4nster\/edmr\/hitta-m%c3%a5lnummer-registrering-dom-eller-beslut\/\" title=\"Hitta EMD-m\u00e5lnummer, registrering, dom eller beslut\">Hitta EMD-m\u00e5lnummer, registrering, dom eller beslut<\/a><\/li>\r\n\r\n\t<li><a href=\"https:\/\/europeancourt.org\/sv\/juridisk-r%c3%a5dgivning-och-kontakter\/\" title=\"Juridisk r\u00e5dgivning och kontakter\">Juridisk r\u00e5dgivning och kontakter<\/a><\/li>\r\n<\/ul>\r\n<\/ul>\r\n","protected":false},"excerpt":{"rendered":"EDMR F\u00f6rbereda klagom\u00e5l till EDMR Verifiering av ifyllda klagoformul\u00e4r f\u00f6r Europadomstolen F\u00f6retr\u00e4da klagande inf\u00f6 EDMR Hitta EMD-m\u00e5lnummer, registrering, dom eller beslut Juridisk r\u00e5dgivning och kontakter","protected":false},"author":1,"featured_media":222391,"parent":0,"menu_order":0,"comment_status":"closed","ping_status":"closed","template":"","meta":{"footnotes":""},"categories":[],"tags":[],"class_list":["post-222193","page","type-page","status-publish","has-post-thumbnail","hentry"],"_links":{"self":[{"href":"https:\/\/europeancourt.org\/sv\/wp-json\/wp\/v2\/pages\/222193","targetHints":{"allow":["GET"]}}],"collection":[{"href":"https:\/\/europeancourt.org\/sv\/wp-json\/wp\/v2\/pages"}],"about":[{"href":"https:\/\/europeancourt.org\/sv\/wp-json\/wp\/v2\/types\/page"}],"author":[{"embeddable":true,"href":"https:\/\/europeancourt.org\/sv\/wp-json\/wp\/v2\/users\/1"}],"replies":[{"embeddable":true,"href":"https:\/\/europeancourt.org\/sv\/wp-json\/wp\/v2\/comments?post=222193"}],"version-history":[{"count":6,"href":"https:\/\/europeancourt.org\/sv\/wp-json\/wp\/v2\/pages\/222193\/revisions"}],"predecessor-version":[{"id":226653,"href":"https:\/\/europeancourt.org\/sv\/wp-json\/wp\/v2\/pages\/222193\/revisions\/226653"}],"wp:featuredmedia":[{"embeddable":true,"href":"https:\/\/europeancourt.org\/sv\/wp-json\/wp\/v2\/media\/222391"}],"wp:attachment":[{"href":"https:\/\/europeancourt.org\/sv\/wp-json\/wp\/v2\/media?parent=222193"}],"wp:term":[{"taxonomy":"category","embeddable":true,"href":"https:\/\/europeancourt.org\/sv\/wp-json\/wp\/v2\/categories?post=222193"},{"taxonomy":"post_tag","embeddable":true,"href":"https:\/\/europeancourt.org\/sv\/wp-json\/wp\/v2\/tags?post=222193"}],"curies":[{"name":"wp","href":"https:\/\/api.w.org\/{rel}","templated":true}]}}