{"id":222230,"date":"2024-01-08T15:08:29","date_gmt":"2024-01-08T14:08:29","guid":{"rendered":"https:\/\/europeancourt.org\/tj%c3%a4nster\/edmr\/"},"modified":"2025-10-02T23:01:23","modified_gmt":"2025-10-02T23:01:23","slug":"edmr","status":"publish","type":"page","link":"https:\/\/europeancourt.org\/sv\/tj%c3%a4nster\/edmr\/","title":{"rendered":"EDMR"},"content":{"rendered":"<ul>\r\n\t\t<li><a href=\"https:\/\/europeancourt.org\/en\/services\/echr\/preparing-applications\/\" title=\"F\u00f6rbereda klagom\u00e5l till EDMR\">F\u00f6rbereda klagom\u00e5l till EDMR<\/a><\/li>\r\n\r\n\t<li><a href=\"https:\/\/europeancourt.org\/en\/services\/echr\/checking-filled-in-applications\/\" title=\"Verifiering av ifyllda klagoformul\u00e4r f\u00f6r Europadomstolen\">Verifiering av ifyllda klagoformul\u00e4r f\u00f6r Europadomstolen<\/a><\/li>\r\n\r\n\t<li><a href=\"https:\/\/europeancourt.org\/en\/services\/echr\/representing-applicants\/\" title=\"F\u00f6retr\u00e4da klagande inf\u00f6 EDMR\">F\u00f6retr\u00e4da klagande inf\u00f6 EDMR<\/a><\/li>\r\n\r\n\t<li><a href=\"https:\/\/europeancourt.org\/en\/services\/echr\/translating-applications-into-english\/\" title=\"\u00d6vers\u00e4ttning av klagom\u00e5l till EDMR till engelska\">\u00d6vers\u00e4ttning av klagom\u00e5l till EDMR till engelska<\/a><\/li>\r\n\r\n\t<li><a href=\"https:\/\/europeancourt.org\/sv\/tj%c3%a4nster\/edmr\/hitta-m%c3%a5lnummer-registrering-dom-eller-beslut\/\" title=\"Hitta EMD-m\u00e5lnummer, registrering, dom eller beslut\">Hitta EMD-m\u00e5lnummer, registrering, dom eller beslut<\/a><\/li>\r\n\r\n\t<li><a href=\"https:\/\/europeancourt.org\/en\/legal-advice-and-contacts\/\" title=\"Juridisk r\u00e5dgivning och kontakter\">Juridisk r\u00e5dgivning och kontakter<\/a><\/li>\r\n\r\n<\/ul>\r\n\r\n","protected":false},"excerpt":{"rendered":"F\u00f6rbereda klagom\u00e5l till EDMR Verifiering av ifyllda klagoformul\u00e4r f\u00f6r Europadomstolen F\u00f6retr\u00e4da klagande inf\u00f6 EDMR \u00d6vers\u00e4ttning av klagom\u00e5l till EDMR till engelska Hitta EMD-m\u00e5lnummer, registrering, dom eller beslut Juridisk r\u00e5dgivning och kontakter","protected":false},"author":1,"featured_media":222496,"parent":222193,"menu_order":0,"comment_status":"closed","ping_status":"closed","template":"","meta":{"footnotes":""},"categories":[],"tags":[],"class_list":["post-222230","page","type-page","status-publish","has-post-thumbnail","hentry"],"_links":{"self":[{"href":"https:\/\/europeancourt.org\/sv\/wp-json\/wp\/v2\/pages\/222230","targetHints":{"allow":["GET"]}}],"collection":[{"href":"https:\/\/europeancourt.org\/sv\/wp-json\/wp\/v2\/pages"}],"about":[{"href":"https:\/\/europeancourt.org\/sv\/wp-json\/wp\/v2\/types\/page"}],"author":[{"embeddable":true,"href":"https:\/\/europeancourt.org\/sv\/wp-json\/wp\/v2\/users\/1"}],"replies":[{"embeddable":true,"href":"https:\/\/europeancourt.org\/sv\/wp-json\/wp\/v2\/comments?post=222230"}],"version-history":[{"count":1,"href":"https:\/\/europeancourt.org\/sv\/wp-json\/wp\/v2\/pages\/222230\/revisions"}],"predecessor-version":[{"id":222304,"href":"https:\/\/europeancourt.org\/sv\/wp-json\/wp\/v2\/pages\/222230\/revisions\/222304"}],"up":[{"embeddable":true,"href":"https:\/\/europeancourt.org\/sv\/wp-json\/wp\/v2\/pages\/222193"}],"wp:featuredmedia":[{"embeddable":true,"href":"https:\/\/europeancourt.org\/sv\/wp-json\/wp\/v2\/media\/222496"}],"wp:attachment":[{"href":"https:\/\/europeancourt.org\/sv\/wp-json\/wp\/v2\/media?parent=222230"}],"wp:term":[{"taxonomy":"category","embeddable":true,"href":"https:\/\/europeancourt.org\/sv\/wp-json\/wp\/v2\/categories?post=222230"},{"taxonomy":"post_tag","embeddable":true,"href":"https:\/\/europeancourt.org\/sv\/wp-json\/wp\/v2\/tags?post=222230"}],"curies":[{"name":"wp","href":"https:\/\/api.w.org\/{rel}","templated":true}]}}