{"id":223449,"date":"2021-10-07T00:26:31","date_gmt":"2021-10-06T22:26:31","guid":{"rendered":"https:\/\/europeancourt.org\/?page_id=223449"},"modified":"2025-11-29T11:31:47","modified_gmt":"2025-11-29T10:31:47","slug":"hitta-m%c3%a5lnummer-registrering-dom-eller-beslut","status":"publish","type":"page","link":"https:\/\/europeancourt.org\/sv\/tj%c3%a4nster\/edmr\/hitta-m%c3%a5lnummer-registrering-dom-eller-beslut\/","title":{"rendered":"Hitta EMD-m\u00e5lnummer, registrering, dom eller beslut"},"content":{"rendered":"<div class=\"mywpcf7cf myshow myhide\">K\u00e4nner du till m\u00e5lnumret?<\/div>\r\n<div class=\"mywpcf7cf myshow myhide\">\r\n  <span class=\"mymultyradiobutton blue\">\r\n    <span class=\"wpcf7-list-item wpcf7\">\r\n      <label><input type=\"radio\"><span class=\"wpcf7-list-item-label\">Ja<\/span><\/label>\r\n    <\/span>\r\n  <\/span>\r\n  <span class=\"mymultyradiobutton blue\">\r\n    <span class=\"wpcf7-list-item wpcf7\">\r\n      <label><input type=\"radio\"><span class=\"wpcf7-list-item-label\">Nej<\/span><\/label>\r\n    <\/span>\r\n  <\/span>\r\n<\/div>\r\n<div class=\"mywpcf7cf-blueleft myshow myhide\">\r\n  <span class=\"mycustomsummary\">Vad \u00e4r ett m\u00e5lnummer?<\/span>\r\n  <span class=\"mycustomdetails\">\r\n    <span class=\"vlist\">\r\n      <span class=\"vitem\">Numret anges i varje brev fr\u00e5n EMD om ett m\u00e5l som har registrerats, direkt efter orden \u201dM\u00e5l nr\u201d och f\u00f6re m\u00e5lets titel. I korrespondens p\u00e5 engelska skriver man \u201dApplication no.\u201d och p\u00e5 franska skriver man \u201dRequ\u00eate n\u00b0\u201d.<\/span>\r\n      <span class=\"vitem\">Formatet f\u00f6r m\u00e5lnumret: NUMMER\/\u00c5R, t.ex. 123\/14. Endast siffror och ett snedstreck \u201d\/\u201d som lutar \u00e5t h\u00f6ger, utan mellanslag.<\/span>\r\n      <span class=\"vitem\">Ett nummer i samma format i ett brev fr\u00e5n EMD om att klagoformul\u00e4ret inte uppfyller kraven \u00e4r inte ett m\u00e5lnummer. Det numret kan bli ett m\u00e5lnummer f\u00f6rst efter att EMD har f\u00e5tt ett nytt formul\u00e4r som uppfyller kraven och registrerat m\u00e5let. I ett s\u00e5dant brev anges inte m\u00e5lets titel eftersom m\u00e5let inte \u00e4r registrerat och man anger vanligtvis koden ECHR-Axxx6 d\u00e4r \u201dxxx\u201d anger brevspr\u00e5ket.<\/span>\r\n    <\/span>\r\n  <\/span>\r\n<\/div>\r\n<div class=\"mywpcf7cf myshow myhide mywpcf7cf-utility\">\r\n  <div class=\"mybutton red not-in-text-button is-disabled\" aria-disabled=\"true\">B\u00f6rja om<\/div>\r\n  <a class=\"mybutton red not-in-text-button\" href=\"mailto:oleg.anishchik@europeancourt.org?subject=Hitta EMD-m\u00e5lnummer, registrering, dom eller beslut: fel&#038;body=Felbeskrivning: \">Rapportera ett fel<\/a>\r\n<\/div>\r\n<div id=\"ajax_content\"><\/div>","protected":false},"excerpt":{"rendered":"K\u00e4nner du till m\u00e5lnumret? Ja Nej Vad \u00e4r ett m\u00e5lnummer? Numret anges i varje brev fr\u00e5n EMD om ett m\u00e5l som har registrerats, direkt efter orden \u201dM\u00e5l nr\u201d och f\u00f6re m\u00e5lets titel. I korrespondens&#46;&#46;&#46;","protected":false},"author":1,"featured_media":223450,"parent":222230,"menu_order":0,"comment_status":"closed","ping_status":"closed","template":"","meta":{"footnotes":""},"categories":[],"tags":[],"class_list":["post-223449","page","type-page","status-publish","has-post-thumbnail","hentry"],"_links":{"self":[{"href":"https:\/\/europeancourt.org\/sv\/wp-json\/wp\/v2\/pages\/223449","targetHints":{"allow":["GET"]}}],"collection":[{"href":"https:\/\/europeancourt.org\/sv\/wp-json\/wp\/v2\/pages"}],"about":[{"href":"https:\/\/europeancourt.org\/sv\/wp-json\/wp\/v2\/types\/page"}],"author":[{"embeddable":true,"href":"https:\/\/europeancourt.org\/sv\/wp-json\/wp\/v2\/users\/1"}],"replies":[{"embeddable":true,"href":"https:\/\/europeancourt.org\/sv\/wp-json\/wp\/v2\/comments?post=223449"}],"version-history":[{"count":1,"href":"https:\/\/europeancourt.org\/sv\/wp-json\/wp\/v2\/pages\/223449\/revisions"}],"predecessor-version":[{"id":223451,"href":"https:\/\/europeancourt.org\/sv\/wp-json\/wp\/v2\/pages\/223449\/revisions\/223451"}],"up":[{"embeddable":true,"href":"https:\/\/europeancourt.org\/sv\/wp-json\/wp\/v2\/pages\/222230"}],"wp:featuredmedia":[{"embeddable":true,"href":"https:\/\/europeancourt.org\/sv\/wp-json\/wp\/v2\/media\/223450"}],"wp:attachment":[{"href":"https:\/\/europeancourt.org\/sv\/wp-json\/wp\/v2\/media?parent=223449"}],"wp:term":[{"taxonomy":"category","embeddable":true,"href":"https:\/\/europeancourt.org\/sv\/wp-json\/wp\/v2\/categories?post=223449"},{"taxonomy":"post_tag","embeddable":true,"href":"https:\/\/europeancourt.org\/sv\/wp-json\/wp\/v2\/tags?post=223449"}],"curies":[{"name":"wp","href":"https:\/\/api.w.org\/{rel}","templated":true}]}}