{"id":40770,"date":"2022-04-29T20:07:30","date_gmt":"2022-04-29T18:07:30","guid":{"rendered":"https:\/\/europeancourt.org\/europakonventionen\/"},"modified":"2025-10-05T12:00:15","modified_gmt":"2025-10-05T12:00:15","slug":"europadomstolen-f%c3%b6r-de-m%c3%a4nskliga-r%c3%a4ttigheterna","status":"publish","type":"page","link":"https:\/\/europeancourt.org\/sv\/","title":{"rendered":"Oleg Aniszczyk, ombud i EDMR, FN:s MRK, Interpol-CCF"},"content":{"rendered":"<p>Den europeiska domstolen f\u00f6r de m\u00e4nskliga r\u00e4ttigheterna \u00e4r en internationell domstol baserad i Strasbourg som endast kan pr\u00f6va klagom\u00e5l fr\u00e5n enskilda personer, organisationer och f\u00f6retag som anser att deras r\u00e4ttigheter enligt den europeiska konventionen om de m\u00e4nskliga r\u00e4ttigheterna har kr\u00e4nkts.<\/p> \n<p><a title=\"Konventionen om skydd f\u00f6r de m\u00e4nskliga r\u00e4ttigheterna och de grundl\u00e4ggande friheterna\" href=\"https:\/\/europeancourt.org\/sv\/dokument\/europar%c3%a5det\/europakonventionen\/\">Konventionen om skydd f\u00f6r de m\u00e4nskliga r\u00e4ttigheterna och de grundl\u00e4ggande friheterna<\/a> \u00e4r en internationell \u00f6verenskommelse mellan ett stort antal europeiska stater som har f\u00f6rbundit sig att tillf\u00f6rs\u00e4kra vissa grundl\u00e4ggande r\u00e4ttigheter. De r\u00e4ttigheter som garanteras finns angivna i sj\u00e4lva konventionen samt i till\u00e4ggsprotokoll nr. <a title=\"Protokoll till konventionen om skydd f\u00f6r de m\u00e4nskliga r\u00e4ttigheterna och de grundl\u00e4ggande friheterna\" href=\"https:\/\/europeancourt.org\/sv\/dokument\/europar%c3%a5det\/europakonventionen\/protokoll-nr1\/\">1<\/a>, <a title=\"Protokoll nr 4 till konventionen om skydd f\u00f6r de m\u00e4nskliga r\u00e4ttigheterna och de grundl\u00e4ggande friheterna\" href=\"https:\/\/europeancourt.org\/sv\/dokument\/europar%c3%a5det\/europakonventionen\/protokoll-nr4\/\">4<\/a>, <a title=\"Protokoll nr 6 till konventionen om skydd f\u00f6r de m\u00e4nskliga r\u00e4ttigheterna och de grundl\u00e4ggande friheterna\" href=\"https:\/\/europeancourt.org\/sv\/dokument\/europar%c3%a5det\/europakonventionen\/protokoll-nr6\/\">6<\/a>, <a title=\"Protokoll nr 7 till konventionen om skydd f\u00f6r de m\u00e4nskliga r\u00e4ttigheterna och de grundl\u00e4ggande friheterna\" href=\"https:\/\/europeancourt.org\/sv\/dokument\/europar%c3%a5det\/europakonventionen\/protokoll-nr7\/\">7<\/a>, <a title=\"Protokoll nr 12 till konventionen om skydd f\u00f6r de m\u00e4nskliga r\u00e4ttigheterna och de grundl\u00e4ggande friheterna\" href=\"https:\/\/europeancourt.org\/sv\/dokument\/europar%c3%a5det\/europakonventionen\/protokoll-nr12\/\">12<\/a> och <a title=\"Protokoll nr 13 till konventionen om skydd f\u00f6r de m\u00e4nskliga r\u00e4ttigheterna och de grundl\u00e4ggande friheterna\" href=\"https:\/\/europeancourt.org\/sv\/dokument\/europar%c3%a5det\/europakonventionen\/protokoll-nr13\/\">13<\/a>, som vissa stater har accepterat.<\/p>\n<p>Domstolen till\u00e4mpar den europeiska konventionen om de m\u00e4nskliga r\u00e4ttigheterna. Dess uppdrag \u00e4r att s\u00e4kerst\u00e4lla att staterna respekterar de r\u00e4ttigheter och garantier som anges i konventionen. Det g\u00f6r den genom att pr\u00f6va klagom\u00e5l ingivna av enskilda personer eller, ibland, av stater. I de fall den finner att en medlemsstat har kr\u00e4nkt en eller flera av dessa r\u00e4ttigheter eller garantier meddelar domstolen en dom. Domarna \u00e4r bindande; de ber\u00f6rda staterna \u00e4r skyldiga att r\u00e4tta sig efter dem.<\/p>\n<p>Du beh\u00f6ver inte vara medborgare i n\u00e5gon av de <a title=\"Medlemsstater i Europar\u00e5det\" href=\"https:\/\/europeancourt.org\/sv\/dokument\/europar%c3%a5det\/europakonventionen\/#ratifikation\">stater som \u00e4r bundna av konventionen<\/a>. Den kr\u00e4nkning du klagar \u00f6ver m\u00e5ste emellertid ha beg\u00e5tts av n\u00e5gon av de stater som \u00e4r bundna av konventionen inom dess \u201djurisdiktion\u201d, vilket vanligtvis betyder inom dess territorium. N\u00e4mnda \u00e5tg\u00e4rd eller underl\u00e5tenhet m\u00e5ste ha beg\u00e5tts av en eller flera offentliga myndigheter i den ber\u00f6rda staten (till exempel en domstol eller en f\u00f6rvaltningsmyndighet). Domstolen kan inte behandla klagom\u00e5l som riktar sig mot privatpersoner eller privata r\u00e4ttssubjekt s\u00e5som aff\u00e4rsf\u00f6retag.  Du m\u00e5ste direkt och personligen ha utsatts f\u00f6r den kr\u00e4nkning du p\u00e5st\u00e5r har skett. Du kan inte allm\u00e4nt klaga p\u00e5 en lag eller en \u00e5tg\u00e4rd, exempelvis f\u00f6r att du anser att den \u00e4r or\u00e4ttvis. Inte heller kan du klaga p\u00e5 andras v\u00e4gnar (s\u00e5vida de inte \u00e4r tydligt identifierade och du \u00e4r deras ombud).   Du kan inte klaga p\u00e5 att ett annat juridiskt dokument \u00e4n den europeiska konventionen om de m\u00e4nskliga r\u00e4ttigheterna har kr\u00e4nkts. Du kan allts\u00e5 inte klaga \u00f6ver kr\u00e4nkningar av, exempelvis, FN:s allm\u00e4nna f\u00f6rklaring om de m\u00e4nskliga r\u00e4ttigheterna eller Europeiska unionens stadga om de grundl\u00e4ggande r\u00e4ttigheterna.<\/p>\n<p>Du m\u00e5ste ha utt\u00f6mt alla r\u00e4ttsmedel som finns i den ber\u00f6rda staten och som skulle ha kunnat st\u00e4lla till r\u00e4tta den situation du klagar \u00f6ver (vanligtvis inneb\u00e4r detta en ans\u00f6kan till en beh\u00f6rig domstol, f\u00f6ljt av ett \u00f6verklagande om detta \u00e4r m\u00f6jligt, och slutligen ett ytterligare \u00f6verklagande till en h\u00f6gre domstol, exempelvis H\u00f6gsta domstolen eller en konstitutionsdomstol, om n\u00e5gon s\u00e5dan finns). Det \u00e4r inte tillr\u00e4ckligt att du anv\u00e4nt dig av dessa r\u00e4ttsmedel. Du m\u00e5ste d\u00e4rvid ocks\u00e5 ha tagit upp de sakfr\u00e5gor du klagar \u00f6ver till den europeiska domstolen (det vill s\u00e4ga det huvudsakliga inneh\u00e5llet i de kr\u00e4nkningar av konventionen som du p\u00e5st\u00e5r har skett). Du har endast fyra m\u00e5nader p\u00e5 dig fr\u00e5n dagen f\u00f6r det sista nationella avg\u00f6randet (normalt avg\u00f6randet fr\u00e5n den h\u00f6gsta domstolen) att ge in ett klagom\u00e5l.    <a title=\"Klagoformul\u00e4r till Europadomstolen f\u00f6r de m\u00e4nskliga r\u00e4ttigheterna\" href=\"https:\/\/europeancourt.org\/sv\/dokument\/europar%c3%a5det\/edmr\/klagoformul%c3%a4r\/\">Klagoformul\u00e4ret<\/a> j\u00e4mte alla n\u00f6dv\u00e4ndiga upplysningar och handlingar ska ha s\u00e4nts till domstolen den sista dagen av fyram\u00e5nadersperioden eller dessf\u00f6rinnan. <a title=\"Kontroll av ett klagom\u00e5l \u2013 Europadomstolen f\u00f6r de m\u00e4nskliga r\u00e4ttigheterna\" href=\"https:\/\/europeancourt.org\/en\/services\/echr\/checking-filled-in-applications\/\">Kontrollera<\/a> om det inneh\u00e5ller den information och de handlingar som kr\u00e4vs.<\/p>\n<p>Domstolen kan inte behandla alla typer av klagom\u00e5l. Konventionen inneh\u00e5ller olika pr\u00f6vningsvillkor som anger vem som kan klaga, inom vilken tid klagom\u00e5let m\u00e5ste g\u00f6ras och vad det kan g\u00e4lla. Mer \u00e4n 90 % av de klagom\u00e5l som tas emot av domstolen avvisas. Du b\u00f6r d\u00e4rf\u00f6r kontrollera att ditt klagom\u00e5l uppfyller pr\u00f6vningsvillkoren. F\u00f6r ytterligare information g\u00e4llande dessa kriterier kan du <a title=\"Konsultation av jurist \u2013 Europadomstolen f\u00f6r de m\u00e4nskliga r\u00e4ttigheterna\" href=\"https:\/\/europeancourt.org\/en\/legal-advice-and-contacts\/\">v\u00e4nda dig till en jurist<\/a>.<\/p>\n<p>Handl\u00e4ggningen \u00e4r gratis. Du kommer endast att beh\u00f6va st\u00e5 f\u00f6r dina egna kostnader (exempelvis advokatkostnader och utl\u00e4gg f\u00f6r utredning och korrespondens). Domstolen kan inte hj\u00e4lpa dig att betala f\u00f6r en <a title=\"F\u00f6rberedelse av klagom\u00e5l till Europeiska domstolen f\u00f6r de m\u00e4nskliga r\u00e4ttigheterna\" href=\"https:\/\/europeancourt.org\/en\/services\/echr\/preparing-applications\/\">jurist som kan uppr\u00e4tta ditt klagom\u00e5l<\/a>. \u00c4ven om du inte beh\u00f6ver f\u00f6retr\u00e4das av ett ombud i det inledande skedet av handl\u00e4ggningen, m\u00e5ste du ha ett <a title=\"Juridisk ombud \u2013 Europadomstolen f\u00f6r de m\u00e4nskliga r\u00e4ttigheterna\" href=\"https:\/\/europeancourt.org\/en\/services\/echr\/representing-applicants\/\">juridiskt ombud s\u00e5 snart ditt klagom\u00e5l har kommunicerats med regeringen<\/a>.<\/p>\n<p>Om domstolen finner att en kr\u00e4nkning har skett, kan den tilld\u00f6ma dig \u201dsk\u00e4lig gottg\u00f6relse\u201d, en summa pengar som kompensation f\u00f6r vissa former av skada. Domstolen kan ocks\u00e5 kr\u00e4va att den ber\u00f6rda staten ers\u00e4tter dina r\u00e4tteg\u00e5ngskostnader.<\/p>","protected":false},"excerpt":{"rendered":"Den europeiska domstolen f\u00f6r de m\u00e4nskliga r\u00e4ttigheterna \u00e4r en internationell domstol baserad i Strasbourg som endast kan pr\u00f6va klagom\u00e5l fr\u00e5n enskilda personer, organisationer och f\u00f6retag som anser att deras r\u00e4ttigheter enligt den europeiska konventionen&#46;&#46;&#46;","protected":false},"author":1,"featured_media":208889,"parent":0,"menu_order":0,"comment_status":"closed","ping_status":"closed","template":"","meta":{"footnotes":""},"categories":[],"tags":[],"class_list":["post-40770","page","type-page","status-publish","has-post-thumbnail","hentry"],"_links":{"self":[{"href":"https:\/\/europeancourt.org\/sv\/wp-json\/wp\/v2\/pages\/40770","targetHints":{"allow":["GET"]}}],"collection":[{"href":"https:\/\/europeancourt.org\/sv\/wp-json\/wp\/v2\/pages"}],"about":[{"href":"https:\/\/europeancourt.org\/sv\/wp-json\/wp\/v2\/types\/page"}],"author":[{"embeddable":true,"href":"https:\/\/europeancourt.org\/sv\/wp-json\/wp\/v2\/users\/1"}],"replies":[{"embeddable":true,"href":"https:\/\/europeancourt.org\/sv\/wp-json\/wp\/v2\/comments?post=40770"}],"version-history":[{"count":0,"href":"https:\/\/europeancourt.org\/sv\/wp-json\/wp\/v2\/pages\/40770\/revisions"}],"wp:featuredmedia":[{"embeddable":true,"href":"https:\/\/europeancourt.org\/sv\/wp-json\/wp\/v2\/media\/208889"}],"wp:attachment":[{"href":"https:\/\/europeancourt.org\/sv\/wp-json\/wp\/v2\/media?parent=40770"}],"wp:term":[{"taxonomy":"category","embeddable":true,"href":"https:\/\/europeancourt.org\/sv\/wp-json\/wp\/v2\/categories?post=40770"},{"taxonomy":"post_tag","embeddable":true,"href":"https:\/\/europeancourt.org\/sv\/wp-json\/wp\/v2\/tags?post=40770"}],"curies":[{"name":"wp","href":"https:\/\/api.w.org\/{rel}","templated":true}]}}