{"id":116065,"date":"2022-06-13T12:26:38","date_gmt":"2022-06-13T10:26:38","guid":{"rendered":"https:\/\/europeancourt.org\/belgeler\/"},"modified":"2024-06-05T23:12:39","modified_gmt":"2024-06-05T21:12:39","slug":"belgeler","status":"publish","type":"page","link":"https:\/\/europeancourt.org\/tr\/belgeler\/","title":{"rendered":"Belgeler"},"content":{"rendered":"<ul>\n<li><a href=\"https:\/\/europeancourt.org\/tr\/belgeler\/avrupa-konseyi\/\" title=\"Avrupa Konseyi\">Avrupa Konseyi<\/a><\/li>\n<ul>\n<li><a href=\"https:\/\/europeancourt.org\/tr\/belgeler\/avrupa-konseyi\/avrupa-insan-haklari-s%c3%b6zle%c5%9fmesi\/\" title=\"\u0130nsan Haklar\u0131 ve Temel \u00d6zg\u00fcrl\u00fcklerin Korunmas\u0131na \u0130li\u015fkin S\u00f6zle\u015fme\">\u0130nsan Haklar\u0131 ve Temel \u00d6zg\u00fcrl\u00fcklerin Korunmas\u0131na \u0130li\u015fkin S\u00f6zle\u015fme<\/a><\/li>\n<ul>\n<li><a href=\"https:\/\/europeancourt.org\/tr\/belgeler\/avrupa-konseyi\/avrupa-insan-haklari-s%c3%b6zle%c5%9fmesi\/protokol-no1\/\" title=\"\u0130nsan Haklar\u0131 ve Temel \u00d6zg\u00fcrl\u00fcklerin Korunmas\u0131na \u0130li\u015fkin S\u00f6zle\u015fme\u2019ye Ek Protokol\">\u0130nsan Haklar\u0131 ve Temel \u00d6zg\u00fcrl\u00fcklerin Korunmas\u0131na \u0130li\u015fkin S\u00f6zle\u015fme\u2019ye Ek Protokol<\/a><\/li>\n<li><a href=\"https:\/\/europeancourt.org\/tr\/belgeler\/avrupa-konseyi\/avrupa-insan-haklari-s%c3%b6zle%c5%9fmesi\/protokol-no4\/\" title=\"\u0130nsan Haklar\u0131 ve Temel \u00d6zg\u00fcrl\u00fcklerin Korunmas\u0131na \u0130li\u015fkin S\u00f6zle\u015fme\u2019ye Protokol No. 4\">\u0130nsan Haklar\u0131 ve Temel \u00d6zg\u00fcrl\u00fcklerin Korunmas\u0131na \u0130li\u015fkin S\u00f6zle\u015fme\u2019ye Protokol No. 4<\/a><\/li>\n<li><a href=\"https:\/\/europeancourt.org\/tr\/belgeler\/avrupa-konseyi\/avrupa-insan-haklari-s%c3%b6zle%c5%9fmesi\/protokol-no6\/\" title=\"\u0130nsan Haklar\u0131 ve Temel \u00d6zg\u00fcrl\u00fcklerin Korunmas\u0131na \u0130li\u015fkin S\u00f6zle\u015fme\u2019ye Protokol No. 6\">\u0130nsan Haklar\u0131 ve Temel \u00d6zg\u00fcrl\u00fcklerin Korunmas\u0131na \u0130li\u015fkin S\u00f6zle\u015fme\u2019ye Protokol No. 6<\/a><\/li>\n<li><a href=\"https:\/\/europeancourt.org\/tr\/belgeler\/avrupa-konseyi\/avrupa-insan-haklari-s%c3%b6zle%c5%9fmesi\/protokol-no7\/\" title=\"\u0130nsan Haklar\u0131 ve Temel \u00d6zg\u00fcrl\u00fcklerin Korunmas\u0131na \u0130li\u015fkin S\u00f6zle\u015fme\u2019ye Protokol No. 7\">\u0130nsan Haklar\u0131 ve Temel \u00d6zg\u00fcrl\u00fcklerin Korunmas\u0131na \u0130li\u015fkin S\u00f6zle\u015fme\u2019ye Protokol No. 7<\/a><\/li>\n<li><a href=\"https:\/\/europeancourt.org\/tr\/belgeler\/avrupa-konseyi\/avrupa-insan-haklari-s%c3%b6zle%c5%9fmesi\/protokol-no12\/\" title=\"\u0130nsan Haklar\u0131 ve Temel \u00d6zg\u00fcrl\u00fcklerin Korunmas\u0131na \u0130li\u015fkin S\u00f6zle\u015fme\u2019ye Protokol No. 12\">\u0130nsan Haklar\u0131 ve Temel \u00d6zg\u00fcrl\u00fcklerin Korunmas\u0131na \u0130li\u015fkin S\u00f6zle\u015fme\u2019ye Protokol No. 12<\/a><\/li>\n<li><a href=\"https:\/\/europeancourt.org\/tr\/belgeler\/avrupa-konseyi\/avrupa-insan-haklari-s%c3%b6zle%c5%9fmesi\/protokol-no13\/\" title=\"\u0130nsan Haklar\u0131 ve Temel \u00d6zg\u00fcrl\u00fcklerin Korunmas\u0131na \u0130li\u015fkin S\u00f6zle\u015fme\u2019ye Protokol No. 13\">\u0130nsan Haklar\u0131 ve Temel \u00d6zg\u00fcrl\u00fcklerin Korunmas\u0131na \u0130li\u015fkin S\u00f6zle\u015fme\u2019ye Protokol No. 13<\/a><\/li>\n<li><a href=\"https:\/\/europeancourt.org\/tr\/belgeler\/avrupa-konseyi\/avrupa-insan-haklari-s%c3%b6zle%c5%9fmesi\/protokol-no16\/\" title=\"\u0130nsan Haklar\u0131 ve Temel \u00d6zg\u00fcrl\u00fcklerin Korunmas\u0131na \u0130li\u015fkin S\u00f6zle\u015fme\u2019ye Protokol No. 16\">\u0130nsan Haklar\u0131 ve Temel \u00d6zg\u00fcrl\u00fcklerin Korunmas\u0131na \u0130li\u015fkin S\u00f6zle\u015fme\u2019ye Protokol No. 16<\/a><\/li>\n<\/ul>\n<li><a href=\"https:\/\/europeancourt.org\/tr\/belgeler\/avrupa-konseyi\/aihm\/\" title=\"Avrupa \u0130nsan Haklar\u0131 Mahkemesi\">Avrupa \u0130nsan Haklar\u0131 Mahkemesi<\/a><\/li>\n<ul>\n<li><a href=\"https:\/\/europeancourt.org\/tr\/belgeler\/avrupa-konseyi\/aihm\/i%c3%a7t%c3%bcz%c3%bc%c4%9f%c3%bc-madde-47\/\" title=\"Mahkeme \u0130\u00e7t\u00fcz\u00fc\u011f\u00fcn\u00fcn 47. Maddesi\">Mahkeme \u0130\u00e7t\u00fcz\u00fc\u011f\u00fc \u2013 Madde 47<\/a><\/li>\n<li><a href=\"https:\/\/europeancourt.org\/tr\/belgeler\/avrupa-konseyi\/aihm\/y%c3%b6nergesi-ba%c5%9fvurunun-yap%c4%b1lmas%c4%b1\/\" title=\"Ba\u015fvurunun Yap\u0131lmas\u0131 \u2013 Uygulama y\u00f6nergesi\">Ba\u015fvurunun Yap\u0131lmas\u0131 \u2013 Uygulama y\u00f6nergesi<\/a><\/li>\n<li><a href=\"https:\/\/europeancourt.org\/tr\/belgeler\/avrupa-konseyi\/aihm\/ba%c5%9fvuru-formu\/\" title=\"Avrupa \u0130nsan Haklar\u0131 Mahkemesi\u2019ne Ba\u015fvuru formu\">Ba\u015fvuru formu<\/a><\/li>\n<ul>\n<li><a href=\"https:\/\/europeancourt.org\/tr\/belgeler\/avrupa-konseyi\/aihm\/ba%c5%9fvuru-formu\/doldurulmas%c4%b1na-ili%c5%9fkin-a%c3%a7%c4%b1klamalar\/\" title=\"Ba\u015fvuru formunun doldurulmas\u0131na ili\u015fkin a\u00e7\u0131klamalar\">Ba\u015fvuru formunun doldurulmas\u0131na ili\u015fkin a\u00e7\u0131klamalar<\/a><\/li>\n<\/ul>\n<li><a href=\"https:\/\/europeancourt.org\/tr\/belgeler\/avrupa-konseyi\/aihm\/yetki-belgesi\/\" title=\"Avrupa \u0130nsan Haklar\u0131 Mahkemesi\u2019ne Yetki Belgesi\">Yetki Belgesi<\/a><\/li>\n<li><a href=\"https:\/\/europeancourt.org\/downloads\/tr\/AIHMye_basvuran_her_bir_icin_gerekli_kisiler_bilgileri_verildigi_tablo_TUR.XLSX\" title=\"Her bir ba\u015fvuran i\u00e7in gerekli ki\u015filer bilgilerin verildi\u011fi tablo\">Grup ba\u015fvurular\u0131 i\u00e7in tablo<\/a><\/li>\n<\/ul><\/ul><\/ul> ","protected":false},"excerpt":{"rendered":"Avrupa Konseyi \u0130nsan Haklar\u0131 ve Temel \u00d6zg\u00fcrl\u00fcklerin Korunmas\u0131na \u0130li\u015fkin S\u00f6zle\u015fme \u0130nsan Haklar\u0131 ve Temel \u00d6zg\u00fcrl\u00fcklerin Korunmas\u0131na \u0130li\u015fkin S\u00f6zle\u015fme\u2019ye Ek Protokol \u0130nsan Haklar\u0131 ve Temel \u00d6zg\u00fcrl\u00fcklerin Korunmas\u0131na \u0130li\u015fkin S\u00f6zle\u015fme\u2019ye Protokol No. 4 \u0130nsan Haklar\u0131 ve&#46;&#46;&#46;","protected":false},"author":1,"featured_media":209954,"parent":0,"menu_order":0,"comment_status":"closed","ping_status":"closed","template":"","meta":{"footnotes":""},"categories":[],"tags":[],"class_list":["post-116065","page","type-page","status-publish","has-post-thumbnail","hentry"],"_links":{"self":[{"href":"https:\/\/europeancourt.org\/tr\/wp-json\/wp\/v2\/pages\/116065","targetHints":{"allow":["GET"]}}],"collection":[{"href":"https:\/\/europeancourt.org\/tr\/wp-json\/wp\/v2\/pages"}],"about":[{"href":"https:\/\/europeancourt.org\/tr\/wp-json\/wp\/v2\/types\/page"}],"author":[{"embeddable":true,"href":"https:\/\/europeancourt.org\/tr\/wp-json\/wp\/v2\/users\/1"}],"replies":[{"embeddable":true,"href":"https:\/\/europeancourt.org\/tr\/wp-json\/wp\/v2\/comments?post=116065"}],"version-history":[{"count":0,"href":"https:\/\/europeancourt.org\/tr\/wp-json\/wp\/v2\/pages\/116065\/revisions"}],"wp:featuredmedia":[{"embeddable":true,"href":"https:\/\/europeancourt.org\/tr\/wp-json\/wp\/v2\/media\/209954"}],"wp:attachment":[{"href":"https:\/\/europeancourt.org\/tr\/wp-json\/wp\/v2\/media?parent=116065"}],"wp:term":[{"taxonomy":"category","embeddable":true,"href":"https:\/\/europeancourt.org\/tr\/wp-json\/wp\/v2\/categories?post=116065"},{"taxonomy":"post_tag","embeddable":true,"href":"https:\/\/europeancourt.org\/tr\/wp-json\/wp\/v2\/tags?post=116065"}],"curies":[{"name":"wp","href":"https:\/\/api.w.org\/{rel}","templated":true}]}}