{"id":147396,"date":"2022-06-23T10:51:39","date_gmt":"2022-06-23T08:51:39","guid":{"rendered":"https:\/\/europeancourt.org\/belgeler\/avrupa-konseyi\/aihm\/"},"modified":"2024-06-05T23:27:01","modified_gmt":"2024-06-05T21:27:01","slug":"aihm","status":"publish","type":"page","link":"https:\/\/europeancourt.org\/tr\/belgeler\/avrupa-konseyi\/aihm\/","title":{"rendered":"A\u0130HM"},"content":{"rendered":"<ul> \n<li><a href=\"https:\/\/europeancourt.org\/tr\/belgeler\/avrupa-konseyi\/aihm\/i%c3%a7t%c3%bcz%c3%bc%c4%9f%c3%bc-madde-47\/\" title=\"Mahkeme \u0130\u00e7t\u00fcz\u00fc\u011f\u00fcn\u00fcn 47. Maddesi\">Mahkeme \u0130\u00e7t\u00fcz\u00fc\u011f\u00fc \u2013 Madde 47<\/a><\/li>\n<li><a href=\"https:\/\/europeancourt.org\/tr\/belgeler\/avrupa-konseyi\/aihm\/y%c3%b6nergesi-ba%c5%9fvurunun-yap%c4%b1lmas%c4%b1\/\" title=\"Ba\u015fvurunun Yap\u0131lmas\u0131 \u2013 Uygulama y\u00f6nergesi\">Ba\u015fvurunun Yap\u0131lmas\u0131 \u2013 Uygulama y\u00f6nergesi<\/a><\/li>\n<li><a href=\"https:\/\/europeancourt.org\/tr\/belgeler\/avrupa-konseyi\/aihm\/ba%c5%9fvuru-formu\/\" title=\"Avrupa \u0130nsan Haklar\u0131 Mahkemesi\u2019ne Ba\u015fvuru formu\">Ba\u015fvuru formu<\/a><\/li>\n<ul>\n<li><a href=\"https:\/\/europeancourt.org\/tr\/belgeler\/avrupa-konseyi\/aihm\/ba%c5%9fvuru-formu\/doldurulmas%c4%b1na-ili%c5%9fkin-a%c3%a7%c4%b1klamalar\/\" title=\"Ba\u015fvuru formunun doldurulmas\u0131na ili\u015fkin a\u00e7\u0131klamalar\">Ba\u015fvuru formunun doldurulmas\u0131na ili\u015fkin a\u00e7\u0131klamalar<\/a><\/li>\n<\/ul>\n<li><a href=\"https:\/\/europeancourt.org\/tr\/belgeler\/avrupa-konseyi\/aihm\/yetki-belgesi\/\" title=\"Avrupa \u0130nsan Haklar\u0131 Mahkemesi\u2019ne Yetki Belgesi\">Yetki Belgesi<\/a><\/li>\n<li><a href=\"https:\/\/europeancourt.org\/downloads\/tr\/AIHMye_basvuran_her_bir_icin_gerekli_kisiler_bilgileri_verildigi_tablo_TUR.XLSX\" title=\"Her bir ba\u015fvuran i\u00e7in gerekli ki\u015filer bilgilerin verildi\u011fi tablo\">Grup ba\u015fvurular\u0131 i\u00e7in tablo<\/a><\/li>\n<\/ul>","protected":false},"excerpt":{"rendered":"Mahkeme \u0130\u00e7t\u00fcz\u00fc\u011f\u00fc \u2013 Madde 47 Ba\u015fvurunun Yap\u0131lmas\u0131 \u2013 Uygulama y\u00f6nergesi Ba\u015fvuru formu Ba\u015fvuru formunun doldurulmas\u0131na ili\u015fkin a\u00e7\u0131klamalar Yetki Belgesi Grup ba\u015fvurular\u0131 i\u00e7in tablo","protected":false},"author":1,"featured_media":192041,"parent":116113,"menu_order":0,"comment_status":"closed","ping_status":"closed","template":"","meta":{"footnotes":""},"categories":[],"tags":[],"class_list":["post-147396","page","type-page","status-publish","has-post-thumbnail","hentry"],"_links":{"self":[{"href":"https:\/\/europeancourt.org\/tr\/wp-json\/wp\/v2\/pages\/147396","targetHints":{"allow":["GET"]}}],"collection":[{"href":"https:\/\/europeancourt.org\/tr\/wp-json\/wp\/v2\/pages"}],"about":[{"href":"https:\/\/europeancourt.org\/tr\/wp-json\/wp\/v2\/types\/page"}],"author":[{"embeddable":true,"href":"https:\/\/europeancourt.org\/tr\/wp-json\/wp\/v2\/users\/1"}],"replies":[{"embeddable":true,"href":"https:\/\/europeancourt.org\/tr\/wp-json\/wp\/v2\/comments?post=147396"}],"version-history":[{"count":0,"href":"https:\/\/europeancourt.org\/tr\/wp-json\/wp\/v2\/pages\/147396\/revisions"}],"up":[{"embeddable":true,"href":"https:\/\/europeancourt.org\/tr\/wp-json\/wp\/v2\/pages\/116113"}],"wp:featuredmedia":[{"embeddable":true,"href":"https:\/\/europeancourt.org\/tr\/wp-json\/wp\/v2\/media\/192041"}],"wp:attachment":[{"href":"https:\/\/europeancourt.org\/tr\/wp-json\/wp\/v2\/media?parent=147396"}],"wp:term":[{"taxonomy":"category","embeddable":true,"href":"https:\/\/europeancourt.org\/tr\/wp-json\/wp\/v2\/categories?post=147396"},{"taxonomy":"post_tag","embeddable":true,"href":"https:\/\/europeancourt.org\/tr\/wp-json\/wp\/v2\/tags?post=147396"}],"curies":[{"name":"wp","href":"https:\/\/api.w.org\/{rel}","templated":true}]}}