{"id":177058,"date":"2022-07-03T16:50:48","date_gmt":"2022-07-03T14:50:48","guid":{"rendered":"https:\/\/europeancourt.org\/belgeler\/avrupa-konseyi\/aihm\/yetki-belgesi\/"},"modified":"2024-06-10T23:55:58","modified_gmt":"2024-06-10T21:55:58","slug":"yetki-belgesi","status":"publish","type":"page","link":"https:\/\/europeancourt.org\/tr\/belgeler\/avrupa-konseyi\/aihm\/yetki-belgesi\/","title":{"rendered":"Avrupa \u0130nsan Haklar\u0131 Mahkemesi\u2019ne Yetki Belgesi"},"content":{"rendered":"<p>Formun d\u00fczg\u00fcn \u00e7al\u0131\u015fabilmesi i\u00e7in, Adobe Reader 9 veya daha sonraki versiyonlardan birinin yan\u0131 s\u0131ra Windows veya Mac OS X sistemlerinden biri gereklidir. Bilgisayar\u0131n\u0131zda Adobe Reader program\u0131 yoksa buradan indirebilirsiniz <a href=\"https:\/\/get.adobe.com\/tr\/reader\/\" title=\"Adobe Reader\" target=\"_blank\" rel=\"noopener\">www.adobe.com<\/a>.<\/p>\n<ul>\n<li>Formu bilgisayar\u0131n\u0131za kaydediniz.<\/li>\n<li>Bilgisayar\u0131n\u0131za kaydetti\u011finiz formu Adobe Reader ile a\u00e7\u0131n\u0131z.<\/li>\n<li>Formu doldurunuz ve kaydediniz.<\/li>\n<li>Formun doldurulmu\u015f \u00f6rne\u011finin bir \u00e7\u0131kt\u0131s\u0131n\u0131 al\u0131p imzalad\u0131ktan sonra Mahkeme\u2019ye posta yoluyla g\u00f6nderiniz.<\/li>\n<\/ul>\n<p style=\"text-align: center;\"><a title=\"Avrupa \u0130nsan Haklar\u0131 Mahkemesi\u2019ne Yetki Belgesi\" href=\"https:\/\/europeancourt.org\/downloads\/tr\/Avrupa_Insan_Haklari_Mahkemesine_Yetki_Belgesi_TUR_2021-1.PDF\" class=\"extlinkoff mybrightbutton red\" download=\"\">\u0130ndir <i class=\"fas fa-download\"><\/i><\/a><\/p>\n<iframe class=\"wonderplugin-pdf-iframe\" src=\"https:\/\/europeancourt.org\/wp-content\/plugins\/wonderplugin-pdf-embed\/pdfjs\/web\/viewer.html?v=2&disabledownload=1&disableprint=1&disabledoc=1&disableopenfile=1&externallinktarget=2&file=https:\/\/europeancourt.org\/noindex\/AuthF_TUR_2021-1.pdf\" title=\"Avrupa \u0130nsan Haklar\u0131 Mahkemesi\u2019ne Yetki Belgesi\" width=\"100%\" height=\"900px\" style=\"border:0;\"><\/iframe>","protected":false},"excerpt":{"rendered":"Formun d\u00fczg\u00fcn \u00e7al\u0131\u015fabilmesi i\u00e7in, Adobe Reader 9 veya daha sonraki versiyonlardan birinin yan\u0131 s\u0131ra Windows veya Mac OS X sistemlerinden biri gereklidir. Bilgisayar\u0131n\u0131zda Adobe Reader program\u0131 yoksa buradan indirebilirsiniz www.adobe.com. Formu bilgisayar\u0131n\u0131za kaydediniz. Bilgisayar\u0131n\u0131za&#46;&#46;&#46;","protected":false},"author":1,"featured_media":191828,"parent":147396,"menu_order":0,"comment_status":"closed","ping_status":"closed","template":"","meta":{"footnotes":""},"categories":[],"tags":[],"class_list":["post-177058","page","type-page","status-publish","has-post-thumbnail","hentry"],"_links":{"self":[{"href":"https:\/\/europeancourt.org\/tr\/wp-json\/wp\/v2\/pages\/177058","targetHints":{"allow":["GET"]}}],"collection":[{"href":"https:\/\/europeancourt.org\/tr\/wp-json\/wp\/v2\/pages"}],"about":[{"href":"https:\/\/europeancourt.org\/tr\/wp-json\/wp\/v2\/types\/page"}],"author":[{"embeddable":true,"href":"https:\/\/europeancourt.org\/tr\/wp-json\/wp\/v2\/users\/1"}],"replies":[{"embeddable":true,"href":"https:\/\/europeancourt.org\/tr\/wp-json\/wp\/v2\/comments?post=177058"}],"version-history":[{"count":0,"href":"https:\/\/europeancourt.org\/tr\/wp-json\/wp\/v2\/pages\/177058\/revisions"}],"up":[{"embeddable":true,"href":"https:\/\/europeancourt.org\/tr\/wp-json\/wp\/v2\/pages\/147396"}],"wp:featuredmedia":[{"embeddable":true,"href":"https:\/\/europeancourt.org\/tr\/wp-json\/wp\/v2\/media\/191828"}],"wp:attachment":[{"href":"https:\/\/europeancourt.org\/tr\/wp-json\/wp\/v2\/media?parent=177058"}],"wp:term":[{"taxonomy":"category","embeddable":true,"href":"https:\/\/europeancourt.org\/tr\/wp-json\/wp\/v2\/categories?post=177058"},{"taxonomy":"post_tag","embeddable":true,"href":"https:\/\/europeancourt.org\/tr\/wp-json\/wp\/v2\/tags?post=177058"}],"curies":[{"name":"wp","href":"https:\/\/api.w.org\/{rel}","templated":true}]}}