{"id":222231,"date":"2024-01-08T15:08:29","date_gmt":"2024-01-08T14:08:29","guid":{"rendered":"https:\/\/europeancourt.org\/hizmetler\/aihm\/"},"modified":"2025-10-02T23:01:25","modified_gmt":"2025-10-02T23:01:25","slug":"aihm","status":"publish","type":"page","link":"https:\/\/europeancourt.org\/tr\/hizmetler\/aihm\/","title":{"rendered":"A\u0130HM"},"content":{"rendered":"<ul>\r\n\t\t<li><a href=\"https:\/\/europeancourt.org\/en\/services\/echr\/preparing-applications\/\" title=\"A\u0130HM\u2019e ba\u015fvurular\u0131n haz\u0131rlanmas\u0131\">A\u0130HM\u2019e ba\u015fvurular\u0131n haz\u0131rlanmas\u0131<\/a><\/li>\r\n\r\n\t<li><a href=\"https:\/\/europeancourt.org\/en\/services\/echr\/checking-filled-in-applications\/\" title=\"Doldurulan A\u0130HM ba\u015fvuru formunun do\u011frulanmas\u0131\">Doldurulan A\u0130HM ba\u015fvuru formunun do\u011frulanmas\u0131<\/a><\/li>\r\n\r\n\t<li><a href=\"https:\/\/europeancourt.org\/en\/services\/echr\/representing-applicants\/\" title=\"Ba\u015fvuranlar\u0131n A\u0130HM\u2019de temsil edilmesi\">Ba\u015fvuranlar\u0131n A\u0130HM\u2019de temsil edilmesi<\/a><\/li>\r\n\r\n\t<li><a href=\"https:\/\/europeancourt.org\/en\/services\/echr\/translating-applications-into-english\/\" title=\"A\u0130HM\u2019e ba\u015fvurular\u0131n \u0130ngilizce \u00e7evirisi\">A\u0130HM\u2019e ba\u015fvurular\u0131n \u0130ngilizce \u00e7evirisi<\/a><\/li>\r\n\r\n\t<li><a href=\"https:\/\/europeancourt.org\/tr\/hizmetler\/aihm\/ba%c5%9fvurusunun-ak%c4%b1betini-%c3%b6%c4%9frenme\/\" title=\"A\u0130HM ba\u015fvurusunun ak\u0131betini \u00f6\u011frenme\">A\u0130HM ba\u015fvurusunun ak\u0131betini \u00f6\u011frenme<\/a><\/li>\r\n\r\n\t<li><a href=\"https:\/\/europeancourt.org\/en\/legal-advice-and-contacts\/\" title=\"Hukuki dan\u0131\u015fmanl\u0131k ve irtibatlar\">Hukuki dan\u0131\u015fmanl\u0131k ve irtibatlar<\/a><\/li>\r\n\r\n<\/ul>\r\n\r\n","protected":false},"excerpt":{"rendered":"A\u0130HM\u2019e ba\u015fvurular\u0131n haz\u0131rlanmas\u0131 Doldurulan A\u0130HM ba\u015fvuru formunun do\u011frulanmas\u0131 Ba\u015fvuranlar\u0131n A\u0130HM\u2019de temsil edilmesi A\u0130HM\u2019e ba\u015fvurular\u0131n \u0130ngilizce \u00e7evirisi A\u0130HM ba\u015fvurusunun ak\u0131betini \u00f6\u011frenme Hukuki dan\u0131\u015fmanl\u0131k ve irtibatlar","protected":false},"author":1,"featured_media":222497,"parent":222195,"menu_order":0,"comment_status":"closed","ping_status":"closed","template":"","meta":{"footnotes":""},"categories":[],"tags":[],"class_list":["post-222231","page","type-page","status-publish","has-post-thumbnail","hentry"],"_links":{"self":[{"href":"https:\/\/europeancourt.org\/tr\/wp-json\/wp\/v2\/pages\/222231","targetHints":{"allow":["GET"]}}],"collection":[{"href":"https:\/\/europeancourt.org\/tr\/wp-json\/wp\/v2\/pages"}],"about":[{"href":"https:\/\/europeancourt.org\/tr\/wp-json\/wp\/v2\/types\/page"}],"author":[{"embeddable":true,"href":"https:\/\/europeancourt.org\/tr\/wp-json\/wp\/v2\/users\/1"}],"replies":[{"embeddable":true,"href":"https:\/\/europeancourt.org\/tr\/wp-json\/wp\/v2\/comments?post=222231"}],"version-history":[{"count":1,"href":"https:\/\/europeancourt.org\/tr\/wp-json\/wp\/v2\/pages\/222231\/revisions"}],"predecessor-version":[{"id":222306,"href":"https:\/\/europeancourt.org\/tr\/wp-json\/wp\/v2\/pages\/222231\/revisions\/222306"}],"up":[{"embeddable":true,"href":"https:\/\/europeancourt.org\/tr\/wp-json\/wp\/v2\/pages\/222195"}],"wp:featuredmedia":[{"embeddable":true,"href":"https:\/\/europeancourt.org\/tr\/wp-json\/wp\/v2\/media\/222497"}],"wp:attachment":[{"href":"https:\/\/europeancourt.org\/tr\/wp-json\/wp\/v2\/media?parent=222231"}],"wp:term":[{"taxonomy":"category","embeddable":true,"href":"https:\/\/europeancourt.org\/tr\/wp-json\/wp\/v2\/categories?post=222231"},{"taxonomy":"post_tag","embeddable":true,"href":"https:\/\/europeancourt.org\/tr\/wp-json\/wp\/v2\/tags?post=222231"}],"curies":[{"name":"wp","href":"https:\/\/api.w.org\/{rel}","templated":true}]}}