{"id":223452,"date":"2021-10-07T00:26:31","date_gmt":"2021-10-06T22:26:31","guid":{"rendered":"https:\/\/europeancourt.org\/?page_id=223452"},"modified":"2026-01-26T04:22:37","modified_gmt":"2026-01-26T03:22:37","slug":"ba%c5%9fvurusunun-ak%c4%b1betini-%c3%b6%c4%9frenme","status":"publish","type":"page","link":"https:\/\/europeancourt.org\/tr\/hizmetler\/aihm\/ba%c5%9fvurusunun-ak%c4%b1betini-%c3%b6%c4%9frenme\/","title":{"rendered":"A\u0130HM ba\u015fvurusunun ak\u0131betini \u00f6\u011frenme"},"content":{"rendered":"<div class=\"mywpcf7cf myshow myhide\">S\u00f6z konusu ba\u015fvurunun numaras\u0131n\u0131 biliyor musunuz?<\/div>\r\n<div class=\"mywpcf7cf myshow myhide\">\r\n  <span class=\"mymultyradiobutton blue\">\r\n    <span class=\"wpcf7-list-item wpcf7\">\r\n      <label><input type=\"radio\"><span class=\"wpcf7-list-item-label\">Evet<\/span><\/label>\r\n    <\/span>\r\n  <\/span>\r\n  <span class=\"mymultyradiobutton blue\">\r\n    <span class=\"wpcf7-list-item wpcf7\">\r\n      <label><input type=\"radio\"><span class=\"wpcf7-list-item-label\">Hay\u0131r<\/span><\/label>\r\n    <\/span>\r\n  <\/span>\r\n<\/div>\r\n<div class=\"mywpcf7cf-blueleft myshow myhide\">\r\n  <span class=\"mycustomsummary\">Ba\u015fvuru numaras\u0131 nedir?<\/span>\r\n  <span class=\"mycustomdetails\">\r\n    <span class=\"vlist\">\r\n      <span class=\"vitem\">Ba\u015fvuru numaras\u0131, A\u0130HM\u2019den gelen ve kayda al\u0131nm\u0131\u015f ba\u015fvurulara ili\u015fkin her mektupta \u201cBa\u015fvuru No.\u201d ifadesinden hemen sonra ve ba\u015fvuru isminin \u00f6n\u00fcnde yer al\u0131r. Yaz\u0131\u015fmalarda \u0130ngilizce \u201cApplication no.\u201d, Frans\u0131zca \u201cRequ\u00eate n\u00b0\u201d yaz\u0131l\u0131r.<\/span>\r\n      <span class=\"vitem\">Ba\u015fvuru numaras\u0131n\u0131n format\u0131: NUMARA\/YIL, \u00f6rn. 123\/14. Yaln\u0131zca rakamlar ve sa\u011fa yat\u0131k e\u011fik \u00e7izgi \u201c\/\u201d; bo\u015fluk yok.<\/span>\r\n      <span class=\"vitem\">A\u0130HM\u2019nin ba\u015fvuru formunun \u015fartlara uymad\u0131\u011f\u0131n\u0131 bildiren mektubunda ayn\u0131 formatta bir numara bulunabilir; bu, ba\u015fvuru numaras\u0131 de\u011fildir. Bu numara ancak A\u0130HM \u015fartlara uygun yeni bir ba\u015fvuru formu ald\u0131\u011f\u0131nda ve ba\u015fvuruyu kayda ald\u0131\u011f\u0131nda ba\u015fvuru numaras\u0131 olabilir. Bu t\u00fcr bir mektupta ba\u015fvuru ismi yer almaz, \u00e7\u00fcnk\u00fc ba\u015fvuru kayda al\u0131nmam\u0131\u015ft\u0131r; genelde ECHR-Axxx6 kodu bulunur; \u201cxxx\u201d mektubun dilini g\u00f6sterir. Bu kodun alt\u0131nda bazen \u015f\u00f6yle yazar: \u201cRef.\u201d<\/span>\r\n    <\/span>\r\n  <\/span>\r\n<\/div>\r\n<div class=\"mywpcf7cf myshow myhide mywpcf7cf-utility\">\r\n  <div class=\"mybutton red not-in-text-button is-disabled\" aria-disabled=\"true\">Yeniden ba\u015fla<\/div>\r\n  <a class=\"mybutton red not-in-text-button\" href=\"mailto:oleg.anishchik@europeancourt.org?subject=A\u0130HM ba\u015fvurusunun ak\u0131betini \u00f6\u011frenme: hata&#038;body=Hata a\u00e7\u0131klamas\u0131: \">Hata bildir<\/a>\r\n<\/div>\r\n<div id=\"ajax_content\"><\/div>","protected":false},"excerpt":{"rendered":"S\u00f6z konusu ba\u015fvurunun numaras\u0131n\u0131 biliyor musunuz? Evet Hay\u0131r Ba\u015fvuru numaras\u0131 nedir? Ba\u015fvuru numaras\u0131, A\u0130HM\u2019den gelen ve kayda al\u0131nm\u0131\u015f ba\u015fvurulara ili\u015fkin her mektupta \u201cBa\u015fvuru No.\u201d ifadesinden hemen sonra ve ba\u015fvuru isminin \u00f6n\u00fcnde yer al\u0131r. Yaz\u0131\u015fmalarda&#46;&#46;&#46;","protected":false},"author":1,"featured_media":223453,"parent":222231,"menu_order":0,"comment_status":"closed","ping_status":"closed","template":"","meta":{"footnotes":""},"categories":[],"tags":[],"class_list":["post-223452","page","type-page","status-publish","has-post-thumbnail","hentry"],"_links":{"self":[{"href":"https:\/\/europeancourt.org\/tr\/wp-json\/wp\/v2\/pages\/223452","targetHints":{"allow":["GET"]}}],"collection":[{"href":"https:\/\/europeancourt.org\/tr\/wp-json\/wp\/v2\/pages"}],"about":[{"href":"https:\/\/europeancourt.org\/tr\/wp-json\/wp\/v2\/types\/page"}],"author":[{"embeddable":true,"href":"https:\/\/europeancourt.org\/tr\/wp-json\/wp\/v2\/users\/1"}],"replies":[{"embeddable":true,"href":"https:\/\/europeancourt.org\/tr\/wp-json\/wp\/v2\/comments?post=223452"}],"version-history":[{"count":4,"href":"https:\/\/europeancourt.org\/tr\/wp-json\/wp\/v2\/pages\/223452\/revisions"}],"predecessor-version":[{"id":223564,"href":"https:\/\/europeancourt.org\/tr\/wp-json\/wp\/v2\/pages\/223452\/revisions\/223564"}],"up":[{"embeddable":true,"href":"https:\/\/europeancourt.org\/tr\/wp-json\/wp\/v2\/pages\/222231"}],"wp:featuredmedia":[{"embeddable":true,"href":"https:\/\/europeancourt.org\/tr\/wp-json\/wp\/v2\/media\/223453"}],"wp:attachment":[{"href":"https:\/\/europeancourt.org\/tr\/wp-json\/wp\/v2\/media?parent=223452"}],"wp:term":[{"taxonomy":"category","embeddable":true,"href":"https:\/\/europeancourt.org\/tr\/wp-json\/wp\/v2\/categories?post=223452"},{"taxonomy":"post_tag","embeddable":true,"href":"https:\/\/europeancourt.org\/tr\/wp-json\/wp\/v2\/tags?post=223452"}],"curies":[{"name":"wp","href":"https:\/\/api.w.org\/{rel}","templated":true}]}}