{"id":225493,"date":"2026-04-26T18:55:06","date_gmt":"2026-04-26T16:55:06","guid":{"rendered":"https:\/\/europeancourt.org\/hizmetler\/aihm\/a%c4%b0hme-ba%c5%9fvurular%c4%b1n-haz%c4%b1rlanmas%c4%b1\/"},"modified":"2026-04-26T18:58:07","modified_gmt":"2026-04-26T16:58:07","slug":"a%c4%b0hme-ba%c5%9fvurular%c4%b1n-haz%c4%b1rlanmas%c4%b1","status":"publish","type":"page","link":"https:\/\/europeancourt.org\/tr\/hizmetler\/aihm\/a%c4%b0hme-ba%c5%9fvurular%c4%b1n-haz%c4%b1rlanmas%c4%b1\/","title":{"rendered":"A\u0130HM\u2019e ba\u015fvurular\u0131n haz\u0131rlanmas\u0131"},"content":{"rendered":"<div id=\"ec-preparation-page\" class=\"ec-service-page ec-service-preparation\" data-service=\"preparation\"\n  data-ec-service-page-id=\"225493\"\n  data-ec-service-form-id=\"225494\"\n  data-ec-service-lang=\"tr\"\n  data-ec-service-docs-message=\"Belgeleri y\u00fckleyin veya herhangi bir bulut depolama alan\u0131ndaki belgelerin ba\u011flant\u0131s\u0131n\u0131 yap\u0131\u015ft\u0131r\u0131n.\"\n  data-ec-service-email-message=\"L\u00fctfen bu alan\u0131 doldurun.\"\n  data-ec-service-load-error=\"Hata.\">\n<div class=\"ec-service-screen ec-service-screen-1\">\n<div class=\"mywpcf7cf myshow myhide\">A\u0130HM ba\u015fvurusunun haz\u0131rlanmas\u0131 hizmetinin \u00fccreti, bu \u00e7al\u0131\u015fma i\u00e7in gereken s\u00fcreye ba\u011fl\u0131d\u0131r. \u00dccret aral\u0131\u011f\u0131 \u00e7ok geni\u015ftir: \u00e7al\u0131\u015fma iki-\u00fc\u00e7 saatle s\u0131n\u0131rl\u0131 kald\u0131\u011f\u0131nda birka\u00e7 y\u00fcz avrodan, onlarca saat gerekti\u011finde 10 bin avroya, hatta daha fazlas\u0131na kadar \u00e7\u0131kabilir. Bu s\u00fcre, belgelerin incelenmesi, kilit olgular\u0131n se\u00e7ilmesi, her olas\u0131 \u015fik\u00e2yet bak\u0131m\u0131ndan esasa ve kabul edilebilirli\u011fe ili\u015fkin g\u00fcncel A\u0130HM i\u00e7tihad\u0131n\u0131n bulunup analiz edilmesi, bu temelde \u015fik\u00e2yetlerin form\u00fcle edilmesi, her ihlal iddias\u0131n\u0131n ve her \u015fik\u00e2yet bak\u0131m\u0131ndan kabul edilebilirlik \u015fartlar\u0131na uyuldu\u011funun gerek\u00e7elendirilmesi ve b\u00fct\u00fcn bunlar\u0131n ba\u015fvuru formunda k\u0131sa, anla\u015f\u0131l\u0131r ve \u00e7eli\u015fkisiz bi\u00e7imde anlat\u0131lmas\u0131 i\u00e7in gerekir.<\/div>\n<div class=\"mywpcf7cf myshow myhide\">Sizin durumunuzda ne kadar zaman gerekece\u011fini ve buna ba\u011fl\u0131 olarak ba\u015fvurunun haz\u0131rlanmas\u0131n\u0131n ne kadara mal olaca\u011f\u0131n\u0131 ancak belgeleri g\u00f6rd\u00fckten sonra belirleyebilirim. \u015eik\u00e2yet konusu yapmak istedi\u011finiz t\u00fcm kararlar\u0131, \u015fik\u00e2yet konusu tedbirleri g\u00f6steren di\u011fer belgeleri, bu \u015fik\u00e2yetlerin esas\u0131n\u0131 ileri s\u00fcrd\u00fc\u011f\u00fcn\u00fcz ulusal makamlar nezdinde yapt\u0131\u011f\u0131n\u0131z t\u00fcm ba\u015fvurular\u0131 \u2014 mahkemelere yap\u0131lan ba\u015fvurular d\u00e2hil \u2014 ve bu ba\u015fvurular hakk\u0131nda verilen t\u00fcm kararlar\u0131 sunun. Dava dosyas\u0131ndaki t\u00fcm belgeler zaten elektronik ortamdaysa, hepsini birden g\u00f6ndermeniz daha iyi olur. Fazla belge g\u00f6ndermekten veya bir belgeyi atlamaktan endi\u015fe etmeyin: g\u00f6nderilenleri inceledikten sonra ek belgelere ihtiya\u00e7 duyarsam sizden isterim.<\/div>\n<div class=\"mywpcf7cf myshow myhide\">Gerekli t\u00fcm belge ve bilgileri ald\u0131ktan sonra ba\u015fvuru haz\u0131rlama \u00fccretine ili\u015fkin talebinize genellikle bir hafta i\u00e7inde cevap veririm. A\u0130HM\u2019e ba\u015fvuru s\u00fcresi \u00f6n\u00fcm\u00fczdeki birka\u00e7 g\u00fcn i\u00e7inde doluyorsa, bana yaz\u0131p talebinizi acil olarak inceleyip inceleyemeyece\u011fimi sorun. Bu e-postaya 24 saat i\u00e7inde cevap vermeyi taahh\u00fct ederim. Acil inceleme yapabilece\u011fimi teyit edersem ve gerekli belge ve bilgileri hemen sunarsan\u0131z, talebinizle ilgili de\u011ferlendirmemi sonraki 48 saat i\u00e7inde bildirmeyi taahh\u00fct ederim.<\/div>\n<div class=\"mywpcf7cf myshow myhide\">A\u0130HM\u2019e ba\u015fvurunun hukuken makul bir temele dayand\u0131r\u0131labilece\u011fi kanaatine var\u0131rsam, ileri s\u00fcr\u00fclmesi anlaml\u0131 olan \u015fik\u00e2yetleri dikkate alarak ba\u015fvuruyu haz\u0131rlaman\u0131n kesin \u00fccretini size bildiririm ve hangi \u015fik\u00e2yetleri ileri s\u00fcrmenin anlaml\u0131 olmad\u0131\u011f\u0131n\u0131 \u00e7ok k\u0131saca a\u00e7\u0131klar\u0131m. Ayn\u0131 zamanda ba\u015fvuru haz\u0131rlama hizmetine ili\u015fkin s\u00f6zle\u015fmeyi g\u00f6nderirim. \u00d6deme, \u0130svi\u00e7re\u2019deki banka hesab\u0131ma banka havalesiyle veya \u00f6demenin yap\u0131ld\u0131\u011f\u0131 \u00fclkeye g\u00f6re ba\u015fka y\u00f6ntemlerle yap\u0131labilir. Ba\u015fvurunun haz\u0131rlanma s\u00fcresi, ba\u015fvurunun A\u0130HM\u2019e s\u00fcresi i\u00e7inde g\u00f6nderilmesine her zaman imk\u00e2n verecek \u015fekilde belirlenir. \u00c7al\u0131\u015fman\u0131n sonunda e-posta yoluyla doldurulmu\u015f ba\u015fvuru formunu, ba\u015fvuru formuna eklenecek \u015fekilde d\u00fczenlenmi\u015f ekleri ve bunlar\u0131n nas\u0131l do\u011fru \u015fekilde \u00e7\u0131kt\u0131s\u0131n\u0131 alaca\u011f\u0131n\u0131z\u0131, imzalayaca\u011f\u0131n\u0131z\u0131 ve A\u0130HM\u2019e g\u00f6nderece\u011finizi a\u00e7\u0131klayan talimatlar\u0131 al\u0131rs\u0131n\u0131z. A\u0130HM\u2019de temsil ve dosyayla ilgili ba\u015fka herhangi bir \u00e7al\u0131\u015fma ba\u015fvuru haz\u0131rlama \u00fccretine d\u00e2hil de\u011fildir. A\u0130HM\u2019e ba\u015fvurunun hukuken makul bir temele dayand\u0131r\u0131lamayaca\u011f\u0131 kanaatine var\u0131rsam, size yaln\u0131zca bunu bildiririm.<\/div>\n<div class=\"mywpcf7cf myshow myhide\">Bu hizmet, a\u015fa\u011f\u0131daki ifadelerden herhangi birine teredd\u00fcts\u00fcz kat\u0131labiliyorsan\u0131z a\u00e7\u0131k\u00e7a size g\u00f6re de\u011fildir:<\/div>\n<ul class=\"myshow myhide ec-service-blocker-list\"><li><label><input type=\"checkbox\" class=\"ec-service-blocker\" \/><span>Elimde zaten doldurulmu\u015f bir ba\u015fvuru formu var; yaln\u0131zca hatalar\u0131n\u0131n kontrol edilmesini istiyorum.<\/span><\/label><\/li>\n<li><label><input type=\"checkbox\" class=\"ec-service-blocker\" \/><span>Dava i\u00e7in gerekli t\u00fcm belgeleri sunmaya haz\u0131r de\u011filim.<\/span><\/label><\/li>\n<li><label><input type=\"checkbox\" class=\"ec-service-blocker\" \/><span>A\u0130HM\u2019e ba\u015fvuru bak\u0131m\u0131ndan hukuken makul bir temele dayand\u0131r\u0131lamayacak \u015fik\u00e2yetlerim hakk\u0131nda bile ayr\u0131nt\u0131l\u0131 a\u00e7\u0131klama almay\u0131 bekliyorum.<\/span><\/label><\/li>\n<li><label><input type=\"checkbox\" class=\"ec-service-blocker\" \/><span>A\u0130HM\u2019e ba\u015fvuru hukuken makul bir temele dayand\u0131r\u0131lamayacak olsa bile ba\u015fvurunun haz\u0131rlanmas\u0131n\u0131 bekliyorum.<\/span><\/label><\/li>\n<li><label><input type=\"checkbox\" class=\"ec-service-blocker\" \/><span>\u015eik\u00e2yetlerimin say\u0131s\u0131 ve elimdeki dava belgelerinin hacmi dikkate al\u0131nd\u0131\u011f\u0131nda, ba\u015fvuruyu haz\u0131rlamak i\u00e7in \u00f6demeye haz\u0131r oldu\u011fum \u00e7al\u0131\u015fma s\u00fcresinden \u00e7ok daha fazla zaman gerekece\u011fi benim i\u00e7in a\u00e7\u0131k.<\/span><\/label><\/li>\n<li><label><input type=\"checkbox\" class=\"ec-service-blocker\" \/><span>A\u0130HM\u2019in t\u00fcm gereklerini kar\u015f\u0131layacak \u015fekilde ba\u015fvuru formunu kendim doldurabilir; dava dosyas\u0131na ve davamda uygulanabilecek g\u00fcncel A\u0130HM i\u00e7tihad\u0131na tam uygun olarak, her ihlal bak\u0131m\u0131ndan kilit olgular\u0131, ihlalleri ve kabul edilebilirlik \u015fartlar\u0131na uyuldu\u011funa dair bilgileri formda a\u00e7\u0131klayabilirim.<\/span><\/label><\/li><\/ul>\n<div class=\"checking-load-wrap ec-service-load-wrap\"><div class=\"checking-load-button-row ec-service-load-button-row\"><button type=\"button\" class=\"mybutton blue ec-service-load-button\" id=\"load_ajax_form\" data-ec-service-load=\"preparation\" data-ec-service-form-id=\"225494\" data-blocked-message=\"Bu ifadelerden herhangi biri i\u015faretliyken devam edemezsiniz. Yanl\u0131\u015fl\u0131kla i\u015faretlediyseniz i\u015fareti kald\u0131r\u0131n.\">Belgeleri g\u00f6nder<\/button><\/div>\n<div id=\"ec-service-load-status\" class=\"checking-load-status ec-service-load-status\" role=\"status\" aria-live=\"polite\"><\/div><\/div>\n<div class=\"mywpcf7cf myshow myhide\"><a class=\"mybutton blue not-in-text-button\" href=\"mailto:oleg.anishchik@europeancourt.org?subject=Ko%C5%9Fullar%C4%B1%20netle%C5%9Ftirmek%20istiyorum\">Ko\u015fullar\u0131 netle\u015ftirmek istiyorum<\/a><\/div>\n<div class=\"mywpcf7cf mywpcf7cf-utility ec-service-utility-row\"><div class=\"mybutton red not-in-text-button is-disabled\" aria-disabled=\"true\">Ba\u015ftan ba\u015fla<\/div><div class=\"mybutton red not-in-text-button\" onclick=\"window.location.href='mailto:oleg.anishchik@europeancourt.org?subject=A%C4%B0HM%E2%80%99e%20ba%C5%9Fvurular%C4%B1n%20haz%C4%B1rlanmas%C4%B1%3A%20hata&amp;body=Hatan%C4%B1n%20tan%C4%B1m%C4%B1%3A';\">Hatay\u0131 bildir<\/div><\/div>\n<\/div>\n<div class=\"ec-service-form-shell\"><div id=\"ajax_content\" class=\"ec-service-ajax-content\" data-loaded=\"0\"><\/div><\/div>\n<\/div>\n<script>\n(function(){\n  if (window.ecServicePageRuntimeReady) return;\n  window.ecServicePageRuntimeReady = true;\n\n  function trim(value) {\n    return String(value || '').replace(\/^\\s+|\\s+$\/g, '');\n  }\n\n  function clearNode(node) {\n    if (!node) return;\n    while (node.firstChild) node.removeChild(node.firstChild);\n  }\n\n  function renderStatus(node, message) {\n    if (!node) return;\n    clearNode(node);\n    if (!message) return;\n    var tip = document.createElement('span');\n    tip.className = 'wpcf7-not-valid-tip';\n    tip.textContent = message;\n    node.appendChild(tip);\n  }\n\n  function ajaxUrl() {\n    if (window.wpcf7cf_global_settings && window.wpcf7cf_global_settings.ajaxurl) {\n      return window.wpcf7cf_global_settings.ajaxurl;\n    }\n    if (window.ajaxurl) return window.ajaxurl;\n    return '\/wp-admin\/admin-ajax.php';\n  }\n\n  function pageRoot(node) {\n    return node && node.closest ? node.closest('.ec-service-page') : null;\n  }\n\n  function loadStatus(root) {\n    return root ? root.querySelector('.ec-service-load-status') : null;\n  }\n\n  function submitStatus(root) {\n    if (!root) return null;\n    var submit = root.querySelector('#ajax_content .wpcf7-submit');\n    if (!submit) return null;\n    var node = root.querySelector('#ajax_content .ec-service-submit-status');\n    if (!node) {\n      node = document.createElement('div');\n      node.className = 'ec-service-submit-status';\n      node.setAttribute('role', 'status');\n      node.setAttribute('aria-live', 'polite');\n      submit.insertAdjacentElement('afterend', node);\n    }\n    return node;\n  }\n\n  function isLoaded(root) {\n    var target = root && root.querySelector('#ajax_content');\n    return !!(target && target.getAttribute('data-loaded') === '1');\n  }\n\n  function syncBlockers(root) {\n    if (!root || isLoaded(root)) return;\n    var button = root.querySelector('[data-ec-service-load]');\n    if (!button || button.getAttribute('aria-busy') === 'true') return;\n    var blocked = !!root.querySelector('.ec-service-blocker:checked');\n    button.disabled = false;\n    button.setAttribute('data-soft-disabled', blocked ? '1' : '0');\n    button.classList.toggle('is-soft-disabled', blocked);\n    if (!blocked) renderStatus(loadStatus(root), '');\n  }\n\n  function scrollToNode(node) {\n    if (!node || !node.getBoundingClientRect) return;\n    var offset = 50;\n    var adminBar = document.getElementById('wpadminbar');\n    if (adminBar && window.getComputedStyle(adminBar).position === 'fixed') {\n      offset += adminBar.offsetHeight || 0;\n    }\n    var top = node.getBoundingClientRect().top + window.pageYOffset - offset;\n    window.scrollTo({ top: Math.max(top, 0), behavior: 'smooth' });\n  }\n\n  function initCf7(target) {\n    if (!target) return;\n    var form = target.querySelector('.wpcf7-form');\n    if (!form) return;\n    if (window.wpcf7 && typeof window.wpcf7.init === 'function') {\n      try { window.wpcf7.init(form); } catch (error) {}\n    }\n    if (window.jQuery && window.wpcf7cf && typeof window.wpcf7cf.initForm === 'function') {\n      try { window.wpcf7cf.initForm(window.jQuery(form)); } catch (error) {}\n    }\n  }\n\n  function hasFiles(root) {\n    var input = root && root.querySelector('#ajax_content input[name=\"multifile-applicationformfiles[]\"]');\n    return !!(input && input.files && input.files.length);\n  }\n\n  function hasDocsLink(root) {\n    var input = root && root.querySelector('#ajax_content input[name=\"url-documents-link\"]');\n    if (!input) return false;\n    var value = trim(input.value);\n    if (!value) return false;\n    if (typeof input.checkValidity === 'function') return input.checkValidity();\n    return true;\n  }\n\n  function emailOk(root) {\n    var input = root && root.querySelector('#ajax_content input[name=\"your-email\"]');\n    if (!input) return true;\n    var value = trim(input.value);\n    if (!value) return false;\n    if (typeof input.checkValidity === 'function') return input.checkValidity();\n    return \/^[^\\s@]+@[^\\s@]+\\.[^\\s@]+$\/.test(value);\n  }\n\n  function markAttention(root, on) {\n    ['input[name=\"multifile-applicationformfiles[]\"]', 'input[name=\"url-documents-link\"]', 'input[name=\"your-email\"]'].forEach(function(selector) {\n      var node = root && root.querySelector('#ajax_content ' + selector);\n      if (!node) return;\n      node.classList.toggle('ec-service-needs-attention', !!on);\n      if (on) node.setAttribute('aria-invalid', 'true');\n      else node.removeAttribute('aria-invalid');\n    });\n  }\n\n  function formReady(root) {\n    return (hasFiles(root) || hasDocsLink(root)) && emailOk(root);\n  }\n\n  function syncSubmit(root) {\n    if (!root) return;\n    var submit = root.querySelector('#ajax_content .wpcf7-submit');\n    if (!submit) return;\n    var ready = formReady(root);\n    submit.disabled = false;\n    submit.setAttribute('data-soft-disabled', ready ? '0' : '1');\n    submit.classList.toggle('is-soft-disabled', !ready);\n    if (ready) {\n      renderStatus(submitStatus(root), '');\n      markAttention(root, false);\n    }\n  }\n\n  function missingMessage(root) {\n    if (!(hasFiles(root) || hasDocsLink(root))) {\n      return root.getAttribute('data-ec-service-docs-message') || '';\n    }\n    if (!emailOk(root)) {\n      return root.getAttribute('data-ec-service-email-message') || '';\n    }\n    return '';\n  }\n\n  function blockSubmit(event, root) {\n    if (formReady(root)) return false;\n    event.preventDefault();\n    event.stopPropagation();\n    if (event.stopImmediatePropagation) event.stopImmediatePropagation();\n    markAttention(root, true);\n    renderStatus(submitStatus(root), missingMessage(root));\n    return true;\n  }\n\n  function setupLoadedForm(root) {\n    syncSubmit(root);\n  }\n\n  function loadForm(root, button) {\n    if (!root || !button || root.__ecServiceLoading) return;\n    var target = root.querySelector('#ajax_content');\n    if (!target) return;\n    var formId = root.getAttribute('data-ec-service-form-id') || button.getAttribute('data-ec-service-form-id') || '';\n    var pageId = root.getAttribute('data-ec-service-page-id') || '';\n    var service = root.getAttribute('data-service') || button.getAttribute('data-ec-service-load') || '';\n    var lang = root.getAttribute('data-ec-service-lang') || '';\n    if (!formId || !pageId || !service) {\n      renderStatus(loadStatus(root), root.getAttribute('data-ec-service-load-error') || '');\n      return;\n    }\n    root.__ecServiceLoading = true;\n    root.classList.add('is-form-loading');\n    button.setAttribute('aria-busy', 'true');\n    renderStatus(loadStatus(root), '');\n    var body = new URLSearchParams();\n    body.set('action', 'load_form_ec_service');\n    body.set('service', service);\n    body.set('page_id', pageId);\n    body.set('form_id', formId);\n    body.set('lang', lang);\n    window.fetch(ajaxUrl(), {\n      method: 'POST',\n      credentials: 'same-origin',\n      headers: {'Content-Type': 'application\/x-www-form-urlencoded; charset=UTF-8'},\n      body: body.toString()\n    }).then(function(response) {\n      if (!response.ok) throw new Error('ajax_' + response.status);\n      return response.text();\n    }).then(function(html) {\n      if (!trim(html)) throw new Error('empty_response');\n      target.innerHTML = html;\n      target.setAttribute('data-loaded', '1');\n      root.classList.add('is-form-open');\n      initCf7(target);\n      setupLoadedForm(root);\n      scrollToNode(target);\n    }).catch(function() {\n      renderStatus(loadStatus(root), root.getAttribute('data-ec-service-load-error') || '');\n    }).then(function() {\n      root.__ecServiceLoading = false;\n      root.classList.remove('is-form-loading');\n      button.removeAttribute('aria-busy');\n      syncBlockers(root);\n    });\n  }\n\n  window.ecServiceStartOver = function(event) {\n    var root = pageRoot(event && event.target);\n    if (!root) return;\n    if (event) {\n      event.preventDefault();\n      event.stopPropagation();\n    }\n    var target = root.querySelector('#ajax_content');\n    if (target) {\n      target.innerHTML = '';\n      target.setAttribute('data-loaded', '0');\n    }\n    root.querySelectorAll('.ec-service-blocker').forEach(function(node) { node.checked = false; });\n    root.classList.remove('is-form-open', 'is-form-loading');\n    renderStatus(loadStatus(root), '');\n    syncBlockers(root);\n    scrollToNode(root);\n  };\n\n  document.addEventListener('click', function(event) {\n    var button = event.target && event.target.closest ? event.target.closest('[data-ec-service-load]') : null;\n    if (!button) return;\n    var root = pageRoot(button);\n    if (!root) return;\n    event.preventDefault();\n    event.stopPropagation();\n    if (event.stopImmediatePropagation) event.stopImmediatePropagation();\n    if (root.querySelector('.ec-service-blocker:checked')) {\n      renderStatus(loadStatus(root), button.getAttribute('data-blocked-message') || '');\n      syncBlockers(root);\n      return;\n    }\n    loadForm(root, button);\n  }, true);\n\n  document.addEventListener('click', function(event) {\n    var submit = event.target && event.target.closest ? event.target.closest('.ec-service-page #ajax_content .wpcf7-submit') : null;\n    if (!submit) return;\n    blockSubmit(event, pageRoot(submit));\n  }, true);\n\n  document.addEventListener('submit', function(event) {\n    var form = event.target;\n    if (!form || !form.closest) return;\n    var root = form.closest('.ec-service-page');\n    if (root) blockSubmit(event, root);\n  }, true);\n\n  document.addEventListener('change', function(event) {\n    var root = pageRoot(event.target);\n    if (!root) return;\n    if (event.target.matches('.ec-service-blocker')) syncBlockers(root);\n    syncSubmit(root);\n  }, true);\n\n  document.addEventListener('input', function(event) {\n    var root = pageRoot(event.target);\n    if (root) syncSubmit(root);\n  }, true);\n\n  document.querySelectorAll('.ec-service-page').forEach(syncBlockers);\n})();\n<\/script>","protected":false},"excerpt":{"rendered":"A\u0130HM ba\u015fvurusunun haz\u0131rlanmas\u0131 hizmetinin \u00fccreti, bu \u00e7al\u0131\u015fma i\u00e7in gereken s\u00fcreye ba\u011fl\u0131d\u0131r. \u00dccret aral\u0131\u011f\u0131 \u00e7ok geni\u015ftir: \u00e7al\u0131\u015fma iki-\u00fc\u00e7 saatle s\u0131n\u0131rl\u0131 kald\u0131\u011f\u0131nda birka\u00e7 y\u00fcz avrodan, onlarca saat gerekti\u011finde 10 bin avroya, hatta daha fazlas\u0131na kadar \u00e7\u0131kabilir.&#46;&#46;&#46;","protected":false},"author":0,"featured_media":0,"parent":222231,"menu_order":0,"comment_status":"closed","ping_status":"closed","template":"","meta":{"footnotes":""},"categories":[],"tags":[],"class_list":["post-225493","page","type-page","status-publish","hentry"],"_links":{"self":[{"href":"https:\/\/europeancourt.org\/tr\/wp-json\/wp\/v2\/pages\/225493","targetHints":{"allow":["GET"]}}],"collection":[{"href":"https:\/\/europeancourt.org\/tr\/wp-json\/wp\/v2\/pages"}],"about":[{"href":"https:\/\/europeancourt.org\/tr\/wp-json\/wp\/v2\/types\/page"}],"replies":[{"embeddable":true,"href":"https:\/\/europeancourt.org\/tr\/wp-json\/wp\/v2\/comments?post=225493"}],"version-history":[{"count":2,"href":"https:\/\/europeancourt.org\/tr\/wp-json\/wp\/v2\/pages\/225493\/revisions"}],"predecessor-version":[{"id":225811,"href":"https:\/\/europeancourt.org\/tr\/wp-json\/wp\/v2\/pages\/225493\/revisions\/225811"}],"up":[{"embeddable":true,"href":"https:\/\/europeancourt.org\/tr\/wp-json\/wp\/v2\/pages\/222231"}],"wp:attachment":[{"href":"https:\/\/europeancourt.org\/tr\/wp-json\/wp\/v2\/media?parent=225493"}],"wp:term":[{"taxonomy":"category","embeddable":true,"href":"https:\/\/europeancourt.org\/tr\/wp-json\/wp\/v2\/categories?post=225493"},{"taxonomy":"post_tag","embeddable":true,"href":"https:\/\/europeancourt.org\/tr\/wp-json\/wp\/v2\/tags?post=225493"}],"curies":[{"name":"wp","href":"https:\/\/api.w.org\/{rel}","templated":true}]}}