{"id":225499,"date":"2026-04-26T14:48:59","date_gmt":"2026-04-26T12:48:59","guid":{"rendered":"https:\/\/europeancourt.org\/hukuki-dan%c4%b1%c5%9fmanl%c4%b1k-ve-irtibatlar\/"},"modified":"2026-04-27T14:31:20","modified_gmt":"2026-04-27T12:31:20","slug":"hukuki-dan%c4%b1%c5%9fmanl%c4%b1k-ve-irtibatlar","status":"publish","type":"page","link":"https:\/\/europeancourt.org\/tr\/hukuki-dan%c4%b1%c5%9fmanl%c4%b1k-ve-irtibatlar\/","title":{"rendered":"Hukuki dan\u0131\u015fmanl\u0131k ve irtibatlar"},"content":{"rendered":"<div class=\"mywpcf7cf myshow myhide\">\u015euna ihtiyac\u0131m var:<\/div>\n\n<div class=\"myshow myhide\"><span class=\"wpcf7-radio\"><span class=\"wpcf7-list-item\"><label><span class=\"wpcf7-list-item-label\">A\u0130HM\u2019e ba\u015fvuru haz\u0131rlamak<\/span><\/label><\/span><\/span><\/div>\n\n<div class=\"myshow myhide\"><span class=\"wpcf7-radio\"><span class=\"wpcf7-list-item\"><label><span class=\"wpcf7-list-item-label\">A\u0130HM\u2019e g\u00f6ndermeden \u00f6nce ba\u015fvuru formunu hatalar a\u00e7\u0131s\u0131ndan kontrol ettirmek<\/span><\/label><\/span><\/span><\/div>\n\n<div class=\"myshow myhide\"><span class=\"wpcf7-radio\"><span class=\"wpcf7-list-item\"><label><span class=\"wpcf7-list-item-label\">ba\u015fvurunun ilgili H\u00fck\u00fcmete bildirilmesinden sonra A\u0130HM\u2019de ba\u015fvurucunun temsil edilmesi<\/span><\/label><\/span><\/span><\/div>\n\n<div class=\"myshow myhide\"><span class=\"wpcf7-radio\"><span class=\"wpcf7-list-item\"><label><span class=\"wpcf7-list-item-label\">A\u0130HM ba\u015fvurusunun ak\u0131betini \u00f6\u011frenmek<\/span><\/label><\/span><\/span><\/div>\n\n<div class=\"myshow myhide\"><span class=\"wpcf7-radio\"><span class=\"wpcf7-list-item\"><label><span class=\"wpcf7-list-item-label\">A\u0130HM ba\u015fvuru formunu indirmek<\/span><\/label><\/span><\/span><\/div>\n\n<div class=\"myshow myhide\"><span class=\"wpcf7-radio\"><span class=\"wpcf7-list-item\"><label><span class=\"wpcf7-list-item-label\">yaz\u0131l\u0131 dan\u0131\u015fmanl\u0131k talep etmek<\/span><\/label><\/span><\/span><\/div>\n\n<div class=\"myshow myhide\"><span class=\"wpcf7-radio\"><span class=\"wpcf7-list-item\"><label><span class=\"wpcf7-list-item-label\">ileti\u015fim bilgilerini g\u00f6rmek<\/span><\/label><\/span><\/span><\/div>\n<div id=\"ajax_content\"><\/div>","protected":false},"excerpt":{"rendered":"\u015euna ihtiyac\u0131m var: A\u0130HM\u2019e ba\u015fvuru haz\u0131rlamak A\u0130HM\u2019e g\u00f6ndermeden \u00f6nce ba\u015fvuru formunu hatalar a\u00e7\u0131s\u0131ndan kontrol ettirmek ba\u015fvurunun ilgili H\u00fck\u00fcmete bildirilmesinden sonra A\u0130HM\u2019de ba\u015fvurucunun temsil edilmesi A\u0130HM ba\u015fvurusunun ak\u0131betini \u00f6\u011frenmek A\u0130HM ba\u015fvuru formunu indirmek yaz\u0131l\u0131 dan\u0131\u015fmanl\u0131k&#46;&#46;&#46;","protected":false},"author":0,"featured_media":0,"parent":0,"menu_order":0,"comment_status":"closed","ping_status":"closed","template":"","meta":{"footnotes":""},"categories":[],"tags":[],"class_list":["post-225499","page","type-page","status-publish","hentry"],"_links":{"self":[{"href":"https:\/\/europeancourt.org\/tr\/wp-json\/wp\/v2\/pages\/225499","targetHints":{"allow":["GET"]}}],"collection":[{"href":"https:\/\/europeancourt.org\/tr\/wp-json\/wp\/v2\/pages"}],"about":[{"href":"https:\/\/europeancourt.org\/tr\/wp-json\/wp\/v2\/types\/page"}],"replies":[{"embeddable":true,"href":"https:\/\/europeancourt.org\/tr\/wp-json\/wp\/v2\/comments?post=225499"}],"version-history":[{"count":1,"href":"https:\/\/europeancourt.org\/tr\/wp-json\/wp\/v2\/pages\/225499\/revisions"}],"predecessor-version":[{"id":225662,"href":"https:\/\/europeancourt.org\/tr\/wp-json\/wp\/v2\/pages\/225499\/revisions\/225662"}],"wp:attachment":[{"href":"https:\/\/europeancourt.org\/tr\/wp-json\/wp\/v2\/media?parent=225499"}],"wp:term":[{"taxonomy":"category","embeddable":true,"href":"https:\/\/europeancourt.org\/tr\/wp-json\/wp\/v2\/categories?post=225499"},{"taxonomy":"post_tag","embeddable":true,"href":"https:\/\/europeancourt.org\/tr\/wp-json\/wp\/v2\/tags?post=225499"}],"curies":[{"name":"wp","href":"https:\/\/api.w.org\/{rel}","templated":true}]}}